{"id":21956,"date":"2024-04-18T21:18:28","date_gmt":"2024-04-18T18:18:28","guid":{"rendered":"https:\/\/zooprekes24.lt\/produktas\/churu-pops-tuna-chicken-skanestai-katems\/"},"modified":"2026-03-02T14:06:23","modified_gmt":"2026-03-02T12:06:23","slug":"churu-pops-tuna-chicken-skanestai-katems","status":"publish","type":"product","link":"https:\/\/zooprekes24.lt\/lv\/produktas\/churu-pops-tuna-chicken-skanestai-katems\/","title":{"rendered":"Churu Pops Tuna Chicken gardumi ka\u0137iem 60 g"},"content":{"rendered":"<h3>Churu Pops Tuna Chicken na\u0161\u0137i satur daudz mitruma, kas ir \u013coti svar\u012bgs ka\u0137u vesel\u012bbai. \u0160ie bieze\u0146i nesatur graudus, konservantus un m\u0101ksl\u012bg\u0101s kr\u0101svielas.<\/h3>\n<ul>\n<li>Maz kaloriju.<\/li>\n<li>Sul\u012bga konsistence un pikanta gar\u0161a.<\/li>\n<li><a href=\"https:\/\/zooprekes24.lt\/lv\/kategorija\/prekes-katems\/ciema-partika\/bezbruna-partika\/\" target=\"_blank\" rel=\"noopener\">Bez graudaugiem<\/a>, konservantiem un m\u0101ksl\u012bg\u0101m kr\u0101sviel\u0101m.<\/li>\n<li>Interakt\u012bvs veids, k\u0101 pavad\u012bt laiku kop\u0101 ar m\u0101jdz\u012bvnieku.<\/li>\n<li>Izgatavots no 100% savva\u013cas tun\u010da un saimniec\u012bb\u0101 audz\u0113tas vistas ga\u013cas.<\/li>\n<li><a href=\"https:\/\/www.inabafoods.com\" target=\"_blank\" rel=\"noopener\">k\u0101rumos ir daudz mitruma, kas ir b\u016btisks ka\u0137u vesel\u012bbai un labsaj\u016btai.<\/a>.<\/li>\n<\/ul>","protected":false},"excerpt":{"rendered":"<p>Churu Pops Tuna Chicken skan\u0117stuose yra daug dr\u0117gm\u0117s, kuri yra b\u016btina gerai ka\u010di\u0173 sveikatai. Taip pat \u0161i\u0173 tyreli\u0173 sud\u0117tyje n\u0117ra gr\u016bd\u0173, konservant\u0173 ir dirbtini\u0173 da\u017eikli\u0173. Ma\u017eai kalorij\u0173. Sultinga tekst\u016bra ir pikanti\u0161kas skonis. Be gr\u016bd\u0173, konservant\u0173 ir dirbtini\u0173 da\u017eikli\u0173. Interaktyvus b\u016bdas praleisti laik\u0105 kartu su augintiniu. Pagaminta i\u0161 100% laukinio tuno ir \u016bkyje u\u017eaugintos vi\u0161tienos. Skan\u0117st\u0173&#8230;<\/p>","protected":false},"featured_media":18565,"comment_status":"closed","ping_status":"closed","template":"","meta":{"_acf_changed":false,"slim_seo":{"title":"Churu Pops Tuna Chicken skan\u0117stai kat\u0117ms 60 g - Zooprekes24","description":"Churu Pops Tuna Chicken skan\u0117stuose yra daug dr\u0117gm\u0117s, kuri yra b\u016btina gerai ka\u010di\u0173 sveikatai. Taip pat \u0161i\u0173 tyreli\u0173 sud\u0117tyje n\u0117ra gr\u016bd\u0173, konservant\u0173 ir dirbtini\u0173"},"iawp_total_views":78},"product_brand":[],"product_cat":[9027,9239,72,83,25,9018],"product_tag":[2008,2032],"class_list":{"0":"post-21956","1":"product","2":"type-product","3":"status-publish","4":"has-post-thumbnail","6":"product_cat-begrudis-maistas-kaciu-maistas","7":"product_cat-churu-katems","8":"product_cat-kaciu-maistas","9":"product_cat-kaciu-prekiu-gamintojai","10":"product_cat-katems","11":"product_cat-skanestai","12":"product_tag-kaciu-skanestai","13":"product_tag-skystas-kaciu-skanestas","14":"pa_pasaro-sudetis-tunas","15":"pa_pasaro-sudetis-vistiena","16":"pa_pasaro-sudetis-zuvis","17":"pa_prekiu-zenklai-churu","19":"first","20":"instock","21":"taxable","22":"shipping-taxable","23":"purchasable","24":"product-type-simple"},"acf":[],"_links":{"self":[{"href":"https:\/\/zooprekes24.lt\/lv\/wp-json\/wp\/v2\/product\/21956","targetHints":{"allow":["GET"]}}],"collection":[{"href":"https:\/\/zooprekes24.lt\/lv\/wp-json\/wp\/v2\/product"}],"about":[{"href":"https:\/\/zooprekes24.lt\/lv\/wp-json\/wp\/v2\/types\/product"}],"replies":[{"embeddable":true,"href":"https:\/\/zooprekes24.lt\/lv\/wp-json\/wp\/v2\/comments?post=21956"}],"wp:featuredmedia":[{"embeddable":true,"href":"https:\/\/zooprekes24.lt\/lv\/wp-json\/wp\/v2\/media\/18565"}],"wp:attachment":[{"href":"https:\/\/zooprekes24.lt\/lv\/wp-json\/wp\/v2\/media?parent=21956"}],"wp:term":[{"taxonomy":"product_brand","embeddable":true,"href":"https:\/\/zooprekes24.lt\/lv\/wp-json\/wp\/v2\/product_brand?post=21956"},{"taxonomy":"product_cat","embeddable":true,"href":"https:\/\/zooprekes24.lt\/lv\/wp-json\/wp\/v2\/product_cat?post=21956"},{"taxonomy":"product_tag","embeddable":true,"href":"https:\/\/zooprekes24.lt\/lv\/wp-json\/wp\/v2\/product_tag?post=21956"}],"curies":[{"name":"wp","href":"https:\/\/api.w.org\/{rel}","templated":true}]}}