{"id":21951,"date":"2024-04-18T21:18:28","date_gmt":"2024-04-18T18:18:28","guid":{"rendered":"https:\/\/zooprekes24.lt\/produktas\/brit-care-urinary-skanestai-katems-50g\/"},"modified":"2024-06-28T12:14:10","modified_gmt":"2024-06-28T09:14:10","slug":"brit-care-urina-skenesanas-lidzekli-kakiem-50g","status":"publish","type":"product","link":"https:\/\/zooprekes24.lt\/lv\/produktas\/brit-care-urinary-skanestai-katems-50g\/","title":{"rendered":"Brit Care Ur\u012bniskie na\u0161\u0137i steriliz\u0113tiem ka\u0137iem 50 g"},"content":{"rendered":"<h3>Brit Care Urinary ka\u0137u na\u0161\u0137i, kas bag\u0101tin\u0101ti ar dz\u0113rven\u0113m un rozmar\u012bnu.<\/h3>\n<ul>\n<li><a href=\"https:\/\/www.eumadesnacks.eu\/en\/\" target=\"_blank\" rel=\"noopener\">Nesatur kvie\u0161us, lipekli, \u0122MO un cukuru.<\/a><\/li>\n<li>Lieliski piem\u0113rots k\u0101 balva vai gar\u0161\u012bga uzkoda.<\/li>\n<li>Funkcion\u0101lie gardumi bez graudaugiem aizsarg\u0101 ka\u0137a ur\u012bnce\u013cus.<\/li>\n<li>\u012apa\u0161i gar\u0161\u012bgais arom\u0101ts un gar\u0161a apmierin\u0101s pat vispras\u012bg\u0101ko gar\u0161as k\u0101rpi\u0146u. <a href=\"https:\/\/zooprekes24.lt\/lv\/kategorija\/prekes-katems\/\" target=\"_blank\" rel=\"noopener\">ka\u0137iem<\/a> gard\u0113\u017eiem.<\/li>\n<\/ul>","protected":false},"excerpt":{"rendered":"<p>Brit Care Urinary skan\u0117stai kat\u0117ms,\u00a0praturtinti spanguol\u0117mis ir rozmarinu. Be kvie\u010di\u0173, glitimo, GMO ir cukraus. Tobulai tinka\u00a0atlygiui arba skaniai u\u017ek\u0105sti. Funkciniai begr\u016bd\u017eiai skan\u0117stai apsaugo kat\u0117s \u0161lapimo takus. Ypatingai gardus kvapas ir skonis \u012ftiks net i\u0161rankiausioms kat\u0117ms gurman\u0117ms.<\/p>","protected":false},"featured_media":27578,"comment_status":"closed","ping_status":"closed","template":"","meta":{"_acf_changed":false,"slim_seo":{"title":"Brit Care Urinary skan\u0117stai sterelizuotoms kat\u0117ms\u00a050 g - Zooprekes24","description":"Brit Care Urinary ka\u0137u na\u0161\u0137i, kas bag\u0101tin\u0101ti ar dz\u0113rven\u0113m un rozmar\u012bnu. Nesatur kvie\u0161us, lipekli, \u0122MO un cukuru. Ide\u0101li piem\u0113rotas k\u0101 balva vai gar\u0161\u012bga uzkoda. Jautri"},"iawp_total_views":91},"product_brand":[],"product_cat":[9027,9047,72,83,25,9018],"product_tag":[2230,2008,2023],"class_list":{"0":"post-21951","1":"product","2":"type-product","3":"status-publish","4":"has-post-thumbnail","6":"product_cat-begrudis-maistas-kaciu-maistas","7":"product_cat-brit-care-kaciu-prekiu-gamintojai","8":"product_cat-kaciu-maistas","9":"product_cat-kaciu-prekiu-gamintojai","10":"product_cat-katems","11":"product_cat-skanestai","12":"product_tag-brit-care-skanestai-sterelizuotai-katei","13":"product_tag-kaciu-skanestai","14":"product_tag-traskus-skanestai-katems","15":"pa_pasaro-sudetis-darzoves","16":"pa_pasaro-sudetis-kalakutiena","17":"pa_pasaro-sudetis-uogos","18":"pa_prekiu-zenklai-brit-care","20":"first","21":"instock","22":"taxable","23":"shipping-taxable","24":"purchasable","25":"product-type-simple"},"acf":[],"_links":{"self":[{"href":"https:\/\/zooprekes24.lt\/lv\/wp-json\/wp\/v2\/product\/21951","targetHints":{"allow":["GET"]}}],"collection":[{"href":"https:\/\/zooprekes24.lt\/lv\/wp-json\/wp\/v2\/product"}],"about":[{"href":"https:\/\/zooprekes24.lt\/lv\/wp-json\/wp\/v2\/types\/product"}],"replies":[{"embeddable":true,"href":"https:\/\/zooprekes24.lt\/lv\/wp-json\/wp\/v2\/comments?post=21951"}],"wp:featuredmedia":[{"embeddable":true,"href":"https:\/\/zooprekes24.lt\/lv\/wp-json\/wp\/v2\/media\/27578"}],"wp:attachment":[{"href":"https:\/\/zooprekes24.lt\/lv\/wp-json\/wp\/v2\/media?parent=21951"}],"wp:term":[{"taxonomy":"product_brand","embeddable":true,"href":"https:\/\/zooprekes24.lt\/lv\/wp-json\/wp\/v2\/product_brand?post=21951"},{"taxonomy":"product_cat","embeddable":true,"href":"https:\/\/zooprekes24.lt\/lv\/wp-json\/wp\/v2\/product_cat?post=21951"},{"taxonomy":"product_tag","embeddable":true,"href":"https:\/\/zooprekes24.lt\/lv\/wp-json\/wp\/v2\/product_tag?post=21951"}],"curies":[{"name":"wp","href":"https:\/\/api.w.org\/{rel}","templated":true}]}}