{"id":21949,"date":"2024-04-18T21:18:17","date_gmt":"2024-04-18T18:18:17","guid":{"rendered":"https:\/\/zooprekes24.lt\/produktas\/brit-care-calming-skanestai-katems-50g\/"},"modified":"2026-03-02T14:47:19","modified_gmt":"2026-03-02T12:47:19","slug":"brit-care-nomierinosas-svarinas-kakiem-50g","status":"publish","type":"product","link":"https:\/\/zooprekes24.lt\/lv\/produktas\/brit-care-calming-skanestai-katems-50g\/","title":{"rendered":"Brit Care Nomierino\u0161i k\u0101rumi ka\u0137iem 50 g"},"content":{"rendered":"<h3>Brit Care Nomierino\u0161i k\u0101rumi ka\u0137iem, bag\u0101tin\u0101ti ar ka\u0137um\u0113tru un god\u017ei og\u0101m.<\/h3>\n<ul>\n<li><a href=\"https:\/\/www.eumadesnacks.eu\/en\/\" target=\"_blank\" rel=\"noopener\">Nesatur kvie\u0161us, lipekli, \u0122MO un cukuru.<\/a><\/li>\n<li>Lieliski piem\u0113rots k\u0101 balva vai gar\u0161\u012bga uzkoda.<\/li>\n<li>Funkcion\u0101lie gardumi bez graudaugiem pal\u012bdz uztur\u0113t labu ka\u0137a nervu sist\u0113mu.<\/li>\n<li>\u012apa\u0161i gar\u0161\u012bgais arom\u0101ts un gar\u0161a apmierin\u0101s pat vispras\u012bg\u0101ko gar\u0161as k\u0101rpi\u0146u. <a href=\"https:\/\/zooprekes24.lt\/lv\/kategorija\/prekes-katems\/\" target=\"_blank\" rel=\"noopener\">ka\u0137iem<\/a> gard\u0113\u017eiem.<\/li>\n<\/ul>","protected":false},"excerpt":{"rendered":"<p>Brit Care Calming skan\u0117stai kat\u0117ms,\u00a0praturtinti kat\u017eole ir goji uogomis. Be kvie\u010di\u0173, glitimo, GMO ir cukraus. Tobulai tinka\u00a0atlygiui arba skaniai u\u017ek\u0105sti. Funkciniai begr\u016bd\u017eiai skan\u0117stai padeda palaikyti ger\u0105 kat\u0117s nerv\u0173 sistem\u0105. Ypatingai gardus kvapas ir skonis \u012ftiks net i\u0161rankiausioms kat\u0117ms gurman\u0117ms.<\/p>","protected":false},"featured_media":27577,"comment_status":"closed","ping_status":"closed","template":"","meta":{"_acf_changed":false,"slim_seo":{"title":"Brit Care Calming skan\u0117stai kat\u0117ms\u00a050 g - Zooprekes24","description":"Brit Care Calming skan\u0117stai kat\u0117ms,\u00a0praturtinti kat\u017eole ir goji uogomis. Be kvie\u010di\u0173, glitimo, GMO ir cukraus. Tobulai tinka\u00a0atlygiui arba skaniai u\u017ek\u0105sti. Funkc"},"iawp_total_views":75},"product_brand":[],"product_cat":[9027,9047,72,83,25,9018],"product_tag":[3512,2008,2023],"class_list":{"0":"post-21949","1":"product","2":"type-product","3":"status-publish","4":"has-post-thumbnail","6":"product_cat-begrudis-maistas-kaciu-maistas","7":"product_cat-brit-care-kaciu-prekiu-gamintojai","8":"product_cat-kaciu-maistas","9":"product_cat-kaciu-prekiu-gamintojai","10":"product_cat-katems","11":"product_cat-skanestai","12":"product_tag-brit-care-skanestai-katems-su-katzole","13":"product_tag-kaciu-skanestai","14":"product_tag-traskus-skanestai-katems","15":"pa_pasaro-sudetis-katzole","16":"pa_pasaro-sudetis-vaisiai","17":"pa_pasaro-sudetis-vistiena","18":"pa_prekiu-zenklai-brit-care","20":"first","21":"instock","22":"taxable","23":"shipping-taxable","24":"purchasable","25":"product-type-simple"},"acf":[],"_links":{"self":[{"href":"https:\/\/zooprekes24.lt\/lv\/wp-json\/wp\/v2\/product\/21949","targetHints":{"allow":["GET"]}}],"collection":[{"href":"https:\/\/zooprekes24.lt\/lv\/wp-json\/wp\/v2\/product"}],"about":[{"href":"https:\/\/zooprekes24.lt\/lv\/wp-json\/wp\/v2\/types\/product"}],"replies":[{"embeddable":true,"href":"https:\/\/zooprekes24.lt\/lv\/wp-json\/wp\/v2\/comments?post=21949"}],"wp:featuredmedia":[{"embeddable":true,"href":"https:\/\/zooprekes24.lt\/lv\/wp-json\/wp\/v2\/media\/27577"}],"wp:attachment":[{"href":"https:\/\/zooprekes24.lt\/lv\/wp-json\/wp\/v2\/media?parent=21949"}],"wp:term":[{"taxonomy":"product_brand","embeddable":true,"href":"https:\/\/zooprekes24.lt\/lv\/wp-json\/wp\/v2\/product_brand?post=21949"},{"taxonomy":"product_cat","embeddable":true,"href":"https:\/\/zooprekes24.lt\/lv\/wp-json\/wp\/v2\/product_cat?post=21949"},{"taxonomy":"product_tag","embeddable":true,"href":"https:\/\/zooprekes24.lt\/lv\/wp-json\/wp\/v2\/product_tag?post=21949"}],"curies":[{"name":"wp","href":"https:\/\/api.w.org\/{rel}","templated":true}]}}