{"id":21947,"date":"2024-04-18T21:18:17","date_gmt":"2024-04-18T18:18:17","guid":{"rendered":"https:\/\/zooprekes24.lt\/produktas\/brit-care-superfruits-lamb-skanestai\/"},"modified":"2026-04-01T14:24:23","modified_gmt":"2026-04-01T12:24:23","slug":"brit-care-superfruits-jera-skenesana","status":"publish","type":"product","link":"https:\/\/zooprekes24.lt\/lv\/produktas\/brit-care-superfruits-lamb-skanestai\/","title":{"rendered":"Brit Care Superfruits J\u0113ra ga\u013cas na\u0161\u0137i ka\u0137iem 100 g"},"content":{"rendered":"<h3>Brit Care Superfruits J\u0113ra ga\u013cas na\u0161\u0137i ka\u0137iem ar j\u0113ra ga\u013cas un kokosriekstu gar\u0161u.<\/h3>\n<ul>\n<li>Bez graudaugu formula k\u0101rumiem.<\/li>\n<li><a href=\"https:\/\/www.eumadesnacks.eu\/en\/\" target=\"_blank\" rel=\"noopener\">Nesatur kvie\u0161us, lipekli, \u0122MO un cukuru.<\/a><\/li>\n<li>Lieliski piem\u0113rots k\u0101 balva vai gar\u0161\u012bga uzkoda.<\/li>\n<li>\u012apa\u0161i gar\u0161\u012bgais arom\u0101ts un gar\u0161a apmierin\u0101s pat vispras\u012bg\u0101ko gar\u0161as k\u0101rpi\u0146u. <a href=\"https:\/\/zooprekes24.lt\/lv\/kategorija\/prekes-katems\/\" target=\"_blank\" rel=\"noopener\">ka\u0137iem<\/a> gard\u0113\u017eiem.<\/li>\n<\/ul>","protected":false},"excerpt":{"rendered":"<p>Brit Care Superfruits Lamb skan\u0117stai kat\u0117ms, pagardinti\u00a0\u0117riena ir kokosais. Begr\u016bd\u0117 skan\u0117st\u0173 formul\u0117. Be kvie\u010di\u0173, glitimo, GMO ir cukraus. Tobulai tinka\u00a0atlygiui arba skaniai u\u017ek\u0105sti. Ypatingai gardus kvapas ir skonis \u012ftiks net i\u0161rankiausioms kat\u0117ms gurman\u0117ms.<\/p>","protected":false},"featured_media":27833,"comment_status":"closed","ping_status":"closed","template":"","meta":{"_acf_changed":false,"slim_seo":{"title":"Brit Care Superfruits Lamb skan\u0117stai kat\u0117ms\u00a0100 g - Zooprekes24","description":"Brit Care Superfruits J\u0113ra ga\u013cas na\u0161\u0137i ka\u0137iem ar j\u0113ra ga\u013cas un kokosriekstu gar\u0161u. Bez graudaugiem. Nesatur kvie\u0161us, lipekli, \u0122MO un cukuru. Ide\u0101li piem\u0113rotas apbalvo\u0161anai"},"iawp_total_views":98},"product_brand":[],"product_cat":[9027,9047,72,83,25,9018],"product_tag":[2008,2023],"class_list":{"0":"post-21947","1":"product","2":"type-product","3":"status-publish","4":"has-post-thumbnail","6":"product_cat-begrudis-maistas-kaciu-maistas","7":"product_cat-brit-care-kaciu-prekiu-gamintojai","8":"product_cat-kaciu-maistas","9":"product_cat-kaciu-prekiu-gamintojai","10":"product_cat-katems","11":"product_cat-skanestai","12":"product_tag-kaciu-skanestai","13":"product_tag-traskus-skanestai-katems","14":"pa_pasaro-sudetis-darzoves","15":"pa_pasaro-sudetis-eriena","16":"pa_prekiu-zenklai-brit-care","18":"first","19":"instock","20":"taxable","21":"shipping-taxable","22":"purchasable","23":"product-type-simple"},"acf":[],"_links":{"self":[{"href":"https:\/\/zooprekes24.lt\/lv\/wp-json\/wp\/v2\/product\/21947","targetHints":{"allow":["GET"]}}],"collection":[{"href":"https:\/\/zooprekes24.lt\/lv\/wp-json\/wp\/v2\/product"}],"about":[{"href":"https:\/\/zooprekes24.lt\/lv\/wp-json\/wp\/v2\/types\/product"}],"replies":[{"embeddable":true,"href":"https:\/\/zooprekes24.lt\/lv\/wp-json\/wp\/v2\/comments?post=21947"}],"wp:featuredmedia":[{"embeddable":true,"href":"https:\/\/zooprekes24.lt\/lv\/wp-json\/wp\/v2\/media\/27833"}],"wp:attachment":[{"href":"https:\/\/zooprekes24.lt\/lv\/wp-json\/wp\/v2\/media?parent=21947"}],"wp:term":[{"taxonomy":"product_brand","embeddable":true,"href":"https:\/\/zooprekes24.lt\/lv\/wp-json\/wp\/v2\/product_brand?post=21947"},{"taxonomy":"product_cat","embeddable":true,"href":"https:\/\/zooprekes24.lt\/lv\/wp-json\/wp\/v2\/product_cat?post=21947"},{"taxonomy":"product_tag","embeddable":true,"href":"https:\/\/zooprekes24.lt\/lv\/wp-json\/wp\/v2\/product_tag?post=21947"}],"curies":[{"name":"wp","href":"https:\/\/api.w.org\/{rel}","templated":true}]}}