{"id":21944,"date":"2024-04-18T21:18:17","date_gmt":"2024-04-18T18:18:17","guid":{"rendered":"https:\/\/zooprekes24.lt\/produktas\/anju-beaute-abricot\/"},"modified":"2024-09-10T16:01:24","modified_gmt":"2024-09-10T13:01:24","slug":"anzu-beaute-abricot","status":"publish","type":"product","link":"https:\/\/zooprekes24.lt\/lv\/produktas\/anju-beaute-abricot\/","title":{"rendered":"Anju Beaut\u00e9 Abricot toniz\u0113jo\u0161ais \u0161amp\u016bns 250 ml"},"content":{"rendered":"<h3>Balstoties uz jaun\u0101kajiem sasniegumiem kosmetolo\u0123ij\u0101, Anju Beaut\u00e9 Paris laboratorija ir izstr\u0101d\u0101jusi ekskluz\u012bvu augst\u0101k\u0101s kvalit\u0101tes skaistumkop\u0161anas produktu kl\u0101stu. Anju Beaut\u00e9 Abricot sast\u0101v\u0101 eso\u0161\u0101s sast\u0101vda\u013cas ir augu izcelsmes, videi draudz\u012bgas un dermatolo\u0123iski piem\u0113rotas pat jut\u012bg\u0101kajiem m\u0101jdz\u012bvniekiem.<\/h3>\n<ul>\n<li>Ra\u017eots Francij\u0101 \ud83c\uddeb\ud83c\uddf7<\/li>\n<li><a href=\"https:\/\/www.youtube.com\/watch?v=AD0U3KNTpSA\" target=\"_blank\" rel=\"noopener\">Anju Beaut\u00e9 Abricot<\/a> Pro-vitam\u012bni ne tikai uzlabo matu sp\u012bdumu, bet ar\u012b mitrina m\u0101jdz\u012bvnieka ka\u017eoku.<\/li>\n<li>Sast\u0101v\u0101 eso\u0161ais augu ekstrakts toniz\u0113 un stimul\u0113 dz\u012bvnieka \u0101du un pal\u012bdz regul\u0113t sebuma veido\u0161anos.<\/li>\n<li>Toniz\u0113jo\u0161s kumulat\u012bvais efekts - regul\u0101ri lietojot, ka\u017eoka kr\u0101sas intensit\u0101te saglab\u0101jas ilg\u0101k.<\/li>\n<li>Kr\u0101su izgaismo pela\u0161\u0137u akt\u012bv\u0101s da\u013ci\u0146as, kas iek\u013c\u016bst matos un pal\u012bdz saglab\u0101t kr\u0101sas molekulas mazg\u0101\u0161anas un \u017e\u0101v\u0113\u0161anas laik\u0101.<\/li>\n<li>Profesion\u0101la fran\u010du kosm\u0113tikas l\u012bnija kr\u0113mkr\u0101sas su\u0146u un ka\u0137u ka\u017eok\u0101du kr\u0113mkr\u0101sai da\u017e\u0101dos to\u0146os - no maigi b\u0113\u0161a l\u012bdz tum\u0161am dzintaram.<\/li>\n<li>Real <a href=\"https:\/\/zooprekes24.lt\/lv\/?s=anju+%C5%A1amp%C5%ABnai&amp;post_type=product\" target=\"_blank\" rel=\"noopener\">skaistumkop\u0161anas \u0161amp\u016bns<\/a>Akt\u012bvais auga ekstrakts - pela\u0161\u0137a ekstrakts - izgaismo un atdz\u012bvina kr\u0113mkr\u0101sas, zelta, b\u0113\u0161a, b\u0113\u0161a, apriko\u017eu un dzintara nokr\u0101sas ka\u017eoku, pie\u0161\u0137irot j\u016bsu m\u012blu\u013ca matiem burv\u012bgu sp\u012bdumu.<\/li>\n<\/ul>","protected":false},"excerpt":{"rendered":"<p>Balstoties uz jaun\u0101kajiem sasniegumiem kosmetolo\u0123ij\u0101, Anju Beaut\u00e9 Paris laboratorija ir izstr\u0101d\u0101jusi ekskluz\u012bvu augst\u0101k\u0101s kvalit\u0101tes skaistumkop\u0161anas produktu kl\u0101stu. Anju Beaut\u00e9 Abricot sast\u0101v\u0101 eso\u0161\u0101s sast\u0101vda\u013cas ir augu izcelsmes, videi draudz\u012bgas un dermatolo\u0123iski piem\u0113rotas pat jut\u012bg\u0101kajiem m\u0101jdz\u012bvniekiem. Ra\u017eots Francij\u0101 \ud83c\uddeb\ud83c\uddf7 Anju Beaut\u00e9 Abricot sast\u0101v\u0101 eso\u0161ie provitam\u012bni ne tikai uzlabo matu sp\u012bdumu, bet ar\u012b mitrina m\u0101jdz\u012bvnieka ka\u017eoku. T\u0101 satur...<\/p>","protected":false},"featured_media":18550,"comment_status":"closed","ping_status":"closed","template":"","meta":{"_acf_changed":false,"slim_seo":{"title":"Anju Beaut\u00e9 Abricot tonuojantis \u0161amp\u016bnas 250 ml - Zooprekes24","description":"Balstoties uz jaun\u0101kajiem sasniegumiem kosmetolo\u0123ij\u0101, Anju Beaut\u00e9 Paris laboratorija ir izstr\u0101d\u0101jusi ekskluz\u012bvu augst\u0101k\u0101s kvalit\u0101tes skaistumkop\u0161anas produktu kl\u0101stu."},"iawp_total_views":178},"product_brand":[],"product_cat":[9045,9046,83,25,104,32,9026,9025,8999,31],"product_tag":[3720,1554,3724],"class_list":{"0":"post-21944","1":"product","2":"type-product","3":"status-publish","4":"has-post-thumbnail","6":"product_cat-anju-beaute-katems","7":"product_cat-anju-beaute-sunims","8":"product_cat-kaciu-prekiu-gamintojai","9":"product_cat-katems","10":"product_cat-kitos-kaciu-prekes","11":"product_cat-kitos-sunu-prekes","12":"product_cat-prieziuros-priemones-sunims","13":"product_cat-prieziuros-priemones-katems","14":"product_cat-sunims","15":"product_cat-sunu-prekiu-gamintojai","16":"product_tag-anju-rudo-kailio-suniui","17":"product_tag-kaciu-sampunas","18":"product_tag-rudo-kailio-sampunas","19":"pa_prekiu-zenklai-anju-beaute","20":"pa_suns-amzius-jauniems","21":"pa_suns-amzius-senjorams","22":"pa_suns-amzius-suaugusiems","23":"pa_suns-amzius-visiems-amziams","24":"pa_veisles-dydis-didelems-veislems","25":"pa_veisles-dydis-mazoms-veislems","26":"pa_veisles-dydis-vidutinems-veislems","27":"pa_veisles-dydis-visu-dydziu-veislems","29":"first","30":"instock","31":"featured","32":"taxable","33":"shipping-taxable","34":"purchasable","35":"product-type-simple"},"acf":[],"_links":{"self":[{"href":"https:\/\/zooprekes24.lt\/lv\/wp-json\/wp\/v2\/product\/21944","targetHints":{"allow":["GET"]}}],"collection":[{"href":"https:\/\/zooprekes24.lt\/lv\/wp-json\/wp\/v2\/product"}],"about":[{"href":"https:\/\/zooprekes24.lt\/lv\/wp-json\/wp\/v2\/types\/product"}],"replies":[{"embeddable":true,"href":"https:\/\/zooprekes24.lt\/lv\/wp-json\/wp\/v2\/comments?post=21944"}],"wp:featuredmedia":[{"embeddable":true,"href":"https:\/\/zooprekes24.lt\/lv\/wp-json\/wp\/v2\/media\/18550"}],"wp:attachment":[{"href":"https:\/\/zooprekes24.lt\/lv\/wp-json\/wp\/v2\/media?parent=21944"}],"wp:term":[{"taxonomy":"product_brand","embeddable":true,"href":"https:\/\/zooprekes24.lt\/lv\/wp-json\/wp\/v2\/product_brand?post=21944"},{"taxonomy":"product_cat","embeddable":true,"href":"https:\/\/zooprekes24.lt\/lv\/wp-json\/wp\/v2\/product_cat?post=21944"},{"taxonomy":"product_tag","embeddable":true,"href":"https:\/\/zooprekes24.lt\/lv\/wp-json\/wp\/v2\/product_tag?post=21944"}],"curies":[{"name":"wp","href":"https:\/\/api.w.org\/{rel}","templated":true}]}}