{"id":21943,"date":"2024-04-18T21:18:17","date_gmt":"2024-04-18T18:18:17","guid":{"rendered":"https:\/\/zooprekes24.lt\/produktas\/anju-beaute-diamant\/"},"modified":"2024-09-10T16:04:47","modified_gmt":"2024-09-10T13:04:47","slug":"anju-beaute-dimants","status":"publish","type":"product","link":"https:\/\/zooprekes24.lt\/lv\/produktas\/anju-beaute-diamant\/","title":{"rendered":"Anju Beaut\u00e9 Diamant toniz\u0113jo\u0161ais \u0161amp\u016bns 250 ml"},"content":{"rendered":"<h3>Balstoties uz jaun\u0101kajiem sasniegumiem kosmetolo\u0123ij\u0101, Anju Beaut\u00e9 Paris laboratorija ir izstr\u0101d\u0101jusi ekskluz\u012bvu augst\u0101k\u0101s kvalit\u0101tes skaistumkop\u0161anas produktu kl\u0101stu. Anju Beaut\u00e9 Diamant sast\u0101v\u0101 eso\u0161\u0101s sast\u0101vda\u013cas ir augu izcelsmes, videi draudz\u012bgas un dermatolo\u0123iski piem\u0113rotas pat jut\u012bg\u0101kajiem m\u0101jdz\u012bvniekiem.<\/h3>\n<ul>\n<li>Ra\u017eots Francij\u0101 \ud83c\uddeb\ud83c\uddf7<\/li>\n<li><a href=\"https:\/\/www.youtube.com\/watch?v=AD0U3KNTpSA\" target=\"_blank\" rel=\"noopener\">Anju Beaut\u00e9 Diamant<\/a> Pro-vitam\u012bni ne tikai uzlabo matu sp\u012bdumu, bet ar\u012b mitrina m\u0101jdz\u012bvnieka ka\u017eoku.<\/li>\n<li>Profesion\u0101la fran\u010du kosm\u0113tikas l\u012bnija su\u0146iem un ka\u0137iem ar gai\u0161i pel\u0113kiem, pel\u0113kiem, ziliem, sudraba un ceri\u0146kr\u0101sas to\u0146iem.<\/li>\n<li>Kr\u0101su pastiprina amfoterisk\u0101s mitrino\u0161\u0101s da\u013ci\u0146as, kas pal\u012bdz matiem saglab\u0101t kr\u0101sas molekulas mazg\u0101\u0161anas un \u017e\u0101v\u0113\u0161anas laik\u0101.<\/li>\n<li>Ton\u0113jo\u0161ais kumulat\u012bvais efekts - regul\u0101ra \u0161amp\u016bna lieto\u0161ana piln\u012bb\u0101 neitraliz\u0113 nev\u0113lamus dzeltenus un brasainus ka\u017eoka to\u0146us.<\/li>\n<li>Real <a href=\"https:\/\/zooprekes24.lt\/lv\/?s=anju+%C5%A1amp%C5%ABnai&amp;post_type=product\" target=\"_blank\" rel=\"noopener\">skaistumkop\u0161anas \u0161amp\u016bns<\/a>Akt\u012bvais kumel\u012b\u0161u ekstrakts izgaismo un atdz\u012bvina gai\u0161u, pel\u0113ku, zilu, sudrabainu un ceri\u0146kr\u0101sas ka\u017eoku, pie\u0161\u0137irot j\u016bsu m\u012blu\u013ca matiem burv\u012bgu sp\u012bdumu.<\/li>\n<\/ul>","protected":false},"excerpt":{"rendered":"<p>Balstoties uz jaun\u0101kajiem sasniegumiem kosmetolo\u0123ij\u0101, Anju Beaut\u00e9 Paris laboratorija ir izstr\u0101d\u0101jusi ekskluz\u012bvu augst\u0101k\u0101s kvalit\u0101tes skaistumkop\u0161anas produktu kl\u0101stu. Anju Beaut\u00e9 Diamant sast\u0101v\u0101 eso\u0161\u0101s sast\u0101vda\u013cas ir augu izcelsmes, videi draudz\u012bgas un dermatolo\u0123iski piem\u0113rotas pat jut\u012bg\u0101kajiem m\u0101jdz\u012bvniekiem. Ra\u017eots Francij\u0101 \ud83c\uddeb\ud83c\uddf7 Anju Beaut\u00e9 Diamant sast\u0101v\u0101 eso\u0161ie provitam\u012bni ne tikai uzlabo matu sp\u012bdumu, bet ar\u012b mitrina m\u0101jdz\u012bvnieka ka\u017eoku. Profesion\u0101li fran\u010du...<\/p>","protected":false},"featured_media":18546,"comment_status":"closed","ping_status":"closed","template":"","meta":{"_acf_changed":false,"slim_seo":{"title":"Anju Beaut\u00e9 Diamant tonuojantis \u0161amp\u016bnas 250 ml - Zooprekes24","description":"Balstoties uz jaun\u0101kajiem sasniegumiem kosmetolo\u0123ij\u0101, Anju Beaut\u00e9 Paris laboratorija ir izstr\u0101d\u0101jusi ekskluz\u012bvu augst\u0101k\u0101s kvalit\u0101tes skaistumkop\u0161anas produktu kl\u0101stu."},"iawp_total_views":93},"product_brand":[],"product_cat":[9046,9045,83,25,104,32,9025,9026,8999,31],"product_tag":[3694,3701,1554,3711,3716,3718,3719],"class_list":{"0":"post-21943","1":"product","2":"type-product","3":"status-publish","4":"has-post-thumbnail","6":"product_cat-anju-beaute-sunims","7":"product_cat-anju-beaute-katems","8":"product_cat-kaciu-prekiu-gamintojai","9":"product_cat-katems","10":"product_cat-kitos-kaciu-prekes","11":"product_cat-kitos-sunu-prekes","12":"product_cat-prieziuros-priemones-katems","13":"product_cat-prieziuros-priemones-sunims","14":"product_cat-sunims","15":"product_cat-sunu-prekiu-gamintojai","16":"product_tag-anju-baltakailiams","17":"product_tag-baltakailiams","18":"product_tag-kaciu-sampunas","19":"product_tag-sampunas-baltakailiui-suniui","20":"product_tag-sampunas-pageltusiam-kailiui","21":"product_tag-sampunas-samojedui","22":"product_tag-sampunas-vakaru-skotijos-terjerui","23":"pa_prekiu-zenklai-anju-beaute","24":"pa_suns-amzius-jauniems","25":"pa_suns-amzius-senjorams","26":"pa_suns-amzius-suaugusiems","27":"pa_suns-amzius-visiems-amziams","28":"pa_veisles-dydis-didelems-veislems","29":"pa_veisles-dydis-mazoms-veislems","30":"pa_veisles-dydis-vidutinems-veislems","31":"pa_veisles-dydis-visu-dydziu-veislems","33":"first","34":"instock","35":"featured","36":"taxable","37":"shipping-taxable","38":"purchasable","39":"product-type-simple"},"acf":[],"_links":{"self":[{"href":"https:\/\/zooprekes24.lt\/lv\/wp-json\/wp\/v2\/product\/21943","targetHints":{"allow":["GET"]}}],"collection":[{"href":"https:\/\/zooprekes24.lt\/lv\/wp-json\/wp\/v2\/product"}],"about":[{"href":"https:\/\/zooprekes24.lt\/lv\/wp-json\/wp\/v2\/types\/product"}],"replies":[{"embeddable":true,"href":"https:\/\/zooprekes24.lt\/lv\/wp-json\/wp\/v2\/comments?post=21943"}],"wp:featuredmedia":[{"embeddable":true,"href":"https:\/\/zooprekes24.lt\/lv\/wp-json\/wp\/v2\/media\/18546"}],"wp:attachment":[{"href":"https:\/\/zooprekes24.lt\/lv\/wp-json\/wp\/v2\/media?parent=21943"}],"wp:term":[{"taxonomy":"product_brand","embeddable":true,"href":"https:\/\/zooprekes24.lt\/lv\/wp-json\/wp\/v2\/product_brand?post=21943"},{"taxonomy":"product_cat","embeddable":true,"href":"https:\/\/zooprekes24.lt\/lv\/wp-json\/wp\/v2\/product_cat?post=21943"},{"taxonomy":"product_tag","embeddable":true,"href":"https:\/\/zooprekes24.lt\/lv\/wp-json\/wp\/v2\/product_tag?post=21943"}],"curies":[{"name":"wp","href":"https:\/\/api.w.org\/{rel}","templated":true}]}}