{"id":21941,"date":"2024-04-18T21:18:17","date_gmt":"2024-04-18T18:18:17","guid":{"rendered":"https:\/\/zooprekes24.lt\/produktas\/fitmin-lasisu-aliejus\/"},"modified":"2026-02-05T13:52:14","modified_gmt":"2026-02-05T11:52:14","slug":"fitmin-lasisu-aliejus-sunims-1l","status":"publish","type":"product","link":"https:\/\/zooprekes24.lt\/lv\/produktas\/fitmin-lasisu-aliejus-sunims-1l\/","title":{"rendered":"Fitmin la\u0161i\u0161\u0173 aliejus \u0161unims, 1 L"},"content":{"rendered":"<h3>Fitmin la\u0161a e\u013c\u013ca ir dab\u012bga bar\u012bbas piedeva.<\/h3>\n<p>\u0160\u012b e\u013c\u013ca ir lielisks <a href=\"https:\/\/zooprekes24.lt\/lv\/?s=omega+3&amp;post_type=product&amp;product_cat=0\" target=\"_blank\" rel=\"noopener noreferrer\">Omega 3<\/a> tauksk\u0101bju (EPA un DHA) avots, kas pozit\u012bvi ietekm\u0113 daudzus vielmai\u0146as procesus su\u0146a organism\u0101. EPA piem\u012bt dabiska pretiekaisuma iedarb\u012bba, bet DHA ir iesaist\u012bta smadze\u0146u un t\u012bklenes strukt\u016br\u0101. <a href=\"https:\/\/www.fitmin.com\/en\/ingredients\" target=\"_blank\" rel=\"noopener\">Fitmin<\/a> La\u0161a e\u013c\u013ca lieliski l\u012bdzsvaro omega 3 un omega 6 e\u013c\u013cu attiec\u012bbu, k\u0101 rezult\u0101t\u0101 iev\u0113rojami samazin\u0101s holester\u012bna l\u012bmenis asin\u012bs. Regul\u0101ra la\u0161a e\u013c\u013cas lieto\u0161ana pal\u012bdz padar\u012bt m\u0101jdz\u012bvnieka ka\u017eoku biezu un sp\u012bd\u012bgu.<\/p>\n<h3>E\u013c\u013cas lieto\u0161ana pal\u012bdz ar\u012b pie da\u017e\u0101m vesel\u012bbas probl\u0113m\u0101m, piem\u0113ram:<\/h3>\n<ul>\n<li>Boj\u0101ti mati un intens\u012bva baro\u0161ana.<\/li>\n<li>\u0100das lob\u012b\u0161an\u0101s.<\/li>\n<li>Sausa \u0101da.<\/li>\n<li>\u0100das iekaisumi.<\/li>\n<li>niezo\u0161a, niezo\u0161a \u0101da.<\/li>\n<li>nosliece uz aler\u0123isk\u0101m reakcij\u0101m.<\/li>\n<li>P\u0101rspr\u0101g\u0161ana.<\/li>\n<li>Ekz\u0113ma.<\/li>\n<li>Pigment\u0101cijas probl\u0113mas.<\/li>\n<li>Im\u016bnsist\u0113mas slim\u012bbas.<\/li>\n<li>Reprodukt\u012bv\u0101s probl\u0113mas.<\/li>\n<\/ul>","protected":false},"excerpt":{"rendered":"<p>Fitmin la\u0161i\u0161\u0173 aliejus &#8211; nat\u016bralus pa\u0161ar\u0173 papildas. \u0160is aliejus tai puikus Omega 3 riebal\u0173 r\u016bg\u0161\u010di\u0173 (EPA ir DHA) \u0161altinis, turintis teigiam\u0105 poveik\u012f daugeliui \u0161uns med\u017eiag\u0173 apykaitos proces\u0173 organizme. EPA r\u016bg\u0161tis turi nat\u016bral\u0173 prie\u0161u\u017edegimin\u012f poveik\u012f, DHA dalyvauja smegen\u0173 ir tinklain\u0117s strukt\u016broje. Fitmin la\u0161i\u0161\u0173 aliejus puikiai subalansuoja Omega 3 ir Omega 6 santyk\u012f tod\u0117l \u017eymiai suma\u017eina cholesterolio&#8230;<\/p>","protected":false},"featured_media":45397,"comment_status":"closed","ping_status":"closed","template":"","meta":{"_acf_changed":false,"slim_seo":{"title":"Fitmin la\u0161i\u0161\u0173 aliejus \u0161unims, 1 L - Zooprekes24","description":"Fitmin la\u0161a e\u013c\u013ca ir dab\u012bga bar\u012bbas piedeva. \u0160\u012b e\u013c\u013ca ir lielisks omega 3 tauksk\u0101bju (EPA un DHA) avots, kas labv\u0113l\u012bgi ietekm\u0113 daudzus su\u0146us."},"iawp_total_views":196},"product_brand":[],"product_cat":[9044,32,8999,31,9022],"product_tag":[],"class_list":{"0":"post-21941","1":"product","2":"type-product","3":"status-publish","4":"has-post-thumbnail","6":"product_cat-fitmin-nutritional-programme","7":"product_cat-kitos-sunu-prekes","8":"product_cat-sunims","9":"product_cat-sunu-prekiu-gamintojai","10":"product_cat-vitaminai-ir-papildai-sunims","11":"pa_prekiu-zenklai-fitmin-nutritional-programme","12":"pa_suns-amzius-jauniems","13":"pa_suns-amzius-senjorams","14":"pa_suns-amzius-suaugusiems","15":"pa_suns-amzius-visiems-amziams","16":"pa_veisles-dydis-didelems-veislems","17":"pa_veisles-dydis-mazoms-veislems","18":"pa_veisles-dydis-vidutinems-veislems","19":"pa_veisles-dydis-visu-dydziu-veislems","21":"first","22":"outofstock","23":"featured","24":"taxable","25":"shipping-taxable","26":"purchasable","27":"product-type-simple"},"acf":[],"_links":{"self":[{"href":"https:\/\/zooprekes24.lt\/lv\/wp-json\/wp\/v2\/product\/21941","targetHints":{"allow":["GET"]}}],"collection":[{"href":"https:\/\/zooprekes24.lt\/lv\/wp-json\/wp\/v2\/product"}],"about":[{"href":"https:\/\/zooprekes24.lt\/lv\/wp-json\/wp\/v2\/types\/product"}],"replies":[{"embeddable":true,"href":"https:\/\/zooprekes24.lt\/lv\/wp-json\/wp\/v2\/comments?post=21941"}],"wp:featuredmedia":[{"embeddable":true,"href":"https:\/\/zooprekes24.lt\/lv\/wp-json\/wp\/v2\/media\/45397"}],"wp:attachment":[{"href":"https:\/\/zooprekes24.lt\/lv\/wp-json\/wp\/v2\/media?parent=21941"}],"wp:term":[{"taxonomy":"product_brand","embeddable":true,"href":"https:\/\/zooprekes24.lt\/lv\/wp-json\/wp\/v2\/product_brand?post=21941"},{"taxonomy":"product_cat","embeddable":true,"href":"https:\/\/zooprekes24.lt\/lv\/wp-json\/wp\/v2\/product_cat?post=21941"},{"taxonomy":"product_tag","embeddable":true,"href":"https:\/\/zooprekes24.lt\/lv\/wp-json\/wp\/v2\/product_tag?post=21941"}],"curies":[{"name":"wp","href":"https:\/\/api.w.org\/{rel}","templated":true}]}}