{"id":21940,"date":"2024-04-18T21:18:17","date_gmt":"2024-04-18T18:18:17","guid":{"rendered":"https:\/\/zooprekes24.lt\/produktas\/fitmin-for-life-beef-desra-sunims-900g\/"},"modified":"2026-04-01T09:50:09","modified_gmt":"2026-04-01T07:50:09","slug":"fitmin-for-life-liellopu-galas-desra-sunims-900g","status":"publish","type":"product","link":"https:\/\/zooprekes24.lt\/lv\/produktas\/fitmin-for-life-beef-desra-sunims-900g\/","title":{"rendered":"Fitmin for Life Liellopu ga\u013cas desa su\u0146iem 900 g"},"content":{"rendered":"<h3>Fitmin for Life Liellopa ga\u013cas desa su\u0146iem ir unik\u0101la ga\u013cas un past\u0113tes kombin\u0101cija, kas neatst\u0101j vienaldz\u012bgus pat vispras\u012bg\u0101kos \u0113d\u0101jus. Augstais augstas kvalit\u0101tes dz\u012bvnieku izcelsmes produktu saturs sast\u0101v\u0101 nodro\u0161ina lielisku gar\u0161u un labu gremo\u0161anu j\u016bsu m\u012blulim.<\/h3>\n<ul>\n<li>Garda liellopa ga\u013ca pilnv\u0113rt\u012bgam m\u0101jdz\u012bvnieku uzturam.<\/li>\n<li>\u012apa\u0161a formula pras\u012bgiem su\u0146iem.<\/li>\n<li><a href=\"https:\/\/www.fitmin.com\/en\/ingredients\" target=\"_blank\" rel=\"noopener\">Nesatur graudaugus, kr\u0101svielas vai aromatiz\u0113t\u0101jus.<\/a><\/li>\n<li><a href=\"https:\/\/zooprekes24.lt\/lv\/?s=fitmin+for+life&amp;post_type=product\" target=\"_blank\" rel=\"noopener\">Fitmin for Life<\/a>\u00a0Liellopu ga\u013cas desas satur pat 90% gar\u0161\u012bgas ga\u013cas.<\/li>\n<li>Papildin\u0101ts ar d\u0101rze\u0146iem un kolag\u0113nu, lai uztur\u0113tu loc\u012btavu vesel\u012bbu un kvalitat\u012bvu ka\u017eok\u0101du.<\/li>\n<\/ul>","protected":false},"excerpt":{"rendered":"<p>Fitmin for Life Beef de\u0161ra \u0161unims su jautiena yra unikalus m\u0117sos ir pa\u0161teto derinys nepaliekantis abejing\u0173 net i\u0161rankiausi\u0173 valgytoj\u0173. Didelis auk\u0161tos kokyb\u0117s gyv\u016bnin\u0117s kilm\u0117s produkt\u0173 kiekis esantis sud\u0117tyje u\u017etikrina tobul\u0105 skon\u012f bei ger\u0105 augintinio vir\u0161kinim\u0105. Gardi jautienos m\u0117sa visavertei augintinio mitybai. Ypatinga i\u0161rankiems \u0161unims pritaikyta formul\u0117. Be gr\u016bd\u0173, prid\u0117tini\u0173 da\u017eikli\u0173 ar kvapi\u0173j\u0173 med\u017eiag\u0173. Fitmin for&#8230;<\/p>","protected":false},"featured_media":29399,"comment_status":"closed","ping_status":"closed","template":"","meta":{"_acf_changed":false,"slim_seo":{"title":"Fitmin for Life Beef de\u0161ra \u0161unims 900 g - Zooprekes24","description":"Fitmin for Life Liellopa ga\u013cas desa su\u0146iem ir unik\u0101la ga\u013cas un past\u0113tes kombin\u0101cija, kas neatst\u0101j vienaldz\u012bgus pat vispras\u012bg\u0101kos \u0113d\u0101jus. Liels augstas kvalit\u0101tes g"},"iawp_total_views":170},"product_brand":[],"product_cat":[9043,9004,8999,29,31],"product_tag":[418],"class_list":{"0":"post-21940","1":"product","2":"type-product","3":"status-publish","4":"has-post-thumbnail","6":"product_cat-fitmin-for-life-sunims","7":"product_cat-slapias-maistas","8":"product_cat-sunims","9":"product_cat-sunu-maistas","10":"product_cat-sunu-prekiu-gamintojai","11":"product_tag-konservuotas-maistas-sunims","12":"pa_pasaro-sudetis-darzoves","13":"pa_pasaro-sudetis-jautiena","14":"pa_prekiu-zenklai-fitmin-for-life","15":"pa_suns-amzius-suaugusiems","16":"pa_veisles-dydis-didelems-veislems","17":"pa_veisles-dydis-mazoms-veislems","18":"pa_veisles-dydis-vidutinems-veislems","19":"pa_veisles-dydis-visu-dydziu-veislems","21":"first","22":"outofstock","23":"featured","24":"taxable","25":"shipping-taxable","26":"purchasable","27":"product-type-simple"},"acf":[],"_links":{"self":[{"href":"https:\/\/zooprekes24.lt\/lv\/wp-json\/wp\/v2\/product\/21940","targetHints":{"allow":["GET"]}}],"collection":[{"href":"https:\/\/zooprekes24.lt\/lv\/wp-json\/wp\/v2\/product"}],"about":[{"href":"https:\/\/zooprekes24.lt\/lv\/wp-json\/wp\/v2\/types\/product"}],"replies":[{"embeddable":true,"href":"https:\/\/zooprekes24.lt\/lv\/wp-json\/wp\/v2\/comments?post=21940"}],"wp:featuredmedia":[{"embeddable":true,"href":"https:\/\/zooprekes24.lt\/lv\/wp-json\/wp\/v2\/media\/29399"}],"wp:attachment":[{"href":"https:\/\/zooprekes24.lt\/lv\/wp-json\/wp\/v2\/media?parent=21940"}],"wp:term":[{"taxonomy":"product_brand","embeddable":true,"href":"https:\/\/zooprekes24.lt\/lv\/wp-json\/wp\/v2\/product_brand?post=21940"},{"taxonomy":"product_cat","embeddable":true,"href":"https:\/\/zooprekes24.lt\/lv\/wp-json\/wp\/v2\/product_cat?post=21940"},{"taxonomy":"product_tag","embeddable":true,"href":"https:\/\/zooprekes24.lt\/lv\/wp-json\/wp\/v2\/product_tag?post=21940"}],"curies":[{"name":"wp","href":"https:\/\/api.w.org\/{rel}","templated":true}]}}