{"id":21934,"date":"2024-04-18T21:18:17","date_gmt":"2024-04-18T18:18:17","guid":{"rendered":"https:\/\/zooprekes24.lt\/produktas\/cosycat-pjuveninis-kaciu-kraikas\/"},"modified":"2026-03-12T10:45:45","modified_gmt":"2026-03-12T08:45:45","slug":"cosycat-pjuveninis-kaciu-kraikas","status":"publish","type":"product","link":"https:\/\/zooprekes24.lt\/lv\/produktas\/cosycat-pjuveninis-kaciu-kraikas\/","title":{"rendered":"CosyCat dab\u012bgais ka\u0137u pakai\u0161s ar z\u0101\u0123u skaid\u0101m 10L"},"content":{"rendered":"<h3>Su\u0161okantis ka\u010di\u0173 kraikas CosyCat yra kat\u0117ms ir klimatui draugi\u0161kas kraikas. Tvarus produktas gaminamas i\u0161 gryno augalinio pluo\u0161to, kuris apdorojamas taip, kad susidaryt\u0173 mink\u0161tos granul\u0117s su ma\u017eai dulki\u0173. CosyCat nat\u016bralus pjuveninis ka\u010di\u0173 kraikas malonus kat\u0117s leten\u0117l\u0117ms, panaudotas su\u0161oka \u012f grumstelius tod\u0117l yra labai ekonomi\u0161kas. Joki\u0173 kvap\u0173, stabil\u016bs gumul\u0117liai, lengvas pa\u0161alinimas. Pagamintas Vokietijoje.<\/h3>\n<ul>\n<li>Lieliski absorb\u0113 mitrumu un nepat\u012bkamas smakas.<\/li>\n<li>Koka skaidu pakai\u0161i ir saudz\u012bgi un nekait\u012bgi dz\u012bvnieka p\u0113d\u0101m.<\/li>\n<li>Var kompost\u0113t, jo tas ir 100% biolo\u0123iski no\u0101rd\u0101ms.<\/li>\n<li>Pagamintas i\u0161 100 proc. nat\u016bralaus pluo\u0161to &#8211; egl\u0117s ir pu\u0161ies medienos dro\u017eli\u0173.<\/li>\n<li>Z\u0101\u0123u skaidu ka\u0137u pakai\u0161i sadal\u0101s \u016bden\u012b, t\u0101p\u0113c tos var dro\u0161i izskalot tualet\u0113.<\/li>\n<li>Kraikas yra malonaus, nat\u016bralaus kvapo &#8211; be joki\u0173 dirbtini\u0173 aromatini\u0173 med\u017eiag\u0173.<\/li>\n<li>At\u0161\u0137ir\u012bb\u0101 no citu ra\u017eot\u0101ju produktiem \u0161is ka\u0137u pakai\u0161s praktiski nesatur putek\u013cus un nav aler\u0123isks.<\/li>\n<\/ul>","protected":false},"excerpt":{"rendered":"<p>Su\u0161okantis ka\u010di\u0173 kraikas CosyCat yra kat\u0117ms ir klimatui draugi\u0161kas kraikas. Tvarus produktas gaminamas i\u0161 gryno augalinio pluo\u0161to, kuris apdorojamas taip, kad susidaryt\u0173 mink\u0161tos granul\u0117s su ma\u017eai dulki\u0173. CosyCat nat\u016bralus pjuveninis ka\u010di\u0173 kraikas malonus kat\u0117s leten\u0117l\u0117ms, panaudotas su\u0161oka \u012f grumstelius tod\u0117l yra labai ekonomi\u0161kas. Joki\u0173 kvap\u0173, stabil\u016bs gumul\u0117liai, lengvas pa\u0161alinimas. Pagamintas Vokietijoje. Puikiai sugeria dr\u0117gm\u0119 ir&#8230;<\/p>","protected":false},"featured_media":47078,"comment_status":"closed","ping_status":"closed","template":"","meta":{"_acf_changed":false,"slim_seo":{"title":"CosyCat nat\u016bralus pjuveninis ka\u010di\u0173 kraikas 10L - Zooprekes24","description":"Su\u0161okantis ka\u010di\u0173 kraikas CosyCat yra kat\u0117ms ir klimatui draugi\u0161kas kraikas. Tvarus produktas gaminamas i\u0161 gryno augalinio pluo\u0161to, kuris apdorojamas taip, kad s"},"iawp_total_views":254},"product_brand":[],"product_cat":[78,25,9009],"product_tag":[1873,1940],"class_list":{"0":"post-21934","1":"product","2":"type-product","3":"status-publish","4":"has-post-thumbnail","6":"product_cat-higiena-ir-prieziura-katems","7":"product_cat-katems","8":"product_cat-kraikas","9":"product_tag-cats-best-okoplus-kraikas","10":"product_tag-naturalus-kraikas-katems","11":"pa_kraiko-rusis-medzio-drozles","12":"pa_prekiu-zenklai-cosycat","14":"first","15":"instock","16":"featured","17":"taxable","18":"shipping-taxable","19":"purchasable","20":"product-type-simple"},"acf":[],"_links":{"self":[{"href":"https:\/\/zooprekes24.lt\/lv\/wp-json\/wp\/v2\/product\/21934","targetHints":{"allow":["GET"]}}],"collection":[{"href":"https:\/\/zooprekes24.lt\/lv\/wp-json\/wp\/v2\/product"}],"about":[{"href":"https:\/\/zooprekes24.lt\/lv\/wp-json\/wp\/v2\/types\/product"}],"replies":[{"embeddable":true,"href":"https:\/\/zooprekes24.lt\/lv\/wp-json\/wp\/v2\/comments?post=21934"}],"wp:featuredmedia":[{"embeddable":true,"href":"https:\/\/zooprekes24.lt\/lv\/wp-json\/wp\/v2\/media\/47078"}],"wp:attachment":[{"href":"https:\/\/zooprekes24.lt\/lv\/wp-json\/wp\/v2\/media?parent=21934"}],"wp:term":[{"taxonomy":"product_brand","embeddable":true,"href":"https:\/\/zooprekes24.lt\/lv\/wp-json\/wp\/v2\/product_brand?post=21934"},{"taxonomy":"product_cat","embeddable":true,"href":"https:\/\/zooprekes24.lt\/lv\/wp-json\/wp\/v2\/product_cat?post=21934"},{"taxonomy":"product_tag","embeddable":true,"href":"https:\/\/zooprekes24.lt\/lv\/wp-json\/wp\/v2\/product_tag?post=21934"}],"curies":[{"name":"wp","href":"https:\/\/api.w.org\/{rel}","templated":true}]}}