{"id":21927,"date":"2024-04-18T21:18:06","date_gmt":"2024-04-18T18:18:06","guid":{"rendered":"https:\/\/zooprekes24.lt\/produktas\/fitmin-for-life-duck-cod-roll-70g\/"},"modified":"2024-05-22T14:36:14","modified_gmt":"2024-05-22T11:36:14","slug":"fitmin-for-life-piles-mencas-rullitis-70g","status":"publish","type":"product","link":"https:\/\/zooprekes24.lt\/lv\/produktas\/fitmin-for-life-duck-cod-roll-70g\/","title":{"rendered":"Fitmin for Life Duck &amp; Cod Roll k\u0101rumi su\u0146iem 70 g"},"content":{"rendered":"<h3>Fitmin for Life Duck &amp; Cod Roll - p\u012bles un mencas gardumi visiem vecumiem <a href=\"https:\/\/zooprekes24.lt\/lv\/kategorija\/prekes-sunims\/\" target=\"_blank\" rel=\"noopener\">Su\u0146iem<\/a>daudz kvalitat\u012bvu olbaltumvielu un maz tauku. \u0160ie k\u0101rumi ir sat\u012bti koci\u0146\u0101, kas saglab\u0101 \u012bpa\u0161i gardu gar\u0161u un svaigu p\u012bles un zivs smar\u017eu, kas piesaista su\u0146us.<\/h3>\n<ul>\n<li>Pateicoties to sast\u0101vam un gar\u0161\u012bgajai gar\u0161ai, gardumi ir iecien\u012bti pat pras\u012bgu su\u0146u vid\u016b.<\/li>\n<li>Iepakotas lietot\u0101jam \u0113rt\u0101, atk\u0101rtoti nosl\u0113dzam\u0101 maisi\u0146\u0101, ko var atv\u0113rt un atk\u0101rtoti nosl\u0113gt, t\u0101p\u0113c t\u0101s ilgi saglab\u0101jas svaigas.<\/li>\n<li>Fitmin for Life Duck &amp; Cod Roll k\u0101rumi su\u0146iem ir lieliski piem\u0113roti k\u0101 balva vai gar\u0161\u012bga uzkoda.<\/li>\n<li><a href=\"https:\/\/www.fitmin.com\/en\/dogs\/duck-cod-roll-70-g\" target=\"_blank\" rel=\"noopener\">na\u0161\u0137i nesatur kr\u0101svielas, aromatiz\u0113t\u0101jus un graudus.<\/a>.<\/li>\n<\/ul>","protected":false},"excerpt":{"rendered":"<p>Fitmin for Life Duck &amp; Cod Roll &#8211; antienos ir menk\u0117s skan\u0117stai vis\u0173 am\u017eiaus grupi\u0173 \u0161unims, su daug kokybi\u0161k\u0173 baltym\u0173 ir ma\u017eai riebal\u0173. Skan\u0117stai susukti \u012f pagaliuk\u0105, kuris i\u0161laiko ypatingai gard\u0173 skon\u012f ir \u0161unis viliojanti \u0161vie\u017eios antienos ir \u017euvies kvap\u0105. D\u0117l savo sud\u0117ties ir gardaus skonio, skan\u0117stai yra m\u0117gstami net ir i\u0161ranki\u0173 \u0161un\u0173. Supakuoti patogiame&#8230;<\/p>","protected":false},"featured_media":18469,"comment_status":"closed","ping_status":"closed","template":"","meta":{"_acf_changed":false,"slim_seo":{"title":"Fitmin for Life Duck & Cod Roll skan\u0117stai \u0161unims 70 g - Zooprekes24","description":"Fitmin for Life Duck &amp; Cod Roll - p\u012bles un mencas k\u0101rums visu vecumu su\u0146iem, bag\u0101ts ar kvalitat\u012bviem prote\u012bniem un ar zemu tauku saturu. Gardumi ir sat\u012bti"},"iawp_total_views":40},"product_brand":[],"product_cat":[9043,9030,8999,31,30],"product_tag":[1618,1623,792,391],"class_list":{"0":"post-21927","1":"product","2":"type-product","3":"status-publish","4":"has-post-thumbnail","6":"product_cat-fitmin-for-life-sunims","7":"product_cat-minksti-kramtalai","8":"product_cat-sunims","9":"product_cat-sunu-prekiu-gamintojai","10":"product_cat-sunu-skanestai","11":"product_tag-fitmin-for-life-naturalus-skanestai","12":"product_tag-fitmin-skanestai-sunims","13":"product_tag-naturalus-skanestai-sunims","14":"product_tag-traskus-skanestai-sunims","15":"pa_pasaro-sudetis-antiena","16":"pa_pasaro-sudetis-zuvis","17":"pa_prekiu-zenklai-fitmin-for-life","18":"pa_suns-amzius-jauniems","19":"pa_suns-amzius-senjorams","20":"pa_suns-amzius-suaugusiems","21":"pa_suns-amzius-visiems-amziams","23":"first","24":"outofstock","25":"featured","26":"taxable","27":"shipping-taxable","28":"purchasable","29":"product-type-simple"},"acf":[],"_links":{"self":[{"href":"https:\/\/zooprekes24.lt\/lv\/wp-json\/wp\/v2\/product\/21927","targetHints":{"allow":["GET"]}}],"collection":[{"href":"https:\/\/zooprekes24.lt\/lv\/wp-json\/wp\/v2\/product"}],"about":[{"href":"https:\/\/zooprekes24.lt\/lv\/wp-json\/wp\/v2\/types\/product"}],"replies":[{"embeddable":true,"href":"https:\/\/zooprekes24.lt\/lv\/wp-json\/wp\/v2\/comments?post=21927"}],"wp:featuredmedia":[{"embeddable":true,"href":"https:\/\/zooprekes24.lt\/lv\/wp-json\/wp\/v2\/media\/18469"}],"wp:attachment":[{"href":"https:\/\/zooprekes24.lt\/lv\/wp-json\/wp\/v2\/media?parent=21927"}],"wp:term":[{"taxonomy":"product_brand","embeddable":true,"href":"https:\/\/zooprekes24.lt\/lv\/wp-json\/wp\/v2\/product_brand?post=21927"},{"taxonomy":"product_cat","embeddable":true,"href":"https:\/\/zooprekes24.lt\/lv\/wp-json\/wp\/v2\/product_cat?post=21927"},{"taxonomy":"product_tag","embeddable":true,"href":"https:\/\/zooprekes24.lt\/lv\/wp-json\/wp\/v2\/product_tag?post=21927"}],"curies":[{"name":"wp","href":"https:\/\/api.w.org\/{rel}","templated":true}]}}