{"id":21925,"date":"2024-04-18T21:18:06","date_gmt":"2024-04-18T18:18:06","guid":{"rendered":"https:\/\/zooprekes24.lt\/produktas\/fitmin-maxi-performance-sausas-maistas\/"},"modified":"2026-02-26T15:04:26","modified_gmt":"2026-02-26T13:04:26","slug":"fitmin-maxi-performance-sausa-bariba","status":"publish","type":"product","link":"https:\/\/zooprekes24.lt\/lv\/produktas\/fitmin-maxi-performance-sausas-maistas\/","title":{"rendered":"Fitmin Maxi Performance saus\u0101 bar\u012bba su\u0146iem 12 kg"},"content":{"rendered":"<h3>Fitmin Maxi Performance ir pilnv\u0113rt\u012bga saus\u0101 bar\u012bba lielo \u0161\u0137ir\u0146u (no 35 kg) pieaugu\u0161iem su\u0146iem no 1,5 l\u012bdz 7 gadu vecumam. Lai gan dzen\u0101tu aitu gan\u0101mpulku, gan l\u0113ktu, lai no\u0137ertu lidojo\u0161o bumbu, sportiskajiem su\u0146iem ir nepiecie\u0161ams svaigas ga\u013cas, olbaltumvielu un tauku bag\u0101ts uzturs, kas nodro\u0161ina aktivit\u0101ti un iztur\u012bbu.<\/h3>\n<ul>\n<li>\u012apa\u0161a Fitmin bar\u012bbas formula, <a href=\"https:\/\/www.youtube.com\/watch?v=1yoQTbErEss\">kas satur l\u012bdz pat 79 % dz\u012bvnieku olbaltumvielas<\/a>, kas stiprina su\u0146a dabisk\u0101s aizsargsp\u0113jas.<\/li>\n<li><a href=\"https:\/\/zooprekes24.lt\/lv\/products\/dr-clauders-barf-lassi-ella\/\">La\u0161a e\u013c\u013ca<\/a> ir lielisks omega 3 tauksk\u0101bju (EPA un DHA) avots, kas baro, m\u012bkstina un mitrina su\u0146a ka\u017eoku un \u0101du.<\/li>\n<li>C vitam\u012bns pal\u012bdz uztur\u0113t optim\u0101lu loc\u012btavu, skrim\u0161\u013cu, sai\u0161u un c\u012bpslu elast\u012bbu.<\/li>\n<li>Tas satur dab\u012bgo antioksidantu kompleksu, kas aizsarg\u0101 \u0161\u016bnas no br\u012bvo radik\u0101\u013cu kait\u012bg\u0101s ietekmes, un zobu aizsardz\u012bbas kompleksu, kas nodro\u0161ina j\u016bsu m\u012blu\u013ca zobu vesel\u012bbu.<\/li>\n<li>Fitmin Maxi Performance augsts nepies\u0101tin\u0101to tauku un viegli sagremojamu vistas ga\u013cas olbaltumvielu l\u012bmenis uztur j\u016bsu m\u012blu\u013ca musku\u013cu masu liesu, un maz\u0101kas porcijas, kas nepiecie\u0161amas, lai nodro\u0161in\u0101tu ener\u0123iju, neapgr\u016btinot gremo\u0161anas sist\u0113mu.<\/li>\n<li>\u012apa\u0161a formula, kas piel\u0101gota tikai \u013coti akt\u012bvu su\u0146u vajadz\u012bb\u0101m, kuriem nepiecie\u0161ams daudz ener\u0123ijas un iztur\u012bbas.<\/li>\n<li>Rozmar\u012bna ekstrakts stimul\u0113 aknu darb\u012bbu un uzlabo gremo\u0161anas sist\u0113mas darb\u012bbu.<\/li>\n<li>Fitmin Maxi Performance nesatur kvie\u0161us, soju un \u0122MO.<\/li>\n<\/ul>","protected":false},"excerpt":{"rendered":"<p>Fitmin Maxi Performance &#8211; visavertis sausas maistas dideli\u0173 veisli\u0173 (nuo 35 kg) suaugusiems \u0161unims nuo 1,5 iki 7 met\u0173 am\u017eiaus. Nesvarbu ar \u0161uo varin\u0117ja avi\u0173 band\u0105 ar \u0161okin\u0117ja gaudydamas skraidant\u012f kamuol\u012f, sportuojantiems \u0161unims reikalinga dieta kurioje b\u016bt\u0173 daug \u0161vie\u017eios m\u0117sos, baltym\u0173 ir riebal\u0173 aktyviai j\u0173 veiklai ir i\u0161tvermei. Speciali Fitmin maisto formul\u0117, kurioje yra net&#8230;<\/p>","protected":false},"featured_media":45379,"comment_status":"closed","ping_status":"closed","template":"","meta":{"_acf_changed":false,"slim_seo":{"title":"Fitmin Maxi Performance sausas maistas \u0161unims 12 kg - Zooprekes24","description":"Fitmin Maxi Performance ir pilnv\u0113rt\u012bga saus\u0101 bar\u012bba lielo \u0161\u0137ir\u0146u (no 35 kg) pieaugu\u0161iem su\u0146iem no 1,5 l\u012bdz 7 gadu vecumam. Neatkar\u012bgi no t\u0101, vai suns ir aitu ban"},"iawp_total_views":78},"product_brand":[],"product_cat":[9044,9002,8999,29,31],"product_tag":[177,436,427,442,443],"class_list":{"0":"post-21925","1":"product","2":"type-product","3":"status-publish","4":"has-post-thumbnail","6":"product_cat-fitmin-nutritional-programme","7":"product_cat-sausas-maistas","8":"product_cat-sunims","9":"product_cat-sunu-maistas","10":"product_cat-sunu-prekiu-gamintojai","11":"product_tag-edalas-sunims","12":"product_tag-fitmin-aktyviam-suniui","13":"product_tag-fitmin-edalas-sunims","14":"product_tag-fitmin-sausas-maistas-aktyviam-suniui","15":"product_tag-padidintos-energetines-vertes-sunu-maistas","16":"pa_pasaro-sudetis-ryziai","17":"pa_pasaro-sudetis-vistiena","18":"pa_pasaro-sudetis-zuvis","19":"pa_prekiu-zenklai-fitmin-nutritional-programme","20":"pa_suns-amzius-suaugusiems","21":"pa_veisles-dydis-didelems-veislems","23":"first","24":"instock","25":"taxable","26":"shipping-taxable","27":"purchasable","28":"product-type-simple"},"acf":[],"_links":{"self":[{"href":"https:\/\/zooprekes24.lt\/lv\/wp-json\/wp\/v2\/product\/21925","targetHints":{"allow":["GET"]}}],"collection":[{"href":"https:\/\/zooprekes24.lt\/lv\/wp-json\/wp\/v2\/product"}],"about":[{"href":"https:\/\/zooprekes24.lt\/lv\/wp-json\/wp\/v2\/types\/product"}],"replies":[{"embeddable":true,"href":"https:\/\/zooprekes24.lt\/lv\/wp-json\/wp\/v2\/comments?post=21925"}],"wp:featuredmedia":[{"embeddable":true,"href":"https:\/\/zooprekes24.lt\/lv\/wp-json\/wp\/v2\/media\/45379"}],"wp:attachment":[{"href":"https:\/\/zooprekes24.lt\/lv\/wp-json\/wp\/v2\/media?parent=21925"}],"wp:term":[{"taxonomy":"product_brand","embeddable":true,"href":"https:\/\/zooprekes24.lt\/lv\/wp-json\/wp\/v2\/product_brand?post=21925"},{"taxonomy":"product_cat","embeddable":true,"href":"https:\/\/zooprekes24.lt\/lv\/wp-json\/wp\/v2\/product_cat?post=21925"},{"taxonomy":"product_tag","embeddable":true,"href":"https:\/\/zooprekes24.lt\/lv\/wp-json\/wp\/v2\/product_tag?post=21925"}],"curies":[{"name":"wp","href":"https:\/\/api.w.org\/{rel}","templated":true}]}}