{"id":21923,"date":"2024-04-18T21:18:06","date_gmt":"2024-04-18T18:18:06","guid":{"rendered":"https:\/\/zooprekes24.lt\/produktas\/fitmin-maxi-senior-sausas-maistas\/"},"modified":"2026-04-03T15:59:35","modified_gmt":"2026-04-03T13:59:35","slug":"fitmin-maxi-senior-sausas-maistas","status":"publish","type":"product","link":"https:\/\/zooprekes24.lt\/lv\/produktas\/fitmin-maxi-senior-sausas-maistas\/","title":{"rendered":"Fitmin Maxi Senior saus\u0101 bar\u012bba su\u0146iem 12 kg"},"content":{"rendered":"<h3>Fitmin Maxi Senior &#8211; visavertis sausas maistas dideli\u0173 veisli\u0173 (nuo 35 kg) vyresnio am\u017eiaus \u0161unims nuo 7 met\u0173. Lengvai vir\u0161kinamas, praturtintas organiniu selenu ir vitaminu E tam, kad sul\u0117tintu sen\u0117jimo procesus, suma\u017eintu apsivalgymo rizik\u0105 bei minimalizuotu galimas \u0161uns vir\u0161kinimo problemas. Sud\u0117tyje esantis ma\u017eesnis riebal\u0173 kiekis apsaugo augintin\u012f nuo nutukimo.<\/h3>\n<ul>\n<li>\u012apa\u0161a Fitmin bar\u012bbas formula, <a href=\"https:\/\/www.youtube.com\/watch?v=1yoQTbErEss\">kas satur 73 % dz\u012bvnieku olbaltumvielas<\/a>, kas stiprina su\u0146a dabisk\u0101s aizsargsp\u0113jas.<\/li>\n<li><a href=\"https:\/\/zooprekes24.lt\/lv\/products\/dr-clauders-barf-lassi-ella\/\">La\u0161a e\u013c\u013ca<\/a> ir lielisks omega 3 tauksk\u0101bju (EPA un DHA) avots, kas baro un mitrina su\u0146a ka\u017eoku un \u0101du. EPA piem\u012bt dabiska pretiekaisuma iedarb\u012bba, savuk\u0101rt DHA ir saist\u012bta ar smadze\u0146u un t\u012bklenes strukt\u016bru.<\/li>\n<li>Satur B12 vitam\u012bnu un folijsk\u0101bi, kas pal\u012bdz uztur\u0113t vesel\u012bgu sirds darb\u012bbu un samazina sirds un asinsvadu slim\u012bbu risku.<\/li>\n<li>Hondroit\u012bns un glikozam\u012bns stiprina j\u016bsu m\u012blu\u013ca skrim\u0161\u013cus, c\u012bpslas un saites.<\/li>\n<li>Zems glik\u0113miskais indekss pal\u012bdz uztur\u0113t optim\u0101lu cukura l\u012bmeni asin\u012bs un samazina aptauko\u0161an\u0101s risku.<\/li>\n<li>Fitmin Maxi Senior satur rozmar\u012bna ekstraktu, kas stimul\u0113 aknu darb\u012bbu un uzlabo gremo\u0161anas sist\u0113mu.<\/li>\n<li>\u0112diens nesatur: kvie\u0161us, soju un \u0122MO.<\/li>\n<\/ul>","protected":false},"excerpt":{"rendered":"<p>Fitmin Maxi Senior &#8211; visavertis sausas maistas dideli\u0173 veisli\u0173 (nuo 35 kg) vyresnio am\u017eiaus \u0161unims nuo 7 met\u0173. Lengvai vir\u0161kinamas, praturtintas organiniu selenu ir vitaminu E tam, kad sul\u0117tintu sen\u0117jimo procesus, suma\u017eintu apsivalgymo rizik\u0105 bei minimalizuotu galimas \u0161uns vir\u0161kinimo problemas. Sud\u0117tyje esantis ma\u017eesnis riebal\u0173 kiekis apsaugo augintin\u012f nuo nutukimo. Speciali Fitmin maisto formul\u0117, kurioje yra&#8230;<\/p>","protected":false},"featured_media":45394,"comment_status":"closed","ping_status":"closed","template":"","meta":{"_acf_changed":false,"slim_seo":{"title":"Fitmin Maxi Senior sausas maistas \u0161unims 12 kg - Zooprekes24","description":"Fitmin Maxi Senior - visavertis sausas maistas dideli\u0173 veisli\u0173 (nuo 35 kg) vyresnio am\u017eiaus \u0161unims nuo 7 met\u0173. Lengvai vir\u0161kinamas, praturtintas organiniu selen"},"iawp_total_views":70},"product_brand":[],"product_cat":[9044,9002,8999,29,31],"product_tag":[177,427,1664,1665],"class_list":{"0":"post-21923","1":"product","2":"type-product","3":"status-publish","4":"has-post-thumbnail","6":"product_cat-fitmin-nutritional-programme","7":"product_cat-sausas-maistas","8":"product_cat-sunims","9":"product_cat-sunu-maistas","10":"product_cat-sunu-prekiu-gamintojai","11":"product_tag-edalas-sunims","12":"product_tag-fitmin-edalas-sunims","13":"product_tag-fitmin-maistas-seniems-sunims","14":"product_tag-fitmin-senam-suniui","15":"pa_pasaro-sudetis-ryziai","16":"pa_pasaro-sudetis-vistiena","17":"pa_pasaro-sudetis-zuvis","18":"pa_prekiu-zenklai-fitmin-nutritional-programme","19":"pa_suns-amzius-senjorams","20":"pa_veisles-dydis-didelems-veislems","22":"first","23":"instock","24":"taxable","25":"shipping-taxable","26":"purchasable","27":"product-type-simple"},"acf":[],"_links":{"self":[{"href":"https:\/\/zooprekes24.lt\/lv\/wp-json\/wp\/v2\/product\/21923","targetHints":{"allow":["GET"]}}],"collection":[{"href":"https:\/\/zooprekes24.lt\/lv\/wp-json\/wp\/v2\/product"}],"about":[{"href":"https:\/\/zooprekes24.lt\/lv\/wp-json\/wp\/v2\/types\/product"}],"replies":[{"embeddable":true,"href":"https:\/\/zooprekes24.lt\/lv\/wp-json\/wp\/v2\/comments?post=21923"}],"wp:featuredmedia":[{"embeddable":true,"href":"https:\/\/zooprekes24.lt\/lv\/wp-json\/wp\/v2\/media\/45394"}],"wp:attachment":[{"href":"https:\/\/zooprekes24.lt\/lv\/wp-json\/wp\/v2\/media?parent=21923"}],"wp:term":[{"taxonomy":"product_brand","embeddable":true,"href":"https:\/\/zooprekes24.lt\/lv\/wp-json\/wp\/v2\/product_brand?post=21923"},{"taxonomy":"product_cat","embeddable":true,"href":"https:\/\/zooprekes24.lt\/lv\/wp-json\/wp\/v2\/product_cat?post=21923"},{"taxonomy":"product_tag","embeddable":true,"href":"https:\/\/zooprekes24.lt\/lv\/wp-json\/wp\/v2\/product_tag?post=21923"}],"curies":[{"name":"wp","href":"https:\/\/api.w.org\/{rel}","templated":true}]}}