{"id":21921,"date":"2024-04-18T21:18:06","date_gmt":"2024-04-18T18:18:06","guid":{"rendered":"https:\/\/zooprekes24.lt\/produktas\/fitmin-for-life-salmon-mini-stripes-70g\/"},"modified":"2024-05-22T17:32:57","modified_gmt":"2024-05-22T14:32:57","slug":"fitmin-for-life-lasa-mini-svitras-70g","status":"publish","type":"product","link":"https:\/\/zooprekes24.lt\/lv\/produktas\/fitmin-for-life-salmon-mini-stripes-70g\/","title":{"rendered":"Fitmin for Life La\u0161a mini sv\u012btri\u0146u k\u0101rumi 70 g"},"content":{"rendered":"<h3>Fitmin for Life Salmon Mini Stripes - la\u0161a na\u0161\u0137i visiem vecumiem <a href=\"https:\/\/zooprekes24.lt\/lv\/kategorija\/prekes-katems\/\" target=\"_blank\" rel=\"noopener\">ka\u0137iem<\/a> un su\u0146iem ar augstas kvalit\u0101tes olbaltumviel\u0101m un zemu tauku saturu. Gardumi ir sagriezti maz\u0101s str\u0113mel\u0113s, kas saglab\u0101 \u012bpa\u0161i gardu gar\u0161u un vilino\u0161u svaiga la\u0161a smar\u017eu ka\u0137iem un su\u0146iem.<\/h3>\n<ul>\n<li>T\u0101 satur 81,8 % ga\u013cas, kas var pal\u012bdz\u0113t uztur\u0113t j\u016bsu m\u012blu\u013ca ener\u0123iju un labsaj\u016btu.<\/li>\n<li>Pateicoties to sast\u0101vam un gar\u0161\u012bgajai gar\u0161ai, la\u0161a k\u0101rumi ir iecien\u012bti pat vispras\u012bg\u0101ko dz\u012bvnieku vid\u016b.<\/li>\n<li>Iepakotas lietot\u0101jam \u0113rt\u0101, atk\u0101rtoti nosl\u0113dzam\u0101 maisi\u0146\u0101, ko var atv\u0113rt un atk\u0101rtoti nosl\u0113gt, t\u0101p\u0113c t\u0101s ilgi saglab\u0101jas svaigas.<\/li>\n<li>Fitmin for Life La\u0161a mini sv\u012btri\u0146as ir lieliski piem\u0113rotas k\u0101 balva vai gar\u0161\u012bga uzkoda.<\/li>\n<li><a href=\"https:\/\/www.fitmin.cz\/p\/ffl-dog-cat-treat-duck-jerky-70g?backlink=172do%3Dsortproductsdo%3Dsortproducts#tabs-4\" target=\"_blank\" rel=\"noopener\">na\u0161\u0137i nesatur kr\u0101svielas, aromatiz\u0113t\u0101jus un graudus.<\/a>.<\/li>\n<\/ul>","protected":false},"excerpt":{"rendered":"<p>Fitmin for Life Salmon Mini Stripes &#8211; la\u0161isos skan\u0117stai vis\u0173 am\u017eiaus grupi\u0173 kat\u0117ms ir \u0161unims su daug kokybi\u0161k\u0173 baltym\u0173 ir ma\u017eai riebal\u0173. Skan\u0117stai supjaustyti ma\u017eomis juostel\u0117mis, kurios i\u0161laiko ypatingai gard\u0173 skon\u012f bei kates ir \u0161unis viliojanti \u0161vie\u017eios la\u0161i\u0161os kvap\u0105. Sud\u0117tyje &#8211; 81,8 proc. m\u0117sos, kuri gali pad\u0117ti palaikyti augintinio energij\u0105 ir ger\u0105 savijaut\u0105. D\u0117l savo&#8230;<\/p>","protected":false},"featured_media":18373,"comment_status":"closed","ping_status":"closed","template":"","meta":{"_acf_changed":false,"slim_seo":{"title":"Fitmin for Life Salmon Mini Stripes skan\u0117stai 70 g - Zooprekes24","description":"Fitmin for Life Salmon Mini Stripes - pilienus saturo\u0161i gardumi visu vecumu ka\u0137iem un su\u0146iem, bag\u0101ti ar kvalitat\u012bv\u0101m olbaltumviel\u0101m un ar zemu tauku saturu. Gardumi ir sagriezti gabali\u0146os."},"iawp_total_views":99},"product_brand":[],"product_cat":[9042,9043,72,83,25,9030,9010,9018,8999,31,30],"product_tag":[1618,3559,1623,2008,2013,2023],"class_list":{"0":"post-21921","1":"product","2":"type-product","3":"status-publish","4":"has-post-thumbnail","6":"product_cat-fitmin-for-life-katems","7":"product_cat-fitmin-for-life-sunims","8":"product_cat-kaciu-maistas","9":"product_cat-kaciu-prekiu-gamintojai","10":"product_cat-katems","11":"product_cat-minksti-kramtalai","12":"product_cat-naturalus-skanestai","13":"product_cat-skanestai","14":"product_cat-sunims","15":"product_cat-sunu-prekiu-gamintojai","16":"product_cat-sunu-skanestai","17":"product_tag-fitmin-for-life-naturalus-skanestai","18":"product_tag-fitmin-for-life-skanukai-katei","19":"product_tag-fitmin-skanestai-sunims","20":"product_tag-kaciu-skanestai","21":"product_tag-naturalus-skanestai-katems","22":"product_tag-traskus-skanestai-katems","23":"pa_pasaro-sudetis-lasisa","24":"pa_pasaro-sudetis-vistiena","25":"pa_pasaro-sudetis-zuvis","26":"pa_prekiu-zenklai-fitmin-for-life","27":"pa_suns-amzius-jauniems","28":"pa_suns-amzius-senjorams","29":"pa_suns-amzius-suaugusiems","30":"pa_suns-amzius-visiems-amziams","31":"pa_veisles-dydis-mazoms-veislems","33":"first","34":"outofstock","35":"featured","36":"taxable","37":"shipping-taxable","38":"purchasable","39":"product-type-simple"},"acf":[],"_links":{"self":[{"href":"https:\/\/zooprekes24.lt\/lv\/wp-json\/wp\/v2\/product\/21921","targetHints":{"allow":["GET"]}}],"collection":[{"href":"https:\/\/zooprekes24.lt\/lv\/wp-json\/wp\/v2\/product"}],"about":[{"href":"https:\/\/zooprekes24.lt\/lv\/wp-json\/wp\/v2\/types\/product"}],"replies":[{"embeddable":true,"href":"https:\/\/zooprekes24.lt\/lv\/wp-json\/wp\/v2\/comments?post=21921"}],"wp:featuredmedia":[{"embeddable":true,"href":"https:\/\/zooprekes24.lt\/lv\/wp-json\/wp\/v2\/media\/18373"}],"wp:attachment":[{"href":"https:\/\/zooprekes24.lt\/lv\/wp-json\/wp\/v2\/media?parent=21921"}],"wp:term":[{"taxonomy":"product_brand","embeddable":true,"href":"https:\/\/zooprekes24.lt\/lv\/wp-json\/wp\/v2\/product_brand?post=21921"},{"taxonomy":"product_cat","embeddable":true,"href":"https:\/\/zooprekes24.lt\/lv\/wp-json\/wp\/v2\/product_cat?post=21921"},{"taxonomy":"product_tag","embeddable":true,"href":"https:\/\/zooprekes24.lt\/lv\/wp-json\/wp\/v2\/product_tag?post=21921"}],"curies":[{"name":"wp","href":"https:\/\/api.w.org\/{rel}","templated":true}]}}