{"id":21919,"date":"2024-04-18T21:18:06","date_gmt":"2024-04-18T18:18:06","guid":{"rendered":"https:\/\/zooprekes24.lt\/produktas\/fitmin-for-life-chicken-jerky-70g\/"},"modified":"2026-03-02T17:13:19","modified_gmt":"2026-03-02T15:13:19","slug":"fitmin-for-life-vistas-galas-zavejumi-70g","status":"publish","type":"product","link":"https:\/\/zooprekes24.lt\/lv\/produktas\/fitmin-for-life-chicken-jerky-70g\/","title":{"rendered":"Fitmin for Life Chicken Jerky k\u0101rumi ka\u0137iem 70 g"},"content":{"rendered":"<h3>Fitmin for Life Chicken Jerky - vistas ga\u013cas na\u0161\u0137i visiem vecumiem <a href=\"https:\/\/zooprekes24.lt\/lv\/kategorija\/prekes-katems\/\" target=\"_blank\" rel=\"noopener\">ka\u0137iem<\/a> daudz kvalitat\u012bvu olbaltumvielu un maz tauku. Gardumi ir sagriezti maz\u0101s str\u0113mel\u012bt\u0113s, kas saglab\u0101 \u012bpa\u0161i gardu gar\u0161u un vilino\u0161u svaigas vistas ga\u013cas smar\u017eu.<\/h3>\n<ul>\n<li>Satur 93,8 % ga\u013cas, kas pal\u012bdz uztur\u0113t j\u016bsu ka\u0137a ener\u0123iju un labsaj\u016btu.<\/li>\n<li>Pateicoties to sast\u0101vam un gar\u0161\u012bgajai gar\u0161ai, vistas k\u0101rumi ir iecien\u012bti pat visizv\u0113l\u012bg\u0101ko ka\u0137u vid\u016b.<\/li>\n<li>Iepakotas lietot\u0101jam \u0113rt\u0101, atk\u0101rtoti nosl\u0113dzam\u0101 maisi\u0146\u0101, ko var atv\u0113rt un atk\u0101rtoti nosl\u0113gt, t\u0101p\u0113c t\u0101s ilgi saglab\u0101jas svaigas.<\/li>\n<li>Fitmin for Life Chicken Jerky na\u0161\u0137i ka\u0137iem ir lieliski piem\u0113roti k\u0101 balva vai gar\u0161\u012bga uzkoda.<\/li>\n<li><a href=\"https:\/\/www.fitmin.cz\/p\/ffl-dog-cat-treat-duck-jerky-70g?backlink=172do%3Dsortproductsdo%3Dsortproducts#tabs-4\" target=\"_blank\" rel=\"noopener\">na\u0161\u0137i nesatur kr\u0101svielas, aromatiz\u0113t\u0101jus un graudus.<\/a>.<\/li>\n<\/ul>","protected":false},"excerpt":{"rendered":"<p>Fitmin for Life Chicken Jerky &#8211; vi\u0161tienos m\u0117sos skan\u0117stai vis\u0173 am\u017eiaus grupi\u0173 kat\u0117ms su daug kokybi\u0161k\u0173 baltym\u0173 ir ma\u017eai riebal\u0173. Skan\u0117stai supjaustyti ma\u017eomis juostel\u0117mis, kurios i\u0161laiko ypatingai gard\u0173 skon\u012f ir kates viliojanti \u0161vie\u017eios vi\u0161tienos kvap\u0105. Sud\u0117tyje &#8211; 93,8 proc. m\u0117sos, kuri gali pad\u0117ti palaikyti kat\u0117s energij\u0105 ir ger\u0105 savijaut\u0105. D\u0117l savo sud\u0117ties ir gardaus skonio,&#8230;<\/p>","protected":false},"featured_media":18368,"comment_status":"closed","ping_status":"closed","template":"","meta":{"_acf_changed":false,"slim_seo":{"title":"Fitmin for Life Chicken Jerky skan\u0117stai kat\u0117ms 70 g - Zooprekes24","description":"Fitmin for Life Chicken Jerky - vi\u0161tienos m\u0117sos skan\u0117stai vis\u0173 am\u017eiaus grupi\u0173 kat\u0117ms su daug kokybi\u0161k\u0173 baltym\u0173 ir ma\u017eai riebal\u0173. Skan\u0117stai supjaustyti ma\u017eomis j"},"iawp_total_views":33},"product_brand":[],"product_cat":[9042,72,83,25,9018],"product_tag":[1618,3559,2008,2013,2023],"class_list":{"0":"post-21919","1":"product","2":"type-product","3":"status-publish","4":"has-post-thumbnail","6":"product_cat-fitmin-for-life-katems","7":"product_cat-kaciu-maistas","8":"product_cat-kaciu-prekiu-gamintojai","9":"product_cat-katems","10":"product_cat-skanestai","11":"product_tag-fitmin-for-life-naturalus-skanestai","12":"product_tag-fitmin-for-life-skanukai-katei","13":"product_tag-kaciu-skanestai","14":"product_tag-naturalus-skanestai-katems","15":"product_tag-traskus-skanestai-katems","16":"pa_pasaro-sudetis-vistiena","17":"pa_prekiu-zenklai-fitmin-for-life","19":"first","20":"outofstock","21":"featured","22":"taxable","23":"shipping-taxable","24":"purchasable","25":"product-type-simple"},"acf":[],"_links":{"self":[{"href":"https:\/\/zooprekes24.lt\/lv\/wp-json\/wp\/v2\/product\/21919","targetHints":{"allow":["GET"]}}],"collection":[{"href":"https:\/\/zooprekes24.lt\/lv\/wp-json\/wp\/v2\/product"}],"about":[{"href":"https:\/\/zooprekes24.lt\/lv\/wp-json\/wp\/v2\/types\/product"}],"replies":[{"embeddable":true,"href":"https:\/\/zooprekes24.lt\/lv\/wp-json\/wp\/v2\/comments?post=21919"}],"wp:featuredmedia":[{"embeddable":true,"href":"https:\/\/zooprekes24.lt\/lv\/wp-json\/wp\/v2\/media\/18368"}],"wp:attachment":[{"href":"https:\/\/zooprekes24.lt\/lv\/wp-json\/wp\/v2\/media?parent=21919"}],"wp:term":[{"taxonomy":"product_brand","embeddable":true,"href":"https:\/\/zooprekes24.lt\/lv\/wp-json\/wp\/v2\/product_brand?post=21919"},{"taxonomy":"product_cat","embeddable":true,"href":"https:\/\/zooprekes24.lt\/lv\/wp-json\/wp\/v2\/product_cat?post=21919"},{"taxonomy":"product_tag","embeddable":true,"href":"https:\/\/zooprekes24.lt\/lv\/wp-json\/wp\/v2\/product_tag?post=21919"}],"curies":[{"name":"wp","href":"https:\/\/api.w.org\/{rel}","templated":true}]}}