{"id":21918,"date":"2024-04-18T21:18:06","date_gmt":"2024-04-18T18:18:06","guid":{"rendered":"https:\/\/zooprekes24.lt\/produktas\/fitmin-for-life-duck-jerky-skanestai\/"},"modified":"2026-05-11T13:32:16","modified_gmt":"2026-05-11T11:32:16","slug":"fitmin-for-life-pilu-jerky-skanestai","status":"publish","type":"product","link":"https:\/\/zooprekes24.lt\/lv\/produktas\/fitmin-for-life-duck-jerky-skanestai\/","title":{"rendered":"Fitmin for Life P\u012bles Jerky na\u0161\u0137i su\u0146iem un ka\u0137iem 70 g"},"content":{"rendered":"<h3>Fitmin for Life Duck Jerky - p\u012b\u013cu ga\u013cas na\u0161\u0137i visu vecumu su\u0146iem un <a href=\"https:\/\/zooprekes24.lt\/lv\/kategorija\/prekes-katems\/\" target=\"_blank\" rel=\"noopener\">ka\u0137iem<\/a> daudz kvalitat\u012bvu olbaltumvielu un maz tauku. Gardumi ir sagriezti maz\u0101s str\u0113mel\u012bt\u0113s, kas saglab\u0101 \u012bpa\u0161i gardu gar\u0161u un vilino\u0161u svaigas p\u012bles smar\u017eu j\u016bsu m\u012blulim.<\/h3>\n<ul>\n<li><a href=\"https:\/\/www.fitmin.cz\/p\/ffl-dog-cat-treat-duck-jerky-70g?backlink=172do%3Dsortproductsdo%3Dsortproducts#tabs-4\" target=\"_blank\" rel=\"noopener\">na\u0161\u0137i nesatur kr\u0101svielas, aromatiz\u0113t\u0101jus un graudus.<\/a>.<\/li>\n<li>Iepakots lietot\u0101jam \u0113rt\u0101 r\u0101v\u0113jsl\u0113dz\u0113ja tipa iepakojum\u0101, kas nodro\u0161ina ilgsto\u0161u svaigumu.<\/li>\n<li>T\u0101 satur 93,8 % ga\u013cas, kas var pal\u012bdz\u0113t uztur\u0113t dz\u012bvnieka ener\u0123iju un labsaj\u016btu.<\/li>\n<li>Pateicoties to sast\u0101vam un gar\u0161\u012bgajai gar\u0161ai, p\u012b\u013cu na\u0161\u0137i ir iecien\u012bti pat visizv\u0113l\u012bg\u0101ko m\u0101jdz\u012bvnieku vid\u016b.<\/li>\n<li>Fitmin for Life Duck Jerky na\u0161\u0137i su\u0146iem un ka\u0137iem ir lieliski piem\u0113roti k\u0101 balva, treni\u0146\u0161 vai gar\u0161\u012bga uzkoda.<\/li>\n<\/ul>","protected":false},"excerpt":{"rendered":"<p>Fitmin for Life Duck Jerky - p\u012bles ga\u013cas na\u0161\u0137i visu vecumu su\u0146iem un ka\u0137iem ar augstu olbaltumvielu saturu un zemu tauku saturu. Gardumi ir sagriezti maz\u0101s str\u0113mel\u012bt\u0113s, kas saglab\u0101 \u012bpa\u0161i gardu gar\u0161u un vilino\u0161u svaigas p\u012bles smar\u017eu. Gar\u0161augos nav kr\u0101svielu, aromatiz\u0113t\u0101ju un graudu. Iepakotas \u0113rt\u0101 r\u0101v\u0113jsl\u0113dz\u0113ja aizdares iepakojum\u0101, kas nodro\u0161ina ilgsto\u0161u...<\/p>","protected":false},"featured_media":18364,"comment_status":"closed","ping_status":"closed","template":"","meta":{"_acf_changed":false,"slim_seo":{"title":"Fitmin for Life Duck Jerky skan\u0117stai \u0161unims ir kat\u0117ms 70 g - Zooprekes24","description":"Fitmin for Life Duck Jerky - p\u012bles ga\u013cas na\u0161\u0137i visu vecumu su\u0146iem un ka\u0137iem ar augstu olbaltumvielu saturu un zemu tauku saturu. Gardumi ir sagriezti neliel\u0101s da\u013c\u0101s."},"iawp_total_views":121},"product_brand":[],"product_cat":[9043,9042,72,83,25,9010,9018,8999,31,30],"product_tag":[4512,1618,3559,2008,2013,2023],"class_list":{"0":"post-21918","1":"product","2":"type-product","3":"status-publish","4":"has-post-thumbnail","6":"product_cat-fitmin-for-life-sunims","7":"product_cat-fitmin-for-life-katems","8":"product_cat-kaciu-maistas","9":"product_cat-kaciu-prekiu-gamintojai","10":"product_cat-katems","11":"product_cat-naturalus-skanestai","12":"product_cat-skanestai","13":"product_cat-sunims","14":"product_cat-sunu-prekiu-gamintojai","15":"product_cat-sunu-skanestai","16":"product_tag-antienos-skanestai-katei","17":"product_tag-fitmin-for-life-naturalus-skanestai","18":"product_tag-fitmin-for-life-skanukai-katei","19":"product_tag-kaciu-skanestai","20":"product_tag-naturalus-skanestai-katems","21":"product_tag-traskus-skanestai-katems","22":"pa_pasaro-sudetis-antiena","23":"pa_prekiu-zenklai-fitmin-for-life","24":"pa_suns-amzius-jauniems","25":"pa_suns-amzius-senjorams","26":"pa_suns-amzius-suaugusiems","27":"pa_suns-amzius-visiems-amziams","28":"pa_veisles-dydis-didelems-veislems","29":"pa_veisles-dydis-mazoms-veislems","30":"pa_veisles-dydis-vidutinems-veislems","31":"pa_veisles-dydis-visu-dydziu-veislems","33":"first","34":"instock","35":"featured","36":"taxable","37":"shipping-taxable","38":"purchasable","39":"product-type-simple"},"acf":[],"_links":{"self":[{"href":"https:\/\/zooprekes24.lt\/lv\/wp-json\/wp\/v2\/product\/21918","targetHints":{"allow":["GET"]}}],"collection":[{"href":"https:\/\/zooprekes24.lt\/lv\/wp-json\/wp\/v2\/product"}],"about":[{"href":"https:\/\/zooprekes24.lt\/lv\/wp-json\/wp\/v2\/types\/product"}],"replies":[{"embeddable":true,"href":"https:\/\/zooprekes24.lt\/lv\/wp-json\/wp\/v2\/comments?post=21918"}],"wp:featuredmedia":[{"embeddable":true,"href":"https:\/\/zooprekes24.lt\/lv\/wp-json\/wp\/v2\/media\/18364"}],"wp:attachment":[{"href":"https:\/\/zooprekes24.lt\/lv\/wp-json\/wp\/v2\/media?parent=21918"}],"wp:term":[{"taxonomy":"product_brand","embeddable":true,"href":"https:\/\/zooprekes24.lt\/lv\/wp-json\/wp\/v2\/product_brand?post=21918"},{"taxonomy":"product_cat","embeddable":true,"href":"https:\/\/zooprekes24.lt\/lv\/wp-json\/wp\/v2\/product_cat?post=21918"},{"taxonomy":"product_tag","embeddable":true,"href":"https:\/\/zooprekes24.lt\/lv\/wp-json\/wp\/v2\/product_tag?post=21918"}],"curies":[{"name":"wp","href":"https:\/\/api.w.org\/{rel}","templated":true}]}}