{"id":21917,"date":"2024-04-18T21:18:06","date_gmt":"2024-04-18T18:18:06","guid":{"rendered":"https:\/\/zooprekes24.lt\/produktas\/fitmin-for-life-adult-sterilized-415g\/"},"modified":"2026-04-03T16:16:29","modified_gmt":"2026-04-03T14:16:29","slug":"fitmin-for-life-pieauguso-sterilizeta-lasa-bariba-kakiem-400g","status":"publish","type":"product","link":"https:\/\/zooprekes24.lt\/lv\/produktas\/fitmin-for-life-adult-sterilized-salmon-konservai-katems-padaze-400g\/","title":{"rendered":"Fitmin for Life Adult Steriliz\u0113ta la\u0161a konservi ka\u0137iem m\u0113rc\u0113 400 g"},"content":{"rendered":"<h3><span style=\"vertical-align: inherit\"><span style=\"vertical-align: inherit\"><span style=\"vertical-align: inherit\"><span style=\"vertical-align: inherit\">Fitmin for Life pieaugu\u0161o steriliz\u0113ta la\u0161a konservi - <\/span><\/span><\/span><\/span>ir sabalans\u0113ta mitr\u0101 ka\u0137u bar\u012bba konservu k\u0101rbi\u0146\u0101 pieaugu\u0161iem, steriliz\u0113tiem\/kastr\u0113tiem ka\u0137iem no 1 gada vecuma.<\/h3>\n<ul>\n<li>Konserv\u0113tajai receptei m\u0113rc\u0113 pievieno zivju gabali\u0146us.<\/li>\n<li><span style=\"vertical-align: inherit\"><span style=\"vertical-align: inherit\"><span style=\"vertical-align: inherit\"><span style=\"vertical-align: inherit\">Fitmin for Life Adult Sterilized Salmon mitr\u0101 bar\u012bba pieaugu\u0161iem steriliz\u0113tiem su\u0146iem <\/span><\/span><\/span><\/span><a href=\"https:\/\/zooprekes24.lt\/lv\/kategorija\/prekes-katems\/\" target=\"_blank\" rel=\"noopener\"><span style=\"vertical-align: inherit\"><span style=\"vertical-align: inherit\"><span style=\"vertical-align: inherit\"><span style=\"vertical-align: inherit\">ka\u0137iem<\/span><\/span><\/span><\/span><\/a><span style=\"vertical-align: inherit\"><span style=\"vertical-align: inherit\"><span style=\"vertical-align: inherit\"><span style=\"vertical-align: inherit\">.<\/span><\/span><\/span><\/span><\/li>\n<li>Neaizvietojam\u0101 aminosk\u0101be taur\u012bns pal\u012bdz uztur\u0113t veselu ka\u0137a sirdi un redzi.<\/li>\n<li>Konservi papildina D3 vitam\u012bns un miner\u0101lvielas, kas ir \u013coti svar\u012bgas ka\u0137u skeleta, musku\u013cu un nervu sist\u0113mai.<\/li>\n<li><a href=\"https:\/\/www.fitmin.com\/en\/ingredients\" target=\"_blank\" rel=\"noopener\"><span style=\"vertical-align: inherit\"><span style=\"vertical-align: inherit\"><span style=\"vertical-align: inherit\"><span style=\"vertical-align: inherit\">Nesatur m\u0101ksl\u012bg\u0101s kr\u0101svielas un konservantus<\/span><\/span><\/span><\/span><\/a>.<\/li>\n<\/ul>","protected":false},"excerpt":{"rendered":"<p>Fitmin for Life Adult Sterilized Salmon konservai &#8211; tai subalansuotas \u0161lapias ka\u010di\u0173 pa\u0161aras skardin\u0117je, skirtas suaugusioms, sterilizuotoms kat\u0117ms nuo 1 met\u0173 am\u017eiaus. Konserv\u0173 formul\u0117 pagardinta \u017euvies gabaliukais pada\u017ee. Fitmin for Life Adult Sterilized Salmon \u0161lapias \u0117dalas skirtas suaugusioms, sterilizuotoms kat\u0117ms. Sud\u0117tyje esanti nepamainoma aminor\u016bg\u0161tis taurinas padeda i\u0161saugoti sveik\u0105 kat\u0117s \u0161ird\u012f ir reg\u0117jim\u0105. Konserv\u0173 sud\u0117tis papildyta&#8230;<\/p>","protected":false},"featured_media":34814,"comment_status":"closed","ping_status":"closed","template":"","meta":{"_acf_changed":false,"slim_seo":{"title":"Fitmin for Life Adult Sterilized Salmon konservai kat\u0117ms pada\u017ee 400 g - Zooprekes24","description":"Fitmin for Life Adult Sterilized Salmon Canned ir sabalans\u0113ta mitr\u0101 ka\u0137u bar\u012bba konservos pieaugu\u0161iem steriliz\u0113tiem ka\u0137iem no 1 gada vecuma."},"iawp_total_views":78},"product_brand":[],"product_cat":[9042,72,83,25,9020],"product_tag":[2173],"class_list":{"0":"post-21917","1":"product","2":"type-product","3":"status-publish","4":"has-post-thumbnail","6":"product_cat-fitmin-for-life-katems","7":"product_cat-kaciu-maistas","8":"product_cat-kaciu-prekiu-gamintojai","9":"product_cat-katems","10":"product_cat-slapias-maistas-kaciu-maistas","11":"product_tag-konservuotas-maistas-katems","12":"pa_pasaro-sudetis-lasisa","13":"pa_pasaro-sudetis-zuvis","14":"pa_prekiu-zenklai-fitmin-for-life","16":"first","17":"instock","18":"featured","19":"taxable","20":"shipping-taxable","21":"purchasable","22":"product-type-simple"},"acf":[],"_links":{"self":[{"href":"https:\/\/zooprekes24.lt\/lv\/wp-json\/wp\/v2\/product\/21917","targetHints":{"allow":["GET"]}}],"collection":[{"href":"https:\/\/zooprekes24.lt\/lv\/wp-json\/wp\/v2\/product"}],"about":[{"href":"https:\/\/zooprekes24.lt\/lv\/wp-json\/wp\/v2\/types\/product"}],"replies":[{"embeddable":true,"href":"https:\/\/zooprekes24.lt\/lv\/wp-json\/wp\/v2\/comments?post=21917"}],"wp:featuredmedia":[{"embeddable":true,"href":"https:\/\/zooprekes24.lt\/lv\/wp-json\/wp\/v2\/media\/34814"}],"wp:attachment":[{"href":"https:\/\/zooprekes24.lt\/lv\/wp-json\/wp\/v2\/media?parent=21917"}],"wp:term":[{"taxonomy":"product_brand","embeddable":true,"href":"https:\/\/zooprekes24.lt\/lv\/wp-json\/wp\/v2\/product_brand?post=21917"},{"taxonomy":"product_cat","embeddable":true,"href":"https:\/\/zooprekes24.lt\/lv\/wp-json\/wp\/v2\/product_cat?post=21917"},{"taxonomy":"product_tag","embeddable":true,"href":"https:\/\/zooprekes24.lt\/lv\/wp-json\/wp\/v2\/product_tag?post=21917"}],"curies":[{"name":"wp","href":"https:\/\/api.w.org\/{rel}","templated":true}]}}