{"id":21916,"date":"2024-04-18T21:18:06","date_gmt":"2024-04-18T18:18:06","guid":{"rendered":"https:\/\/zooprekes24.lt\/produktas\/fitmin-for-life-kitten-chicken-400g\/"},"modified":"2025-10-07T17:59:24","modified_gmt":"2025-10-07T15:59:24","slug":"fitmin-for-life-kitten-chicken-400g","status":"publish","type":"product","link":"https:\/\/zooprekes24.lt\/lv\/produktas\/fitmin-for-life-kitten-chicken-400g\/","title":{"rendered":"Fitmin for Life Kitten Chicken konservi ka\u0137\u0113niem m\u0113rc\u0113 400 g"},"content":{"rendered":"<h3>Fitmin for Life Kitten Chicken konservai &#8211; tai subalansuotas \u0161lapias ka\u010di\u0173 pa\u0161aras skardin\u0117je, skirtas ka\u010diukams iki 1 met\u0173 am\u017eiaus.<\/h3>\n<ul>\n<li><span style=\"vertical-align: inherit;\"><span style=\"vertical-align: inherit;\"><span style=\"vertical-align: inherit;\"><span style=\"vertical-align: inherit;\">\u0160lapias \u0117dalas skirtas ma\u017eiems <a href=\"https:\/\/zooprekes24.lt\/kategorija\/prekes-katems\/?filters=kates-amzius[384]\" target=\"_blank\" rel=\"noopener\">ka\u010diukams<\/a><\/span><\/span><\/span><\/span><span style=\"vertical-align: inherit;\"><span style=\"vertical-align: inherit;\"><span style=\"vertical-align: inherit;\"><span style=\"vertical-align: inherit;\">.<\/span><\/span><\/span><\/span><\/li>\n<li><a href=\"https:\/\/www.fitmin.com\/en\/ingredients\" target=\"_blank\" rel=\"noopener\"><span style=\"vertical-align: inherit;\"><span style=\"vertical-align: inherit;\"><span style=\"vertical-align: inherit;\"><span style=\"vertical-align: inherit;\">Sud\u0117tyje n\u0117ra dirbtini\u0173 da\u017eikli\u0173 ir konservant\u0173<\/span><\/span><\/span><\/span><\/a>.<\/li>\n<li>Konserv\u0173 formul\u0117 pagardinta vi\u0161tienos m\u0117sa pada\u017ee.<\/li>\n<li>Sud\u0117tyje esanti nepamainoma aminor\u016bg\u0161tis taurinas padeda stiprinti ka\u010diuko \u0161ird\u012f ir reg\u0117jim\u0105.<\/li>\n<li>Konserv\u0173 sud\u0117tis papildyta vitaminu D3 ir mineralais, kurie itin svarb\u016bs jauno ka\u010diuko skeleto, raumen\u0173 ir nerv\u0173 sistemai.<\/li>\n<\/ul>\n","protected":false},"excerpt":{"rendered":"<p>Fitmin for Life Kitten Chicken konservai &#8211; tai subalansuotas \u0161lapias ka\u010di\u0173 pa\u0161aras skardin\u0117je, skirtas ka\u010diukams iki 1 met\u0173 am\u017eiaus. \u0160lapias \u0117dalas skirtas ma\u017eiems ka\u010diukams. Sud\u0117tyje n\u0117ra dirbtini\u0173 da\u017eikli\u0173 ir konservant\u0173. Konserv\u0173 formul\u0117 pagardinta vi\u0161tienos m\u0117sa pada\u017ee. Sud\u0117tyje esanti nepamainoma aminor\u016bg\u0161tis taurinas padeda stiprinti ka\u010diuko \u0161ird\u012f ir reg\u0117jim\u0105. Konserv\u0173 sud\u0117tis papildyta vitaminu D3 ir mineralais, kurie&#8230;<\/p>","protected":false},"featured_media":18361,"comment_status":"closed","ping_status":"closed","template":"","meta":{"_acf_changed":false,"slim_seo":{"title":"Fitmin for Life Kitten Chicken konservai ka\u010diukams pada\u017ee 400 g - Zooprekes24","description":"Fitmin for Life Kitten Chicken konservai - tai subalansuotas \u0161lapias ka\u010di\u0173 pa\u0161aras skardin\u0117je, skirtas ka\u010diukams iki 1 met\u0173 am\u017eiaus. \u0160lapias \u0117dalas skirtas ma\u017ei"},"iawp_total_views":67},"product_brand":[],"product_cat":[9042,72,83,25,9020],"product_tag":[2173],"class_list":{"0":"post-21916","1":"product","2":"type-product","3":"status-publish","4":"has-post-thumbnail","6":"product_cat-fitmin-for-life-katems","7":"product_cat-kaciu-maistas","8":"product_cat-kaciu-prekiu-gamintojai","9":"product_cat-katems","10":"product_cat-slapias-maistas-kaciu-maistas","11":"product_tag-konservuotas-maistas-katems","12":"pa_pasaro-sudetis-vistiena","13":"pa_prekiu-zenklai-fitmin-for-life","15":"first","16":"outofstock","17":"featured","18":"taxable","19":"shipping-taxable","20":"purchasable","21":"product-type-simple"},"acf":[],"_links":{"self":[{"href":"https:\/\/zooprekes24.lt\/lv\/wp-json\/wp\/v2\/product\/21916","targetHints":{"allow":["GET"]}}],"collection":[{"href":"https:\/\/zooprekes24.lt\/lv\/wp-json\/wp\/v2\/product"}],"about":[{"href":"https:\/\/zooprekes24.lt\/lv\/wp-json\/wp\/v2\/types\/product"}],"replies":[{"embeddable":true,"href":"https:\/\/zooprekes24.lt\/lv\/wp-json\/wp\/v2\/comments?post=21916"}],"wp:featuredmedia":[{"embeddable":true,"href":"https:\/\/zooprekes24.lt\/lv\/wp-json\/wp\/v2\/media\/18361"}],"wp:attachment":[{"href":"https:\/\/zooprekes24.lt\/lv\/wp-json\/wp\/v2\/media?parent=21916"}],"wp:term":[{"taxonomy":"product_brand","embeddable":true,"href":"https:\/\/zooprekes24.lt\/lv\/wp-json\/wp\/v2\/product_brand?post=21916"},{"taxonomy":"product_cat","embeddable":true,"href":"https:\/\/zooprekes24.lt\/lv\/wp-json\/wp\/v2\/product_cat?post=21916"},{"taxonomy":"product_tag","embeddable":true,"href":"https:\/\/zooprekes24.lt\/lv\/wp-json\/wp\/v2\/product_tag?post=21916"}],"curies":[{"name":"wp","href":"https:\/\/api.w.org\/{rel}","templated":true}]}}