{"id":21913,"date":"2024-04-18T21:18:06","date_gmt":"2024-04-18T18:18:06","guid":{"rendered":"https:\/\/zooprekes24.lt\/produktas\/tauro-pro-line-pure-nature-nourishes\/"},"modified":"2024-09-09T14:25:55","modified_gmt":"2024-09-09T11:25:55","slug":"tauro-pro-line-tira-daba-baro","status":"publish","type":"product","link":"https:\/\/zooprekes24.lt\/lv\/produktas\/tauro-pro-line-pure-nature-nourishes\/","title":{"rendered":"Tauro Pro Line Pure Nature barojo\u0161s un atjaunojo\u0161s balz\u0101ms p\u0113d\u0101m 75 ml"},"content":{"rendered":"<h3>Tauro Pro Line Pure Nature Nourishes &amp; Restores ir unik\u0101ls produkts, kas ir oblig\u0101ts katra m\u0101jdz\u012bvnieka \u012bpa\u0161nieka medic\u012bnas kabinet\u0101. \u0160is dab\u012bgais produkts aizsarg\u0101 dz\u012bvnieku p\u0113das no s\u0101ls un net\u012brumiem ziem\u0101 un no karst\u0101m asfalta virsm\u0101m vasar\u0101. Balzamam piem\u012bt antibakteri\u0101las, mitrino\u0161as un jut\u012bgu \u0101du kopjo\u0161as \u012bpa\u0161\u012bbas.<\/h3>\n<ul>\n<li><strong>Aizsardz\u012bba visos gadalaikos. <\/strong>Balzams <a href=\"https:\/\/zooprekes24.lt\/lv\/?s=biocos&amp;post_type=product\" target=\"_blank\" rel=\"noopener\">nodro\u0161ina p\u0113du aizsardz\u012bbu<\/a> visu gadu - aizsarg\u0101 pret kait\u012bgiem vides faktoriem (karstu asfaltu, smilt\u012bm, s\u0101\u013ciem), mitrina un nodro\u0161ina \u0101das aizsargbarjeru.<\/li>\n<li><strong>Ar\u00a0<\/strong><strong>ka\u0146epju e\u013c\u013ca un alvejas sviests - mitrina un atjauno \u0101du. <\/strong>Tauro Pro Line Pure Nature Nourishes &amp; Restores \u012bpa\u0161\u0101 formula ar ka\u0146epju e\u013c\u013cu un alvejas sviestu nomierina un atjauno boj\u0101to \u0101du, mitrina un aizsarg\u0101.<\/li>\n<li><strong>Antibakteri\u0101las. <\/strong>Balzama sast\u0101v\u0101 ir lavandas un timi\u0101na \u0113terisk\u0101s e\u013c\u013cas, kur\u0101m piem\u012bt antibakteri\u0101las un nomierino\u0161as \u012bpa\u0161\u012bbas.<\/li>\n<li><strong>Dabiskais sast\u0101vs. <\/strong><a href=\"https:\/\/www.youtube.com\/watch?v=Iu7ThGOSO5I\" target=\"_blank\" rel=\"noopener\">Satur 97 % dab\u012bgo sast\u0101vda\u013cu<\/a>. Tas nesatur parab\u0113nus, sulf\u0101tus, silikonus un kr\u0101svielas.<\/li>\n<li><strong>Piem\u0113rots jut\u012bgiem m\u0101jdz\u012bvniekiem. <\/strong>Tauro Pro Line Pure Nature Nourishes &amp; Restores ir piem\u0113rots lieto\u0161anai pat jut\u012bgiem m\u0101jdz\u012bvniekiem, pateicoties \u012bpa\u0161i maigajam sast\u0101vam.<\/li>\n<li><strong>Viegli lietojams. <\/strong>Balz\u0101mu ir \u013coti viegli lietot: ar maig\u0101m ap\u013cveida kust\u012bb\u0101m iemas\u0113jiet balz\u0101mu sava m\u012blu\u013ca p\u0113d\u0101s vai uz deguna virsmas. Lai sasniegtu lab\u0101kos rezult\u0101tus, uzkl\u0101jiet balzamu pirms do\u0161an\u0101s \u0101r\u0101 vai p\u0113c pastaigas. Lietojiet periodiski nelabv\u0113l\u012bgos apst\u0101k\u013cos, piem\u0113ram, ledus, sniega, s\u0101ls vai \u013coti karstu virsmu gad\u012bjum\u0101. Sausai \u0101dai balz\u0101mu uzkl\u0101jiet 2-3 reizes dien\u0101. Lai balzams ies\u016bktos, m\u0113\u0123iniet uz da\u017e\u0101m min\u016bt\u0113m nov\u0113rst m\u0101jdz\u012bvnieka uzman\u012bbu ar k\u0101du k\u0101rumu.<\/li>\n<\/ul>","protected":false},"excerpt":{"rendered":"<p>Tauro Pro Line Pure Nature Nourishes &amp; Restores \u2013 unikali priemon\u0117, kuri privalo atsirasti kiekvieno gyv\u016bn\u0173 augintojo vaistin\u0117l\u0117je. \u0160is nat\u016bralios sud\u0117ties produktas \u017eiem\u0105 apsaugo gyv\u016bn\u0173 p\u0117dutes nuo barstom\u0173 drusk\u0173 bei purvo, o vasar\u0105 \u2013 nuo \u012fkaitusio asfalto pavir\u0161iaus. Balzamas pasi\u017eymi antibakterin\u0117mis, dr\u0117kinamosiomis ir jautri\u0105 od\u0105 puosel\u0117jan\u010diomis savyb\u0117mis. Apsauga visais met\u0173 laikais. Balzamas suteikia apsaug\u0105 p\u0117dut\u0117ms&#8230;<\/p>","protected":false},"featured_media":30075,"comment_status":"closed","ping_status":"closed","template":"","meta":{"_acf_changed":false,"slim_seo":{"title":"Tauro Pro Line Pure Nature Nourishes & Restores balzamas p\u0117dut\u0117ms 75 ml - Zooprekes24","description":"Tauro Pro Line Pure Nature Nourishes &amp; Restores ir unik\u0101ls produkts, kas ir oblig\u0101ts katra m\u0101jdz\u012bvnieka \u012bpa\u0161nieka medic\u012bnas kabinet\u0101. \u0160\u012b dab\u012bg\u0101 formula"},"iawp_total_views":159},"product_brand":[],"product_cat":[32,9026,8999],"product_tag":[3663,3668],"class_list":{"0":"post-21913","1":"product","2":"type-product","3":"status-publish","4":"has-post-thumbnail","6":"product_cat-kitos-sunu-prekes","7":"product_cat-prieziuros-priemones-sunims","8":"product_cat-sunims","9":"product_tag-balzamas-suns-pedutems","10":"product_tag-peduciu-kremas","11":"pa_prekiu-zenklai-tauro-pro-line","12":"pa_suns-amzius-jauniems","13":"pa_suns-amzius-senjorams","14":"pa_suns-amzius-suaugusiems","15":"pa_suns-amzius-visiems-amziams","16":"pa_veisles-dydis-didelems-veislems","17":"pa_veisles-dydis-mazoms-veislems","18":"pa_veisles-dydis-vidutinems-veislems","19":"pa_veisles-dydis-visu-dydziu-veislems","21":"first","22":"instock","23":"featured","24":"taxable","25":"shipping-taxable","26":"purchasable","27":"product-type-simple"},"acf":[],"_links":{"self":[{"href":"https:\/\/zooprekes24.lt\/lv\/wp-json\/wp\/v2\/product\/21913","targetHints":{"allow":["GET"]}}],"collection":[{"href":"https:\/\/zooprekes24.lt\/lv\/wp-json\/wp\/v2\/product"}],"about":[{"href":"https:\/\/zooprekes24.lt\/lv\/wp-json\/wp\/v2\/types\/product"}],"replies":[{"embeddable":true,"href":"https:\/\/zooprekes24.lt\/lv\/wp-json\/wp\/v2\/comments?post=21913"}],"wp:featuredmedia":[{"embeddable":true,"href":"https:\/\/zooprekes24.lt\/lv\/wp-json\/wp\/v2\/media\/30075"}],"wp:attachment":[{"href":"https:\/\/zooprekes24.lt\/lv\/wp-json\/wp\/v2\/media?parent=21913"}],"wp:term":[{"taxonomy":"product_brand","embeddable":true,"href":"https:\/\/zooprekes24.lt\/lv\/wp-json\/wp\/v2\/product_brand?post=21913"},{"taxonomy":"product_cat","embeddable":true,"href":"https:\/\/zooprekes24.lt\/lv\/wp-json\/wp\/v2\/product_cat?post=21913"},{"taxonomy":"product_tag","embeddable":true,"href":"https:\/\/zooprekes24.lt\/lv\/wp-json\/wp\/v2\/product_tag?post=21913"}],"curies":[{"name":"wp","href":"https:\/\/api.w.org\/{rel}","templated":true}]}}