{"id":21894,"date":"2024-04-18T21:17:56","date_gmt":"2024-04-18T18:17:56","guid":{"rendered":"https:\/\/zooprekes24.lt\/produktas\/royal-canin-skin-care-sunims\/"},"modified":"2025-07-28T18:48:03","modified_gmt":"2025-07-28T16:48:03","slug":"royal-canin-skin-care-sunims","status":"publish","type":"product","link":"https:\/\/zooprekes24.lt\/lv\/produktas\/royal-canin-skin-care-sunims\/","title":{"rendered":"Royal Canin Skin Care saus\u0101 bar\u012bba su\u0146iem 2 kg"},"content":{"rendered":"<h3>Royal Canin Skin Care &#8211; veterinarinis vidutini\u0173 ir dideli\u0173 veisli\u0173 (nuo 10 kg) suaugusi\u0173 ir vyresnio am\u017eiaus \u0161un\u0173 sausas maistas. Hipoalergin\u0117, veterinarin\u0117 dieta pritaikyta \u0161unims sergantiems atopiniu arba alerginiu dermatitu su nie\u017etin\u010diomis dermatoz\u0117mis, patyriantiems stipr\u0173 kailio slinkim\u0105 bei kitas odos ir kailio problemas. Dieta skiriama atsiradus pirmiesiems odos lig\u0173 po\u017eymiams dviej\u0173 m\u0117nesi\u0173 laikotarpiui, kol bus pasiekti matomi rezultatai.<\/h3>\n<ul>\n<li>Royal Canin Skin Care sast\u0101v\u0101 ir palielin\u0101ts <a href=\"https:\/\/zooprekes24.lt\/lv\/products\/canina-biotina-forte-tabletes\/\">biot\u012bns<\/a>Niac\u012bna, niac\u012bna, pantenola saturs kop\u0101 ar cinka un linolsk\u0101bes kompleksu stiprina m\u0101jdz\u012bvnieka \u0101das aizsargfunkciju barjeru un nov\u0113r\u0161 p\u0101rm\u0113r\u012bgu \u0101das sausumu, kas var izrais\u012bt stipru niezi.<\/li>\n<li>No e\u013c\u013c\u0101m (lins\u0113klu, sojas pupi\u0146u, gur\u0137u, zivju e\u013c\u013ca) ieg\u016btu neaizvietojamo tauksk\u0101bju kombin\u0101cija stiprina \u0101das dabisko aizsargsp\u0113ju un pal\u012bdz mazin\u0101t \u0101das patolo\u0123iju ra\u0161anos.<\/li>\n<li>Divi galvenie omega 3 tauksk\u0101bju veidi ir \u0161\u0101di. <a href=\"https:\/\/omegamarine.lt\/apie-omega3\/\" target=\"_blank\" rel=\"noopener\">EPA (eikozapenta\u0113nsk\u0101be) un DHA (dokozaheksa\u0113nsk\u0101be).<\/a> ir dabiski sastopamas e\u013c\u013cain\u0101s j\u016bras ziv\u012bs, piem\u0113ram, la\u0161os, skumbrij\u0101s, si\u013c\u0137\u0113s, tunziv\u012bs un sard\u012bn\u0113s. \u0160\u012bs p\u0101rtikas produktos eso\u0161\u0101s sk\u0101bes pal\u012bdz regul\u0113t \u0101das reakcijas uz aler\u0123ij\u0101m.<\/li>\n<li>Labi sagremojamu olbaltumvielu, prebiotiku, bie\u0161u m\u012bkstuma, r\u012bsu un zivju e\u013c\u013cas kombin\u0101cija l\u012bdzsvaro su\u0146a zarnu mikrofloru un veicina un atjauno pareizu gremo\u0161anas trakta darb\u012bbu.<\/li>\n<li><a href=\"https:\/\/www.youtube.com\/watch?v=e_BUgKozqZw\" target=\"_blank\" rel=\"noopener\">Siner\u0123isks antioksidantu komplekss<\/a> Royal Canin Skin Care sast\u0101v\u0101 eso\u0161ais bar\u012bbas l\u012bdzeklis samazina oksidat\u012bvo stresu un pal\u012bdz neitraliz\u0113t br\u012bvos radik\u0101\u013cus.<\/li>\n<\/ul>\n<h3><span style=\"color: #408ca3; font-size: 14px;\"><strong>P\u0101rtika ir der\u012bga lieto\u0161anai p\u0101rtik\u0101, ja:<\/strong><\/span><\/h3>\n<ul>\n<li>Atopiskais dermat\u012bts<\/li>\n<li>Piodermat\u012bts<\/li>\n<li>\u0100r\u0113jais ot\u012bts<\/li>\n<li>Ihtioze<\/li>\n<li>kontakta aler\u0123iskais dermat\u012bts (tostarp p\u0113c blusu kodumiem).<\/li>\n<li>Nepiecie\u0161ams \u0101das funkciju uztur\u0113\u0161anai (dermatozes, matu izkri\u0161ana).<\/li>\n<li>\u0100das boj\u0101jumu dz\u012b\u0161anas periods<\/li>\n<\/ul>\n<h3><span style=\"font-size: 14px; color: #408ca3;\"><strong>P\u0101rtiku nedr\u012bkst lietot:<\/strong><\/span><\/h3>\n<ul>\n<li>Gr\u016btniec\u012bbas, lakt\u0101cijas, aug\u0161anas un aug\u0161anas laik\u0101<\/li>\n<\/ul>\n<p><img loading=\"lazy\" decoding=\"async\" class=\"alignnone wp-image-18860\" src=\"https:\/\/zooprekes24.lt\/wp-content\/uploads\/hypoallergic-logo.png\" alt=\"Royal Canin Adult Medium Dog saus\u0101 bar\u012bba su\u0146iem\" width=\"300\" height=\"312\" srcset=\"https:\/\/zooprekes24.lt\/wp-content\/uploads\/hypoallergic-logo.png 1600w, https:\/\/zooprekes24.lt\/wp-content\/uploads\/hypoallergic-logo-288x300.png 288w, https:\/\/zooprekes24.lt\/wp-content\/uploads\/hypoallergic-logo-984x1024.png 984w, https:\/\/zooprekes24.lt\/wp-content\/uploads\/hypoallergic-logo-600x624.png 600w, https:\/\/zooprekes24.lt\/wp-content\/uploads\/hypoallergic-logo-577x600.png 577w, https:\/\/zooprekes24.lt\/wp-content\/uploads\/hypoallergic-logo-1384x1440.png 1384w\" sizes=\"auto, (max-width: 300px) 100vw, 300px\" \/><\/p>","protected":false},"excerpt":{"rendered":"<p>Royal Canin Skin Care &#8211; veterinarinis vidutini\u0173 ir dideli\u0173 veisli\u0173 (nuo 10 kg) suaugusi\u0173 ir vyresnio am\u017eiaus \u0161un\u0173 sausas maistas. Hipoalergin\u0117, veterinarin\u0117 dieta pritaikyta \u0161unims sergantiems atopiniu arba alerginiu dermatitu su nie\u017etin\u010diomis dermatoz\u0117mis, patyriantiems stipr\u0173 kailio slinkim\u0105 bei kitas odos ir kailio problemas. Dieta skiriama atsiradus pirmiesiems odos lig\u0173 po\u017eymiams dviej\u0173 m\u0117nesi\u0173 laikotarpiui, kol bus&#8230;<\/p>","protected":false},"featured_media":18307,"comment_status":"closed","ping_status":"closed","template":"","meta":{"_acf_changed":false,"slim_seo":{"title":"Royal Canin Skin Care sausas maistas \u0161unims 2 kg - Zooprekes24","description":"Royal Canin Skin Care - veterinarinis vidutini\u0173 ir dideli\u0173 veisli\u0173 (nuo 10 kg) suaugusi\u0173 ir vyresnio am\u017eiaus \u0161un\u0173 sausas maistas. Hipoalergin\u0117, veterinarin\u0117 die"},"iawp_total_views":137},"product_brand":[],"product_cat":[9241,9002,8999,29,31,9035],"product_tag":[177,4285,4286,200],"class_list":{"0":"post-21894","1":"product","2":"type-product","3":"status-publish","4":"has-post-thumbnail","6":"product_cat-royal-canin-veterinary-diets-sunims","7":"product_cat-sausas-maistas","8":"product_cat-sunims","9":"product_cat-sunu-maistas","10":"product_cat-sunu-prekiu-gamintojai","11":"product_cat-veterinarine-dieta","12":"product_tag-edalas-sunims","13":"product_tag-royal-canin-alergiskam-suniui","14":"product_tag-royal-canin-alergiskiems-sunims","15":"product_tag-super-premium-maistas-sunims","16":"pa_pasaro-sudetis-ryziai","17":"pa_pasaro-sudetis-vistiena","18":"pa_prekiu-zenklai-royal-canin-veterinary-diets","19":"pa_suns-amzius-senjorams","20":"pa_suns-amzius-suaugusiems","21":"pa_veisles-dydis-didelems-veislems","22":"pa_veisles-dydis-vidutinems-veislems","24":"first","25":"instock","26":"taxable","27":"shipping-taxable","28":"purchasable","29":"product-type-simple"},"acf":[],"_links":{"self":[{"href":"https:\/\/zooprekes24.lt\/lv\/wp-json\/wp\/v2\/product\/21894","targetHints":{"allow":["GET"]}}],"collection":[{"href":"https:\/\/zooprekes24.lt\/lv\/wp-json\/wp\/v2\/product"}],"about":[{"href":"https:\/\/zooprekes24.lt\/lv\/wp-json\/wp\/v2\/types\/product"}],"replies":[{"embeddable":true,"href":"https:\/\/zooprekes24.lt\/lv\/wp-json\/wp\/v2\/comments?post=21894"}],"wp:featuredmedia":[{"embeddable":true,"href":"https:\/\/zooprekes24.lt\/lv\/wp-json\/wp\/v2\/media\/18307"}],"wp:attachment":[{"href":"https:\/\/zooprekes24.lt\/lv\/wp-json\/wp\/v2\/media?parent=21894"}],"wp:term":[{"taxonomy":"product_brand","embeddable":true,"href":"https:\/\/zooprekes24.lt\/lv\/wp-json\/wp\/v2\/product_brand?post=21894"},{"taxonomy":"product_cat","embeddable":true,"href":"https:\/\/zooprekes24.lt\/lv\/wp-json\/wp\/v2\/product_cat?post=21894"},{"taxonomy":"product_tag","embeddable":true,"href":"https:\/\/zooprekes24.lt\/lv\/wp-json\/wp\/v2\/product_tag?post=21894"}],"curies":[{"name":"wp","href":"https:\/\/api.w.org\/{rel}","templated":true}]}}