{"id":21890,"date":"2024-04-18T21:17:56","date_gmt":"2024-04-18T18:17:56","guid":{"rendered":"https:\/\/zooprekes24.lt\/produktas\/kong-handipod-maiseliu-rinkinys-su-priedais\/"},"modified":"2024-08-23T14:47:09","modified_gmt":"2024-08-23T11:47:09","slug":"kong-handipod-somas-komplekts-ar-piederumiem","status":"publish","type":"product","link":"https:\/\/zooprekes24.lt\/lv\/produktas\/kong-handipod-maiseliu-rinkinys-su-priedais\/","title":{"rendered":"KONG HandiPOD nomain\u0101mo maisi\u0146u komplekts ar piederumiem"},"content":{"rendered":"<h3>KONG HandiPOD funkcijas <a title=\"https:\/\/zooprekes24.lt\/?s=auksta+kokybe&amp;post_type=product\" href=\"https:\/\/zooprekes24.lt\/lv\/?s=auksta+kokybe&amp;post_type=product\" target=\"_blank\" rel=\"noopener\">augsta kvalit\u0101te<\/a> un pla\u0161u funkcionalit\u0101ti. Komplekt\u0101 ir 3 biolo\u0123iski no\u0101rd\u0101mo maisi\u0146u ru\u013c\u013ci ar rokturiem un divas atsevi\u0161\u0137as da\u013cas, ko var pieskr\u016bv\u0113t galvenajam paliktnim un izmantot p\u0113c vajadz\u012bbas. <a href=\"https:\/\/www.youtube.com\/watch?v=xOasf6g6fvM\" target=\"_blank\" rel=\"noopener\">Varat izv\u0113l\u0113ties starp luktur\u012bti un antibakteri\u0101lu \u017eeleju.<\/a>Abas ir viegli piestiprin\u0101mas un atvienojamas no galven\u0101s papl\u0101tes. Roku t\u012br\u012b\u0161anas \u017eeleja izn\u012bcina l\u012bdz 99,91 % T9T bakt\u0113riju.<\/h3>\n<ul>\n<li>Dro\u0161a un higi\u0113niska lieto\u0161ana.<\/li>\n<li>Viegli piestiprin\u0101ms galvenais apvalks ar karab\u012bni.<\/li>\n<li>Lukturis, kas noder\u0113s pastaig\u0101m tums\u0101.<\/li>\n<li>Iesp\u0113ja dezinfic\u0113t rokas p\u0113c sp\u0113l\u0113\u0161anas vai ekskrementu sav\u0101k\u0161anas.<\/li>\n<li>KONG HandiPOD komplekt\u0101 tiek izmantoti biolo\u0123iski no\u0101rd\u0101mi maisi\u0146i ar rokturiem.<\/li>\n<\/ul>","protected":false},"excerpt":{"rendered":"<p>KONG HandiPOD raksturo augsta kvalit\u0101te un pla\u0161a funkcionalit\u0101te. Komplekt\u0101 ietilpst 3 biolo\u0123iski no\u0101rd\u0101mo maisi\u0146u ru\u013c\u013ci ar rokturiem un divas atsevi\u0161\u0137as da\u013cas, kuras var pieskr\u016bv\u0113t galvenajam paliktnim un izmantot p\u0113c vajadz\u012bbas. Varat izv\u0113l\u0113ties starp luktur\u012bti un antibakteri\u0101lo \u017eeleju, un abas ir viegli piestiprin\u0101mas un no\u0146emamas no galven\u0101s papl\u0101tes. Roku t\u012br\u012b\u0161anas g\u0113ls izn\u012bcina l\u012bdz 99,9% bakt\u0113riju.....<\/p>","protected":false},"featured_media":18291,"comment_status":"closed","ping_status":"closed","template":"","meta":{"_acf_changed":false,"slim_seo":{"title":"KONG HandiPOD kei\u010diamas mai\u0161eli\u0173 rinkinys su priedais - Zooprekes24","description":"KONG HandiPOD raksturo augsta kvalit\u0101te un pla\u0161a funkcionalit\u0101te. Komplekt\u0101 ietilpst 3 biolo\u0123iski no\u0101rd\u0101mie maisi\u0146u ru\u013c\u013ci ar rokturiem un divi atsevi\u0161\u0137i maisi\u0146i."},"iawp_total_views":30},"product_brand":[],"product_cat":[9005,32,9036,8999,31],"product_tag":[1239,1240,4388,4389,4390,1245,1246,4398],"class_list":{"0":"post-21890","1":"product","2":"type-product","3":"status-publish","4":"has-post-thumbnail","6":"product_cat-higienos-ir-valymo-priemones","7":"product_cat-kitos-sunu-prekes","8":"product_cat-kong","9":"product_cat-sunims","10":"product_cat-sunu-prekiu-gamintojai","11":"product_tag-fekaliju-maiseliai","12":"product_tag-ismatu-maiseliai","13":"product_tag-maisai-suns-ekskrementams","14":"product_tag-maisai-suns-fekalijoms","15":"product_tag-maisai-suns-ismatoms-rinkti","16":"product_tag-maiseliai-sunu-ekskrementams","17":"product_tag-maiseliai-sunu-ismatoms","18":"product_tag-maiselis-fekalijoms","19":"pa_prekiu-zenklai-kong","20":"pa_suns-amzius-jauniems","21":"pa_suns-amzius-senjorams","22":"pa_suns-amzius-suaugusiems","23":"pa_suns-amzius-visiems-amziams","24":"pa_veisles-dydis-didelems-veislems","25":"pa_veisles-dydis-mazoms-veislems","26":"pa_veisles-dydis-vidutinems-veislems","27":"pa_veisles-dydis-visu-dydziu-veislems","29":"first","30":"instock","31":"featured","32":"taxable","33":"shipping-taxable","34":"purchasable","35":"product-type-simple"},"acf":[],"_links":{"self":[{"href":"https:\/\/zooprekes24.lt\/lv\/wp-json\/wp\/v2\/product\/21890","targetHints":{"allow":["GET"]}}],"collection":[{"href":"https:\/\/zooprekes24.lt\/lv\/wp-json\/wp\/v2\/product"}],"about":[{"href":"https:\/\/zooprekes24.lt\/lv\/wp-json\/wp\/v2\/types\/product"}],"replies":[{"embeddable":true,"href":"https:\/\/zooprekes24.lt\/lv\/wp-json\/wp\/v2\/comments?post=21890"}],"wp:featuredmedia":[{"embeddable":true,"href":"https:\/\/zooprekes24.lt\/lv\/wp-json\/wp\/v2\/media\/18291"}],"wp:attachment":[{"href":"https:\/\/zooprekes24.lt\/lv\/wp-json\/wp\/v2\/media?parent=21890"}],"wp:term":[{"taxonomy":"product_brand","embeddable":true,"href":"https:\/\/zooprekes24.lt\/lv\/wp-json\/wp\/v2\/product_brand?post=21890"},{"taxonomy":"product_cat","embeddable":true,"href":"https:\/\/zooprekes24.lt\/lv\/wp-json\/wp\/v2\/product_cat?post=21890"},{"taxonomy":"product_tag","embeddable":true,"href":"https:\/\/zooprekes24.lt\/lv\/wp-json\/wp\/v2\/product_tag?post=21890"}],"curies":[{"name":"wp","href":"https:\/\/api.w.org\/{rel}","templated":true}]}}