{"id":21889,"date":"2024-04-18T21:17:46","date_gmt":"2024-04-18T18:17:46","guid":{"rendered":"https:\/\/zooprekes24.lt\/produktas\/naturali-jaucio-penio-lazdele-12cm\/"},"modified":"2025-08-12T11:33:26","modified_gmt":"2025-08-12T09:33:26","slug":"dabiska-bulla-dzimumlocekla-stienis-12cm","status":"publish","type":"product","link":"https:\/\/zooprekes24.lt\/lv\/produktas\/naturali-jaucio-penio-lazdele-12cm\/","title":{"rendered":"Dabisk\u0101 bu\u013c\u013ca dzimumlocek\u013ca n\u016bja 12 cm"},"content":{"rendered":"<h3>Dabiska v\u0113r\u0161a dzimumlocek\u013ca n\u016bji\u0146a - gar\u0161\u012bgs un vienk\u0101r\u0161s veids, k\u0101 \u0101rst\u0113t savu m\u0101jdz\u012bvnieku<\/h3>\n<ul>\n<li>Lielisks olbaltumvielu avots.<\/li>\n<li><a href=\"https:\/\/www.redbarn.com\/are-bully-sticks-good-for-dogs\/\" target=\"_blank\" rel=\"noopener noreferrer\">Klasiskais<\/a> 12 cm gardais koci\u0146\u0161 patiks pat vispras\u012bg\u0101kajiem gard\u0113\u017eiem.<\/li>\n<li>Piln\u012bgi dab\u012bgs - bez m\u0101ksl\u012bg\u0101m piedev\u0101m, konservantiem, glut\u0113na vai laktozes.<\/li>\n<li>Dabisk\u0101 bu\u013c\u013ca n\u016bja, kuras garums ir \u00b112 cm, ir ide\u0101li piem\u0113rota maziem un vid\u0113ja lieluma su\u0146iem.<\/li>\n<li>Dabas <a href=\"https:\/\/zooprekes24.lt\/lv\/kategorija\/sunims\/sunu-maistas-ir-skanestai\/sunu-degustatori\/\" target=\"_blank\" rel=\"noopener noreferrer\">delikatese<\/a> samazina aplikuma veido\u0161an\u0101s iesp\u0113ju un nodro\u0161ina optim\u0101lu mutes dobuma higi\u0113nu.<\/li>\n<li>L\u016bdzu, \u0146emiet v\u0113r\u0101, ka \u0161is ir piln\u012bb\u0101 dab\u012bgs produkts, t\u0101p\u0113c t\u0101 izm\u0113rs, forma un kr\u0101sa var at\u0161\u0137irties no att\u0113l\u0101 redzam\u0101.<\/li>\n<li>T\u0101 tiek \u017e\u0101v\u0113ta, izmantojot \u012bpa\u0161u tehnolo\u0123iju, kas padara to bez smar\u017eas un piem\u0113rotu ko\u0161\u013c\u0101\u0161anai telp\u0101s, neradot nepat\u012bkamas smakas.<\/li>\n<\/ul>","protected":false},"excerpt":{"rendered":"<p>Nat\u016brali jau\u010dio penio lazdel\u0117 skanus ir lengvas b\u016bdas palepinti J\u016bs\u0173 augintin\u012f Puikus vieno baltymo \u0161altinis. Klasikin\u0117 12 centimetr\u0173 gardi lazdel\u0117 patiks net i\u0161rankiausiems skonio gurmanams. Visi\u0161kai nat\u016bralus produktas &#8211; be dirbtini\u0173 pried\u0173, konservant\u0173, glitimo ar laktoz\u0117s. Nat\u016brali jau\u010dio penio lazdel\u0117, kurios ilgis \u00b112 cm idealiai tiks ma\u017e\u0173 ir vidutini\u0173 veisli\u0173 \u0161unims. Nat\u016bralus skan\u0117stas ma\u017eina dant\u0173&#8230;<\/p>","protected":false},"featured_media":20131,"comment_status":"closed","ping_status":"closed","template":"","meta":{"_acf_changed":false,"slim_seo":{"title":"Nat\u016brali jau\u010dio penio lazdel\u0117 12 cm - Zooprekes24","description":"Dabiska v\u0113r\u0161a dzimumlocek\u013ca n\u016bji\u0146a Gar\u0161\u012bgs un vienk\u0101r\u0161s veids, k\u0101 palutin\u0101t savu m\u012bluli Lielisks olbaltumvielu avots. Klasisk\u0101 12 cm gar\u0101 gar\u0161\u012bg\u0101 n\u016bji\u0146a patiks pat vispras\u012bg\u0101kajiem su\u0146iem."},"iawp_total_views":159},"product_brand":[],"product_cat":[9010,8999,30],"product_tag":[1583,1585,1586,1591,1593,792,386],"class_list":{"0":"post-21889","1":"product","2":"type-product","3":"status-publish","4":"has-post-thumbnail","6":"product_cat-naturalus-skanestai","7":"product_cat-sunims","8":"product_cat-sunu-skanestai","9":"product_tag-dziovintas-jaucio-penis","10":"product_tag-galviju-peniai-sunims","11":"product_tag-jaucio-peniai-sunims","12":"product_tag-jautienos-penis","13":"product_tag-jautienos-skanestai-sunims","14":"product_tag-naturalus-skanestai-sunims","15":"product_tag-skanukai-sunims","16":"pa_pasaro-sudetis-jautiena","17":"pa_suns-amzius-jauniems","18":"pa_suns-amzius-senjorams","19":"pa_suns-amzius-suaugusiems","20":"pa_suns-amzius-visiems-amziams","21":"pa_veisles-dydis-mazoms-veislems","22":"pa_veisles-dydis-vidutinems-veislems","24":"first","25":"instock","26":"featured","27":"taxable","28":"shipping-taxable","29":"purchasable","30":"product-type-simple"},"acf":[],"_links":{"self":[{"href":"https:\/\/zooprekes24.lt\/lv\/wp-json\/wp\/v2\/product\/21889","targetHints":{"allow":["GET"]}}],"collection":[{"href":"https:\/\/zooprekes24.lt\/lv\/wp-json\/wp\/v2\/product"}],"about":[{"href":"https:\/\/zooprekes24.lt\/lv\/wp-json\/wp\/v2\/types\/product"}],"replies":[{"embeddable":true,"href":"https:\/\/zooprekes24.lt\/lv\/wp-json\/wp\/v2\/comments?post=21889"}],"wp:featuredmedia":[{"embeddable":true,"href":"https:\/\/zooprekes24.lt\/lv\/wp-json\/wp\/v2\/media\/20131"}],"wp:attachment":[{"href":"https:\/\/zooprekes24.lt\/lv\/wp-json\/wp\/v2\/media?parent=21889"}],"wp:term":[{"taxonomy":"product_brand","embeddable":true,"href":"https:\/\/zooprekes24.lt\/lv\/wp-json\/wp\/v2\/product_brand?post=21889"},{"taxonomy":"product_cat","embeddable":true,"href":"https:\/\/zooprekes24.lt\/lv\/wp-json\/wp\/v2\/product_cat?post=21889"},{"taxonomy":"product_tag","embeddable":true,"href":"https:\/\/zooprekes24.lt\/lv\/wp-json\/wp\/v2\/product_tag?post=21889"}],"curies":[{"name":"wp","href":"https:\/\/api.w.org\/{rel}","templated":true}]}}