{"id":21888,"date":"2024-04-18T21:17:46","date_gmt":"2024-04-18T18:17:46","guid":{"rendered":"https:\/\/zooprekes24.lt\/produktas\/royal-canin-hypoallergenic-moderate-cal\/"},"modified":"2025-07-28T19:32:21","modified_gmt":"2025-07-28T17:32:21","slug":"royal-canin-hypoallergenic-moderate-cal","status":"publish","type":"product","link":"https:\/\/zooprekes24.lt\/lv\/produktas\/royal-canin-hypoallergenic-moderate-cal\/","title":{"rendered":"Royal Canin Hypoallergenic m\u0113reni kaloriska saus\u0101 bar\u012bba su\u0146iem 1,5 kg"},"content":{"rendered":"<h3>Royal Canin Hypoallergenic Moderate Calorie ir saus\u0101 veterin\u0101r\u0101 bar\u012bba pieaugu\u0161iem su\u0146iem, kuru svars ir no 5-40 kg. Hipoaler\u0123iska veterin\u0101r\u0101 bar\u012bba ar piel\u0101gotu m\u0113renu kaloriju saturu su\u0146iem ar lieko svaru, su\u0146iem ar hronisk\u0101m niezo\u0161\u0101m dermatoz\u0113m, su\u0146iem, kuriem ir nosliece uz p\u0101rtikas aler\u0123ij\u0101m vai p\u0101rtikas nepanesam\u012bbu. Unik\u0101l\u0101 formula ir izstr\u0101d\u0101ta, lai samazin\u0101tu sast\u0101vda\u013cu un bar\u012bbas vielu nepanesam\u012bbu un uztur\u0113tu optim\u0101lu \u0137erme\u0146a svaru.<\/h3>\n<ul>\n<li>Royal Canin Hypoallergenic Moderate Calorie formula sast\u0101v no olbaltumvielu izol\u0101ta un augu di\u0113tisk\u0101s \u0161\u0137iedrvielas hidroliz\u0101ta. To sast\u0101v\u0101 ir zemas molekulmasas pept\u012bdi, kas padara bar\u012bbu viegli sagremojamu un labi panesamu aler\u0123isku su\u0146u gremo\u0161anas sist\u0113mai.<\/li>\n<li>Satur liel\u0101ku <a href=\"https:\/\/zooprekes24.lt\/lv\/products\/canina-biotina-forte-tabletes\/\" target=\"_blank\" rel=\"noopener\">biot\u012bns<\/a>Niac\u012bna, niac\u012bna, pantenola saturs kop\u0101 ar cinka un linolsk\u0101bes kompleksu stiprina m\u0101jdz\u012bvnieka \u0101das aizsargfunkciju barjeru un nov\u0113r\u0161 p\u0101rm\u0113r\u012bgu \u0101das sausumu, kas var izrais\u012bt stipru niezi.<\/li>\n<li>Royal Canin Hypoallergenic Moderate Calorie bar\u012bb\u0101 Royal Canin eso\u0161\u0101s ferment\u0113jam\u0101s \u0161\u0137iedrvielas (bie\u0161u m\u012bkstums, fruktooligosahar\u012bdi) l\u012bdzsvaro su\u0146a zarnu mikrofloru un stimul\u0113 un atjauno gremo\u0161anas trakta pareizu darb\u012bbu.<\/li>\n<li>Divi galvenie omega 3 tauksk\u0101bju veidi ir \u0161\u0101di. <a href=\"https:\/\/omegamarine.lt\/apie-omega3\/\" target=\"_blank\" rel=\"noopener\">EPA (eikozapenta\u0113nsk\u0101be) un DHA (dokozaheksa\u0113nsk\u0101be).<\/a> ir dabiski sastopamas e\u013c\u013cain\u0101s j\u016bras ziv\u012bs, piem\u0113ram, la\u0161os, skumbrij\u0101s, si\u013c\u0137\u0113s, tunziv\u012bs un sard\u012bn\u0113s. \u0160\u012bs p\u0101rtikas produktos eso\u0161\u0101s sk\u0101bes pal\u012bdz regul\u0113t \u0101das reakcijas uz aler\u0123ij\u0101m, k\u0101 ar\u012b piedal\u0101s zarnu g\u013cot\u0101das \u0161\u016bnu veido\u0161an\u0101.<\/li>\n<li><a href=\"https:\/\/www.youtube.com\/watch?v=e_BUgKozqZw\" target=\"_blank\" rel=\"noopener\">Royal Canin Hypoallergenic M\u0113reni kaloriju saturs<\/a> Unik\u0101la bar\u012bbas formula, kas pagatavota p\u0113c r\u016bp\u012bgi sabalans\u0113tas receptes ar v\u0113rt\u012bgiem mikroelementiem un vitam\u012bniem. Bar\u012bbas vid\u0113jais kaloriju saturs nodro\u0161ina j\u016bsu m\u012blulim optim\u0101lu ener\u0123iju, uztur lieso musku\u013cu masu un pal\u012bdz c\u012bn\u012bties ar lieko svaru.<\/li>\n<li>Bar\u012bba nov\u0113r\u0161 oksal\u0101tu un struv\u012bta krist\u0101lu veido\u0161anos, radot tiem nelabv\u0113l\u012bgu floru, kas ir \u012bpa\u0161i svar\u012bgi novecojo\u0161iem vai kastr\u0113tiem su\u0146iem, kuriem ir nosliece uz uro\u0123enit\u0101l\u0101s sist\u0113mas slim\u012bb\u0101m.<\/li>\n<\/ul>\n<h3><span style=\"color: #408ca3; font-size: 14px;\"><strong>P\u0101rtika ir der\u012bga lieto\u0161anai p\u0101rtik\u0101, ja:<\/strong><\/span><\/h3>\n<ul>\n<li>ku\u0146\u0123a-zarnu trakta aler\u0123ijas ar \u0101das un\/vai ku\u0146\u0123a-zarnu trakta darb\u012bbas trauc\u0113jumiem.<\/li>\n<li>Atopiskais dermat\u012bts ar hronisku niezi (vieglos gad\u012bjumos)<\/li>\n<li>Bakt\u0113riju aug\u0161ana tievaj\u0101s zarn\u0101s (SIBO)<\/li>\n<li>Eksokr\u012bn\u0101 aizku\u0146\u0123a dziedzera mazsp\u0113ja (EPI)<\/li>\n<li>Uzturvielu nepanes\u012bba<\/li>\n<li>Hroniska zarnu iekaisuma slim\u012bba (IBD)<\/li>\n<li>Aizku\u0146\u0123a dziedzera enz\u012bmu defic\u012bts<\/li>\n<li>Hroniska caureja<\/li>\n<li>Zarnu mikrofloras trauc\u0113jumi<\/li>\n<\/ul>\n<h3><span style=\"font-size: 14px; color: #408ca3;\"><strong>Ja esat slims, \u0113dienu nedr\u012bkst lietot:<\/strong><\/span><\/h3>\n<ul>\n<li>Pankreat\u012bts (tostarp iepriek\u0161 p\u0101rnestais)<\/li>\n<li>Akt\u012bv\u0101s aug\u0161anas, gr\u016btniec\u012bbas un lakt\u0101cijas laik\u0101<\/li>\n<\/ul>\n<p><img loading=\"lazy\" decoding=\"async\" class=\"alignnone wp-image-18860\" src=\"https:\/\/zooprekes24.lt\/wp-content\/uploads\/hypoallergic-logo.png\" alt=\"Royal Canin Adult Medium Dog saus\u0101 bar\u012bba su\u0146iem\" width=\"300\" height=\"312\" srcset=\"https:\/\/zooprekes24.lt\/wp-content\/uploads\/hypoallergic-logo.png 1600w, https:\/\/zooprekes24.lt\/wp-content\/uploads\/hypoallergic-logo-288x300.png 288w, https:\/\/zooprekes24.lt\/wp-content\/uploads\/hypoallergic-logo-984x1024.png 984w, https:\/\/zooprekes24.lt\/wp-content\/uploads\/hypoallergic-logo-600x624.png 600w, https:\/\/zooprekes24.lt\/wp-content\/uploads\/hypoallergic-logo-577x600.png 577w, https:\/\/zooprekes24.lt\/wp-content\/uploads\/hypoallergic-logo-1384x1440.png 1384w\" sizes=\"auto, (max-width: 300px) 100vw, 300px\" \/><\/p>","protected":false},"excerpt":{"rendered":"<p>Royal Canin Hypoallergenic Moderate Calorie &#8211; veterinarinis veisli\u0173 sverian\u010di\u0173 nuo 5-40 kg suaugusi\u0173 \u0161un\u0173 sausas maistas. Hipoalergin\u0117 veterinarin\u0117 dieta su pritaikytu vidutiniu kaloriju kiekiu skirta \u0161unims turintiems antsvorio,\u00a0 sergantiems l\u0117tin\u0117mis nie\u017etin\u010diomis dermatoz\u0117mis, linkusiems \u012f maisto alergijas ar netoleruojantiems maisto produkt\u0173. Unikali maisto formul\u0117 skirta ingredient\u0173 ir maistini\u0173 med\u017eiag\u0173 netoleravimo ma\u017einimui bei optimalaus k\u016bno svorio palaikymui&#8230;.<\/p>","protected":false},"featured_media":18287,"comment_status":"closed","ping_status":"closed","template":"","meta":{"_acf_changed":false,"slim_seo":{"title":"Royal Canin Hypoallergenic Moderate Calorie sausas maistas \u0161unims 1.5 kg - Zooprekes24","description":"Royal Canin Hypoallergenic Moderate Calorie ir saus\u0101 veterin\u0101r\u0101 bar\u012bba pieaugu\u0161iem su\u0146iem, kuru svars ir no 5-40 kg. Hipoaler\u0123iska veterin\u0101r\u0101 di\u0113ta ar augstu uzturv\u0113rt\u012bbu."},"iawp_total_views":204},"product_brand":[],"product_cat":[9241,9002,8999,29,31,9035],"product_tag":[177,4285,4286,4288,4300,200],"class_list":{"0":"post-21888","1":"product","2":"type-product","3":"status-publish","4":"has-post-thumbnail","6":"product_cat-royal-canin-veterinary-diets-sunims","7":"product_cat-sausas-maistas","8":"product_cat-sunims","9":"product_cat-sunu-maistas","10":"product_cat-sunu-prekiu-gamintojai","11":"product_cat-veterinarine-dieta","12":"product_tag-edalas-sunims","13":"product_tag-royal-canin-alergiskam-suniui","14":"product_tag-royal-canin-alergiskiems-sunims","15":"product_tag-royal-canin-hypoalergic-sausas-maistas-sunims","16":"product_tag-suns-letinis-viduriavimas","17":"product_tag-super-premium-maistas-sunims","18":"pa_pasaro-sudetis-ryziai","19":"pa_prekiu-zenklai-royal-canin-veterinary-diets","20":"pa_suns-amzius-senjorams","21":"pa_suns-amzius-suaugusiems","22":"pa_veisles-dydis-didelems-veislems","23":"pa_veisles-dydis-mazoms-veislems","24":"pa_veisles-dydis-vidutinems-veislems","25":"pa_veisles-dydis-visu-dydziu-veislems","27":"first","28":"instock","29":"taxable","30":"shipping-taxable","31":"purchasable","32":"product-type-simple"},"acf":[],"_links":{"self":[{"href":"https:\/\/zooprekes24.lt\/lv\/wp-json\/wp\/v2\/product\/21888","targetHints":{"allow":["GET"]}}],"collection":[{"href":"https:\/\/zooprekes24.lt\/lv\/wp-json\/wp\/v2\/product"}],"about":[{"href":"https:\/\/zooprekes24.lt\/lv\/wp-json\/wp\/v2\/types\/product"}],"replies":[{"embeddable":true,"href":"https:\/\/zooprekes24.lt\/lv\/wp-json\/wp\/v2\/comments?post=21888"}],"wp:featuredmedia":[{"embeddable":true,"href":"https:\/\/zooprekes24.lt\/lv\/wp-json\/wp\/v2\/media\/18287"}],"wp:attachment":[{"href":"https:\/\/zooprekes24.lt\/lv\/wp-json\/wp\/v2\/media?parent=21888"}],"wp:term":[{"taxonomy":"product_brand","embeddable":true,"href":"https:\/\/zooprekes24.lt\/lv\/wp-json\/wp\/v2\/product_brand?post=21888"},{"taxonomy":"product_cat","embeddable":true,"href":"https:\/\/zooprekes24.lt\/lv\/wp-json\/wp\/v2\/product_cat?post=21888"},{"taxonomy":"product_tag","embeddable":true,"href":"https:\/\/zooprekes24.lt\/lv\/wp-json\/wp\/v2\/product_tag?post=21888"}],"curies":[{"name":"wp","href":"https:\/\/api.w.org\/{rel}","templated":true}]}}