{"id":21886,"date":"2024-04-18T21:17:46","date_gmt":"2024-04-18T18:17:46","guid":{"rendered":"https:\/\/zooprekes24.lt\/produktas\/royal-canin-puppy-pro-tech-300g\/"},"modified":"2025-06-30T15:49:06","modified_gmt":"2025-06-30T13:49:06","slug":"royal-canin-puppy-pro-tech-300g","status":"publish","type":"product","link":"https:\/\/zooprekes24.lt\/lv\/produktas\/royal-canin-puppy-pro-tech-300g\/","title":{"rendered":"Royal Canin Puppy Pro Tech piena aizst\u0101j\u0113js kuc\u0113niem 300 g"},"content":{"rendered":"<h3>Royal Canin Puppy Pro Tech &#8211; pilnavertis prie\u0161pienio ir pieno pakaitalas naujagimiams \u0161uniukams, skirtas stabiliam ir harmoningam ma\u017eyli\u0173 augimui. Pieno sud\u0117tyje daug energijos ir baltym\u0173, kurie beveik nesiskiria nuo maitinan\u010dios kal\u0117s pieno. <span style=\"color: #8dbbd0;\">\u012apa\u0161i ieteicama jaundzimu\u0161ajiem kuc\u0113niem no dzim\u0161anas l\u012bdz at\u0161\u0137ir\u0161anai (0-2 m\u0113ne\u0161i), kuriem ir paaugstin\u0101ts risks.<\/span><\/h3>\n<ul>\n<li>Zin\u0101tniski pier\u0101d\u012bta formula, kas ide\u0101li papildina m\u0101tes jaunpienu pirmaj\u0101s 24 stund\u0101s p\u0113c dzim\u0161anas un turpina atbalst\u012bt kuc\u0113na vesel\u012bgu aug\u0161anu un att\u012bst\u012bbu l\u012bdz pat at\u0161\u0137ir\u0161anai.<\/li>\n<li><a href=\"https:\/\/zooprekes24.lt\/lv\/?s=royal+canin&amp;post_type=product\">Royal Canin<\/a> Puppy Pro Tech satur r\u016bp\u012bgi atlas\u012btas, labi sagremojamas olbaltumvielas un laktozi, kas praktiski neat\u0161\u0137iras no laktozes, kura ir m\u0101tes pien\u0101. \u0160is piens ir \u012bpa\u0161i piem\u0113rots kuc\u0113na gremo\u0161anas sist\u0113mai, jo nesatur cieti (kuc\u0113ni neizdala pietiekami daudz amilizas, lai sagremotu cieti). Fruktooligosahar\u012bdu (FOS) piedevas pal\u012bdz uztur\u0113t vesel\u012bgu gremo\u0161anas mikrofloras l\u012bdzsvaru.<\/li>\n<li>Sud\u0117tyje yra maltodekstrino &#8211; lengvai ir greitai vir\u0161kinam\u0173 angliavandeni\u0173, kurie palaiko normal\u0173 cukraus kiek\u012f kraujyje ir turi auk\u0161tesn\u012f glikemijos indeks\u0105, kuris padeda patenkinti didelius energijos poreikius.<\/li>\n<li>Royal Canin Puppy Pro Tech Milk Replacer sast\u0101v\u0101 ir revolucion\u0101rs jaunu sast\u0101vda\u013cu komplekss ar \u012bpa\u0161\u0101m antiviel\u0101m, kas nodro\u0161ina kuc\u0113nam vesel\u012bgu dz\u012bves s\u0101kumu un aizsarg\u0101 pret v\u012brusiem un infekcijas slim\u012bb\u0101m, piem. <a href=\"https:\/\/lt.wikipedia.org\/wiki\/Escherichia_coli\" target=\"_blank\" rel=\"noopener\">Escherichia coli<\/a> un <a href=\"https:\/\/www.royalcanin.com\/lt\/dogs\/puppy\/parvovirus-in-dogs\" target=\"_blank\" rel=\"noopener\">su\u0146u parvo v\u012bruss<\/a>.<\/li>\n<li>P\u0113c dzim\u0161anas kuc\u0113nu nervu sist\u0113ma turpina att\u012bst\u012bties. Dab\u012bg\u0101 dokozaheksa\u0113nsk\u0101be m\u0101tes pien\u0101 pal\u012bdz att\u012bst\u012bties kognit\u012bvaj\u0101m funkcij\u0101m, t\u0101p\u0113c piens ir bag\u0101tin\u0101ts ar (DHA) sk\u0101bi.<\/li>\n<li><a href=\"https:\/\/www.youtube.com\/watch?v=glqjDwloqu0&amp;t\">Viegli pagatavojams<\/a>. Ekskluz\u012bv\u0101 formula \u013coti \u0101tri iz\u0161\u0137\u012bdina pienu, radot pilnv\u0113rt\u012bgu, viendab\u012bgu formulu bez atlikumiem.<\/li>\n<li>Iepakojum\u0101 ir piena pudel\u012bte, 3 da\u017e\u0101da izm\u0113ra z\u012bdai\u0146i un karot\u012bte prec\u012bzai doz\u0113\u0161anai.<\/li>\n<\/ul>\n<h3><span style=\"color: #8dbbd0; font-size: 14px;\">P\u0113c Apgara skalas riska grup\u0101 ietilpst kuc\u0113ni ar:<\/span><\/h3>\n<ul>\n<li>Samazin\u0101ts sirdsdarb\u012bbas \u0101trums.<\/li>\n<li>Samazin\u0101ts elpo\u0161anas bie\u017eums.<\/li>\n<li>Samazin\u0101ta refleksu uzbudin\u0101m\u012bba.<\/li>\n<li>Samazin\u0101ts musku\u013cu tonuss.<\/li>\n<li>Zilgana vai zila g\u013cot\u0101das kr\u0101sa.<\/li>\n<\/ul>\n<p><img loading=\"lazy\" decoding=\"async\" class=\"alignnone wp-image-18280\" src=\"https:\/\/zooprekes24.lt\/wp-content\/uploads\/australian_shepherd_litter_-_puppy_pro_tech_med._res.___basic-1-1-1.png\" alt=\"\" width=\"370\" height=\"246\" srcset=\"https:\/\/zooprekes24.lt\/wp-content\/uploads\/australian_shepherd_litter_-_puppy_pro_tech_med._res.___basic-1-1-1.png 1600w, https:\/\/zooprekes24.lt\/wp-content\/uploads\/australian_shepherd_litter_-_puppy_pro_tech_med._res.___basic-1-1-1-300x200.png 300w, https:\/\/zooprekes24.lt\/wp-content\/uploads\/australian_shepherd_litter_-_puppy_pro_tech_med._res.___basic-1-1-1-1024x683.png 1024w, https:\/\/zooprekes24.lt\/wp-content\/uploads\/australian_shepherd_litter_-_puppy_pro_tech_med._res.___basic-1-1-1-600x400.png 600w, https:\/\/zooprekes24.lt\/wp-content\/uploads\/australian_shepherd_litter_-_puppy_pro_tech_med._res.___basic-1-1-1-1440x960.png 1440w\" sizes=\"auto, (max-width: 370px) 100vw, 370px\" \/><\/p>","protected":false},"excerpt":{"rendered":"<p>Royal Canin Puppy Pro Tech &#8211; pilnavertis prie\u0161pienio ir pieno pakaitalas naujagimiams \u0161uniukams, skirtas stabiliam ir harmoningam ma\u017eyli\u0173 augimui. Pieno sud\u0117tyje daug energijos ir baltym\u0173, kurie beveik nesiskiria nuo maitinan\u010dios kal\u0117s pieno. Ypatingai rekomenduotinas naujagimiams \u0161uniukams nuo gimimo iki nujunkymo (0-2 m\u0117nesi\u0173) patekusiems \u012f padidintos rizikos grupe. Moksli\u0161kai \u012frodyta formul\u0117, kuri idealiai papildo motinos prie\u0161pien\u012f&#8230;<\/p>","protected":false},"featured_media":18281,"comment_status":"closed","ping_status":"closed","template":"","meta":{"_acf_changed":false,"slim_seo":{"title":"Royal Canin Puppy Pro Tech pieno pakaitalas \u0161uniukams 300 g - Zooprekes24","description":"Royal Canin Puppy Pro Tech - pilnavertis prie\u0161pienio ir pieno pakaitalas naujagimiams \u0161uniukams, skirtas stabiliam ir harmoningam ma\u017eyli\u0173 augimui. Pieno sud\u0117tyj"},"iawp_total_views":146},"product_brand":[],"product_cat":[9012,9004,8999,29,31,9035],"product_tag":[],"class_list":{"0":"post-21886","1":"product","2":"type-product","3":"status-publish","4":"has-post-thumbnail","6":"product_cat-royal-canin","7":"product_cat-slapias-maistas","8":"product_cat-sunims","9":"product_cat-sunu-maistas","10":"product_cat-sunu-prekiu-gamintojai","11":"product_cat-veterinarine-dieta","12":"pa_prekiu-zenklai-royal-canin","13":"pa_suns-amzius-jauniems","14":"pa_veisles-dydis-didelems-veislems","15":"pa_veisles-dydis-mazoms-veislems","16":"pa_veisles-dydis-vidutinems-veislems","17":"pa_veisles-dydis-visu-dydziu-veislems","19":"first","20":"instock","21":"featured","22":"taxable","23":"shipping-taxable","24":"purchasable","25":"product-type-simple"},"acf":[],"_links":{"self":[{"href":"https:\/\/zooprekes24.lt\/lv\/wp-json\/wp\/v2\/product\/21886","targetHints":{"allow":["GET"]}}],"collection":[{"href":"https:\/\/zooprekes24.lt\/lv\/wp-json\/wp\/v2\/product"}],"about":[{"href":"https:\/\/zooprekes24.lt\/lv\/wp-json\/wp\/v2\/types\/product"}],"replies":[{"embeddable":true,"href":"https:\/\/zooprekes24.lt\/lv\/wp-json\/wp\/v2\/comments?post=21886"}],"wp:featuredmedia":[{"embeddable":true,"href":"https:\/\/zooprekes24.lt\/lv\/wp-json\/wp\/v2\/media\/18281"}],"wp:attachment":[{"href":"https:\/\/zooprekes24.lt\/lv\/wp-json\/wp\/v2\/media?parent=21886"}],"wp:term":[{"taxonomy":"product_brand","embeddable":true,"href":"https:\/\/zooprekes24.lt\/lv\/wp-json\/wp\/v2\/product_brand?post=21886"},{"taxonomy":"product_cat","embeddable":true,"href":"https:\/\/zooprekes24.lt\/lv\/wp-json\/wp\/v2\/product_cat?post=21886"},{"taxonomy":"product_tag","embeddable":true,"href":"https:\/\/zooprekes24.lt\/lv\/wp-json\/wp\/v2\/product_tag?post=21886"}],"curies":[{"name":"wp","href":"https:\/\/api.w.org\/{rel}","templated":true}]}}