{"id":21883,"date":"2024-04-18T21:17:46","date_gmt":"2024-04-18T18:17:46","guid":{"rendered":"https:\/\/zooprekes24.lt\/produktas\/brit-premium-chicken-rabbit-desra-sunims\/"},"modified":"2024-07-11T14:03:50","modified_gmt":"2024-07-11T11:03:50","slug":"brit-premium-chicken-trusu-desra-sunims","status":"publish","type":"product","link":"https:\/\/zooprekes24.lt\/lv\/produktas\/brit-premium-chicken-rabbit-desra-sunims\/","title":{"rendered":"Brit Premium Vistas un tru\u0161a desa su\u0146iem 800 g"},"content":{"rendered":"<h3>Brit Premium Chicken &amp; Rabbit desa su\u0146iem ar tru\u0161iem, vistu un r\u012bsiem ir unik\u0101la ga\u013cas un past\u0113tes kombin\u0101cija, kas neatst\u0101j vienaldz\u012bgus pat vispras\u012bg\u0101kos \u0113d\u0101jus. Augstais augstas kvalit\u0101tes dz\u012bvnieku izcelsmes produktu saturs sast\u0101v\u0101 nodro\u0161ina lielisku gar\u0161u un labu gremo\u0161anu j\u016bsu m\u012blulim.<\/h3>\n<ul>\n<li><a href=\"https:\/\/brit-petfood.com\/lt\/kodel-grain-free\" target=\"_blank\" rel=\"noopener\">Bez graudaugiem - bez s\u0101ls - bez \u0122MO.<\/a><\/li>\n<li>Satur pat 95% gar\u0161\u012bgas ga\u013cas.<\/li>\n<li>Da\u017e\u0101das gar\u0161as pilnv\u0113rt\u012bgam ikdienas uzturam.<\/li>\n<li>\u012apa\u0161a formula pras\u012bgiem su\u0146iem.<\/li>\n<\/ul>","protected":false},"excerpt":{"rendered":"<p>Brit Premium Chicken &amp; Rabbit de\u0161ra \u0161unims su triu\u0161iena, vi\u0161tiena ir ry\u017eiais yra unikalus m\u0117sos ir pa\u0161teto derinys nepaliekantis abejing\u0173 net i\u0161rankiausi\u0173 valgytoj\u0173. Didelis auk\u0161tos kokyb\u0117s gyv\u016bnin\u0117s kilm\u0117s produkt\u0173 kiekis esantis sud\u0117tyje u\u017etikrina tobul\u0105 skon\u012f bei ger\u0105 augintinio vir\u0161kinim\u0105. Be gr\u016bd\u0173 &#8211; be druskos &#8211; be GMO. Sud\u0117tyje net 95% gard\u017eios m\u0117sos. Skoni\u0173 \u012fvairov\u0117 visavertei&#8230;<\/p>","protected":false},"featured_media":18249,"comment_status":"closed","ping_status":"closed","template":"","meta":{"_acf_changed":false,"slim_seo":{"title":"Brit Premium Chicken & Rabbit de\u0161ra \u0161unims 800 g - Zooprekes24","description":"Brit Premium Chicken &amp; Rabbit desa su\u0146iem ar tru\u0161iem, vistu un r\u012bsiem ir unik\u0101la ga\u013cas un past\u0113tes kombin\u0101cija, kas neatst\u0101s vienaldz\u012bgus pat vispras\u012bg\u0101kos su\u0146us."},"iawp_total_views":108},"product_brand":[],"product_cat":[9006,9004,8999,29,31],"product_tag":[730,418],"class_list":{"0":"post-21883","1":"product","2":"type-product","3":"status-publish","4":"has-post-thumbnail","6":"product_cat-brit-premium","7":"product_cat-slapias-maistas","8":"product_cat-sunims","9":"product_cat-sunu-maistas","10":"product_cat-sunu-prekiu-gamintojai","11":"product_tag-brit-premium-slapias-maistas","12":"product_tag-konservuotas-maistas-sunims","13":"pa_pasaro-sudetis-ryziai","14":"pa_pasaro-sudetis-triusiena","15":"pa_pasaro-sudetis-vistiena","16":"pa_prekiu-zenklai-brit-premium","17":"pa_suns-amzius-suaugusiems","18":"pa_veisles-dydis-didelems-veislems","19":"pa_veisles-dydis-mazoms-veislems","20":"pa_veisles-dydis-vidutinems-veislems","21":"pa_veisles-dydis-visu-dydziu-veislems","23":"first","24":"instock","25":"featured","26":"taxable","27":"shipping-taxable","28":"purchasable","29":"product-type-simple"},"acf":[],"_links":{"self":[{"href":"https:\/\/zooprekes24.lt\/lv\/wp-json\/wp\/v2\/product\/21883","targetHints":{"allow":["GET"]}}],"collection":[{"href":"https:\/\/zooprekes24.lt\/lv\/wp-json\/wp\/v2\/product"}],"about":[{"href":"https:\/\/zooprekes24.lt\/lv\/wp-json\/wp\/v2\/types\/product"}],"replies":[{"embeddable":true,"href":"https:\/\/zooprekes24.lt\/lv\/wp-json\/wp\/v2\/comments?post=21883"}],"wp:featuredmedia":[{"embeddable":true,"href":"https:\/\/zooprekes24.lt\/lv\/wp-json\/wp\/v2\/media\/18249"}],"wp:attachment":[{"href":"https:\/\/zooprekes24.lt\/lv\/wp-json\/wp\/v2\/media?parent=21883"}],"wp:term":[{"taxonomy":"product_brand","embeddable":true,"href":"https:\/\/zooprekes24.lt\/lv\/wp-json\/wp\/v2\/product_brand?post=21883"},{"taxonomy":"product_cat","embeddable":true,"href":"https:\/\/zooprekes24.lt\/lv\/wp-json\/wp\/v2\/product_cat?post=21883"},{"taxonomy":"product_tag","embeddable":true,"href":"https:\/\/zooprekes24.lt\/lv\/wp-json\/wp\/v2\/product_tag?post=21883"}],"curies":[{"name":"wp","href":"https:\/\/api.w.org\/{rel}","templated":true}]}}