{"id":21878,"date":"2024-04-18T21:17:46","date_gmt":"2024-04-18T18:17:46","guid":{"rendered":"https:\/\/zooprekes24.lt\/produktas\/brit-premium-by-nature-junior-xl\/"},"modified":"2024-07-08T13:33:18","modified_gmt":"2024-07-08T10:33:18","slug":"brit-premium-by-nature-junior-xl","status":"publish","type":"product","link":"https:\/\/zooprekes24.lt\/lv\/produktas\/brit-premium-by-nature-junior-xl\/","title":{"rendered":"Brit Premium by Nature Junior XL saus\u0101 bar\u012bba su\u0146iem 15kg"},"content":{"rendered":"<h3>Brit Premium by Nature Junior XL su\u0146u bar\u012bbai, kas \u012bpa\u0161i izstr\u0101d\u0101ta \u012bpa\u0161i lielu \u0161\u0137ir\u0146u (45-90 kg) kuc\u0113niem un jauniem su\u0146iem (2-24 m\u0113ne\u0161i), piem\u012bt \u0161\u0101das \u012bpa\u0161\u012bbas, kas ietekm\u0113 su\u0146u vesel\u012bbu un st\u0101vokli:<\/h3>\n<ul>\n<li>L\u012bdzsvarota aug\u0161ana, pateicoties augstam dz\u012bvnieku tauku saturam.<\/li>\n<li>Vesel\u012bgas loc\u012btavas. Brit Premium by Nature Junior L su\u0146u bar\u012bba satur glikozam\u012bnu un hondroit\u012bnu vesel\u012bg\u0101m loc\u012btav\u0101m.<\/li>\n<li>Vesel\u012bgs skelets. Optim\u0101la kalcija un fosfora attiec\u012bba nodro\u0161ina vesel\u012bgus kaulus un vesel\u012bgu skeletu.<\/li>\n<li>Sp\u0113c\u012bga imunit\u0101te. Prebiotikas (mann\u0101ns un fruktooligosahar\u012bdi) un dab\u012bgie antioksidanti stiprina su\u0146u imunit\u0101ti.<\/li>\n<\/ul>\n<h3>augu un aug\u013cu ekstrakti (rozmar\u012bns, kurkuma, citrusaug\u013ci un krustnagli\u0146as), ko satur <a href=\"https:\/\/brit-petfood.com\/en\/products\/264893-brit-premium-by-nature-junior-xl\" target=\"_blank\" rel=\"noopener\">Brit Premium by Nature Junior XL<\/a> su\u0146u bar\u012bb\u0101, ietekme uz su\u0146u vesel\u012bbu un izskatu:<\/h3>\n<ul>\n<li>Uzlabo \u0113diena gar\u0161u un pievilc\u012bbu.<\/li>\n<li>Lielisks antioksidantu un fermentu avots, kas aizsarg\u0101 \u0161\u016bnas no boj\u0101jumiem.<\/li>\n<li>Pal\u012bdz uzlabot E vitam\u012bna uzs\u016bk\u0161anos un aizsarg\u0101 organismu pret br\u012bvajiem radik\u0101\u013ciem.<\/li>\n<li>Pal\u012bdz uzlabot tauksk\u0101bju uzs\u016bk\u0161anos no p\u0101rtikas, t\u0101p\u0113c\u00a0<a href=\"https:\/\/zooprekes24.lt\/lv\/products\/brit-care-lassi-ella\/\" target=\"_blank\" rel=\"noopener\">uzlabo \u0101das, ka\u017eoka un loc\u012btavu vesel\u012bbu<\/a>. Pastiprina pretnoveco\u0161an\u0101s efektu.<\/li>\n<\/ul>","protected":false},"excerpt":{"rendered":"<p>\u0160un\u0173 maistas\u00a0Brit Premium by Nature Junior XL, sukurtas specialiai ypa\u010d dideli\u0173 veisli\u0173 (45-90 kg) \u0161uniukams ir jauniems \u0161unims (2-24 m\u0117nesi\u0173),\u00a0pasi\u017eymi tokiomis savyb\u0117mis, turin\u010diomis \u012ftakos \u0161un\u0173 sveikatai ir b\u016bklei: Subalansuotas augimas\u00a0d\u0117l didelio kiekio gyv\u016blin\u0117s kilm\u0117s riebal\u0173. Sveiki s\u0105nariai. \u0160un\u0173 maisto Brit Premium by Nature Junior L sud\u0117tyje yra gliukozamino ir chondroitino sveikiems s\u0105nariams. Sveikas skeletas. Optimalus&#8230;<\/p>","protected":false},"featured_media":18240,"comment_status":"closed","ping_status":"closed","template":"","meta":{"_acf_changed":false,"slim_seo":{"title":"Brit Premium by Nature Junior XL sausas maistas \u0161unims 15kg - Zooprekes24","description":"Brit Premium by Nature Junior XL, kas \u012bpa\u0161i izstr\u0101d\u0101ta \u012bpa\u0161i lielu \u0161\u0137ir\u0146u (45-90 kg) kuc\u0113niem un jauniem su\u0146iem (2-24 m\u0113ne\u0161i), ir \u0161\u0101das \u012bpa\u0161\u012bbas."},"iawp_total_views":35},"product_brand":[],"product_cat":[9006,9002,8999,29,31],"product_tag":[353,177,260,200],"class_list":{"0":"post-21878","1":"product","2":"type-product","3":"status-publish","4":"has-post-thumbnail","6":"product_cat-brit-premium","7":"product_cat-sausas-maistas","8":"product_cat-sunims","9":"product_cat-sunu-maistas","10":"product_cat-sunu-prekiu-gamintojai","11":"product_tag-brit-sunu-edalas","12":"product_tag-edalas-sunims","13":"product_tag-maistas-alergiskiems-sunims","14":"product_tag-super-premium-maistas-sunims","15":"pa_pasaro-sudetis-uogos","16":"pa_pasaro-sudetis-vaisiai","17":"pa_pasaro-sudetis-vistiena","18":"pa_prekiu-zenklai-brit-premium","19":"pa_suns-amzius-jauniems","20":"pa_veisles-dydis-didelems-veislems","22":"first","23":"instock","24":"featured","25":"taxable","26":"shipping-taxable","27":"purchasable","28":"product-type-simple"},"acf":[],"_links":{"self":[{"href":"https:\/\/zooprekes24.lt\/lv\/wp-json\/wp\/v2\/product\/21878","targetHints":{"allow":["GET"]}}],"collection":[{"href":"https:\/\/zooprekes24.lt\/lv\/wp-json\/wp\/v2\/product"}],"about":[{"href":"https:\/\/zooprekes24.lt\/lv\/wp-json\/wp\/v2\/types\/product"}],"replies":[{"embeddable":true,"href":"https:\/\/zooprekes24.lt\/lv\/wp-json\/wp\/v2\/comments?post=21878"}],"wp:featuredmedia":[{"embeddable":true,"href":"https:\/\/zooprekes24.lt\/lv\/wp-json\/wp\/v2\/media\/18240"}],"wp:attachment":[{"href":"https:\/\/zooprekes24.lt\/lv\/wp-json\/wp\/v2\/media?parent=21878"}],"wp:term":[{"taxonomy":"product_brand","embeddable":true,"href":"https:\/\/zooprekes24.lt\/lv\/wp-json\/wp\/v2\/product_brand?post=21878"},{"taxonomy":"product_cat","embeddable":true,"href":"https:\/\/zooprekes24.lt\/lv\/wp-json\/wp\/v2\/product_cat?post=21878"},{"taxonomy":"product_tag","embeddable":true,"href":"https:\/\/zooprekes24.lt\/lv\/wp-json\/wp\/v2\/product_tag?post=21878"}],"curies":[{"name":"wp","href":"https:\/\/api.w.org\/{rel}","templated":true}]}}