{"id":21877,"date":"2024-04-18T21:17:46","date_gmt":"2024-04-18T18:17:46","guid":{"rendered":"https:\/\/zooprekes24.lt\/produktas\/royal-canin-outdoor\/"},"modified":"2026-02-27T06:55:49","modified_gmt":"2026-02-27T04:55:49","slug":"royal-canin-outdoor","status":"publish","type":"product","link":"https:\/\/zooprekes24.lt\/lv\/produktas\/royal-canin-outdoor\/","title":{"rendered":"Royal Canin \u0101ra ka\u0137u saus\u0101 bar\u012bba 2 kg"},"content":{"rendered":"<h3>Royal Canin Outdoor &#8211; <a href=\"https:\/\/www.royalcanin.com\/lt\/tailored-nutrition\" target=\"_blank\" rel=\"noopener\">\u012bpa\u0161i sabalans\u0113ts<\/a> Saus\u0101 bar\u012bba pieaugu\u0161iem, bie\u017ei \u0101r\u0101 dz\u012bvojo\u0161iem vai akt\u012bviem ka\u0137iem vecum\u0101 no 1 l\u012bdz 7 gadiem. Ka\u0137i, kas bie\u017ei uzturas \u0101r\u0101, ir \u013coti akt\u012bvi, un tiem ir nepiecie\u0161ams vair\u0101k kaloriju saturo\u0161s uzturs. \u0160\u012b iemesla d\u0113\u013c \u0161ai bar\u012bbai ir augsts ener\u0123ijas saturs, lai apmierin\u0101tu akt\u012bvo ka\u0137u vajadz\u012bbas.<\/h3>\n<ul>\n<li><a href=\"https:\/\/zooprekes24.lt\/lv\/kategorija\/prekes-katems\/ciema-partika\/sausas-kaciu-maistas\/\" target=\"_blank\" rel=\"noopener\">Royal Canin Outdoor<\/a> \u012apa\u0161\u0101 formula pal\u012bdz uztur\u0113t ka\u0137a \u0101das lielisku vesel\u012bbu. Antioksidantu komplekss pal\u012bdz neitraliz\u0113t br\u012bvos radik\u0101\u013cus un uztur\u0113t optim\u0101lu \u0161\u016bnu vesel\u012bbu.<\/li>\n<li>Uzturvielu un tauksk\u0101bju (EPA un DHA) kombin\u0101cija uztur vesel\u012bgas un stipras loc\u012btavas.<\/li>\n<li><a href=\"https:\/\/www.youtube.com\/watch?v=FYwO1fiYoa8\" target=\"_blank\" rel=\"noopener\">\u012apa\u0161a formula<\/a> paredz\u0113tas pieaugu\u0161a ka\u0137a ur\u012bnce\u013cu sist\u0113mas aizsardz\u012bbai.<\/li>\n<\/ul>\n<p><img loading=\"lazy\" decoding=\"async\" class=\"alignnone wp-image-18205\" src=\"https:\/\/zooprekes24.lt\/wp-content\/uploads\/Outdoor-logo.png\" alt=\"\" width=\"350\" height=\"200\" srcset=\"https:\/\/zooprekes24.lt\/wp-content\/uploads\/Outdoor-logo.png 1064w, https:\/\/zooprekes24.lt\/wp-content\/uploads\/Outdoor-logo-300x171.png 300w, https:\/\/zooprekes24.lt\/wp-content\/uploads\/Outdoor-logo-1024x585.png 1024w, https:\/\/zooprekes24.lt\/wp-content\/uploads\/Outdoor-logo-600x343.png 600w\" sizes=\"auto, (max-width: 350px) 100vw, 350px\" \/><\/p>","protected":false},"excerpt":{"rendered":"<p>Royal Canin Outdoor &#8211; specialiai subalansuotas sausas maistas suaugusioms, da\u017enai b\u016bnan\u010dioms lauke arba aktyvioms kat\u0117ms nuo 1 iki 7 met\u0173 am\u017eiaus. Da\u017enai lauke b\u016bnan\u010dios kat\u0117s yra labai aktyvios, tod\u0117l joms reikia daugiau kalorij\u0173 turin\u010dio maisto. D\u0117l \u0161ios prie\u017easties \u0161is \u0117dalas pasi\u017eymi dideliu energijos kiekiu tam, kad patenkintu aktyvi\u0173 ka\u010di\u0173 poreikius. Royal Canin Outdoor ypatinga maisto&#8230;<\/p>","protected":false},"featured_media":18206,"comment_status":"closed","ping_status":"closed","template":"","meta":{"_acf_changed":false,"slim_seo":{"title":"Royal Canin Outdoor sausas maistas kat\u0117ms 2 kg - Zooprekes24","description":"Royal Canin Outdoor - specialiai subalansuotas sausas maistas suaugusioms, da\u017enai b\u016bnan\u010dioms lauke arba aktyvioms kat\u0117ms nuo 1 iki 7 met\u0173 am\u017eiaus. Da\u017enai lauke"},"iawp_total_views":93},"product_brand":[],"product_cat":[72,83,25,9019,9016],"product_tag":[1675,1899,1682,1696],"class_list":{"0":"post-21877","1":"product","2":"type-product","3":"status-publish","4":"has-post-thumbnail","6":"product_cat-kaciu-maistas","7":"product_cat-kaciu-prekiu-gamintojai","8":"product_cat-katems","9":"product_cat-royal-canin-kaciu-prekiu-gamintojai","10":"product_cat-sausas-maistas-kaciu-maistas","11":"product_tag-kaciu-edalas","12":"product_tag-kaciu-maistas-naminems-katems","13":"product_tag-kaciu-maistas-super-premium-klases","14":"product_tag-super-premium-maistas-katems","15":"pa_pasaro-sudetis-ryziai","16":"pa_pasaro-sudetis-vistiena","17":"pa_prekiu-zenklai-royal-canin","19":"first","20":"instock","21":"sale","22":"featured","23":"taxable","24":"shipping-taxable","25":"purchasable","26":"product-type-simple"},"acf":[],"_links":{"self":[{"href":"https:\/\/zooprekes24.lt\/lv\/wp-json\/wp\/v2\/product\/21877","targetHints":{"allow":["GET"]}}],"collection":[{"href":"https:\/\/zooprekes24.lt\/lv\/wp-json\/wp\/v2\/product"}],"about":[{"href":"https:\/\/zooprekes24.lt\/lv\/wp-json\/wp\/v2\/types\/product"}],"replies":[{"embeddable":true,"href":"https:\/\/zooprekes24.lt\/lv\/wp-json\/wp\/v2\/comments?post=21877"}],"wp:featuredmedia":[{"embeddable":true,"href":"https:\/\/zooprekes24.lt\/lv\/wp-json\/wp\/v2\/media\/18206"}],"wp:attachment":[{"href":"https:\/\/zooprekes24.lt\/lv\/wp-json\/wp\/v2\/media?parent=21877"}],"wp:term":[{"taxonomy":"product_brand","embeddable":true,"href":"https:\/\/zooprekes24.lt\/lv\/wp-json\/wp\/v2\/product_brand?post=21877"},{"taxonomy":"product_cat","embeddable":true,"href":"https:\/\/zooprekes24.lt\/lv\/wp-json\/wp\/v2\/product_cat?post=21877"},{"taxonomy":"product_tag","embeddable":true,"href":"https:\/\/zooprekes24.lt\/lv\/wp-json\/wp\/v2\/product_tag?post=21877"}],"curies":[{"name":"wp","href":"https:\/\/api.w.org\/{rel}","templated":true}]}}