{"id":21875,"date":"2024-04-18T21:17:46","date_gmt":"2024-04-18T18:17:46","guid":{"rendered":"https:\/\/zooprekes24.lt\/produktas\/royal-canin-babydog-milk\/"},"modified":"2025-07-04T13:04:23","modified_gmt":"2025-07-04T11:04:23","slug":"royal-canin-babydog-milk","status":"publish","type":"product","link":"https:\/\/zooprekes24.lt\/lv\/produktas\/royal-canin-babydog-milk\/","title":{"rendered":"Royal Canin Babydog Milk piena aizst\u0101j\u0113js kuc\u0113niem 400 g"},"content":{"rendered":"<h3>Royal Canin Babydog Milk &#8211; <a href=\"https:\/\/www.youtube.com\/watch?v=FYwO1fiYoa8\" target=\"_blank\" rel=\"noopener\">\u012bpa\u0161i sabalans\u0113ts<\/a> Kuc\u0113nu piens stabilai un harmoniskai kuc\u0113nu aug\u0161anai. Tas ir bag\u0101ts ar ener\u0123iju un olbaltumviel\u0101m un gandr\u012bz neat\u0161\u0137iras no z\u012bd\u012bt\u0101jas piena. S<span lang=\"en-us\">krustojas ar kuc\u0113niem<\/span><span lang=\"lt-lt\">\u00a0baro\u0161ana no dzim\u0161anas l\u012bdz at\u0161\u0137ir\u0161anai no m\u0101tes.<\/span><\/h3>\n<ul>\n<li>Kuc\u0113niem l\u012bdz 4 ned\u0113\u013cu vecumam.<\/li>\n<li><a href=\"https:\/\/zooprekes24.lt\/lv\/?s=royal+canin&amp;post_type=product\" target=\"_blank\" rel=\"noopener\">Royal Canin<\/a> Babydog piens satur r\u016bp\u012bgi atlas\u012btas, labi sagremojamas olbaltumvielas un laktozi, kas praktiski neat\u0161\u0137iras no laktozes, kura ir m\u0101tes pien\u0101. \u0160is piens ir \u012bpa\u0161i piem\u0113rots j\u016bsu kuc\u0113na gremo\u0161anas sist\u0113mai, jo nesatur cieti (kuc\u0113ni neizdala pietiekami daudz amilazes, lai sagremotu cieti). Fruktooligosahar\u012bdu (FOS) piedevas pal\u012bdz uztur\u0113t vesel\u012bgu gremo\u0161anas mikrofloras l\u012bdzsvaru.<\/li>\n<li>Viegli pagatavojams. Ekskluz\u012bv\u0101 formula \u013coti \u0101tri iz\u0161\u0137\u012bdina pienu un nodro\u0161ina pilnv\u0113rt\u012bgu, viendab\u012bgu mais\u012bjumu bez nogulsn\u0113m.<\/li>\n<li>Turpm\u0101ka att\u012bst\u012bba p\u0113c dzim\u0161anas <a href=\"https:\/\/zooprekes24.lt\/lv\/?s=puppy&amp;post_type=product\" target=\"_blank\" rel=\"noopener\">kuc\u0113ni<\/a> nervu sist\u0113ma. Dabisk\u0101 dokozaheksa\u0113nsk\u0101be m\u0101tes pien\u0101 pal\u012bdz kognit\u012bvo funkciju att\u012bst\u012bbai, t\u0101p\u0113c piens ir <a href=\"https:\/\/www.royalcanin.com\/lt\/about-us\/quality-and-food-safety\" target=\"_blank\" rel=\"noopener noreferrer\">bag\u0101tin\u0101ts ar (DHA) sk\u0101bi.<\/a><\/li>\n<li>Iepakojum\u0101 ir piena pudel\u012bte, 3 z\u012bdai\u0146i un karot\u012bte prec\u012bzai doz\u0113\u0161anai.<\/li>\n<\/ul>\n<p><img loading=\"lazy\" decoding=\"async\" class=\"alignnone wp-image-18078\" src=\"https:\/\/zooprekes24.lt\/wp-content\/uploads\/mini-starter.png\" alt=\"Royal Canin Mini Starter\" width=\"300\" height=\"269\" srcset=\"https:\/\/zooprekes24.lt\/wp-content\/uploads\/mini-starter.png 800w, https:\/\/zooprekes24.lt\/wp-content\/uploads\/mini-starter-300x269.png 300w, https:\/\/zooprekes24.lt\/wp-content\/uploads\/mini-starter-600x538.png 600w\" sizes=\"auto, (max-width: 300px) 100vw, 300px\" \/><\/p>","protected":false},"excerpt":{"rendered":"<p>Royal Canin Babydog Milk &#8211; specialiai subalansuotas pienas \u0161uniukams, kuris skirtas stabiliam ir harmoningam ma\u017eyli\u0173 augimui. Pieno sud\u0117tyje daug energijos ir baltym\u0173 kurie beveik nesiskiria nuo maitinan\u010dios kal\u0117s pieno. Skirta \u0161uniuk\u0173\u00a0maitinimui nuo gimimo iki nujunkymo. Skirta \u0161uniukams iki 4 savai\u010di\u0173 am\u017eiaus. Royal Canin Babydog Milk sud\u0117tyje yra kruop\u0161\u010diai atrinkti, labai gerai vir\u0161kinami baltymai ir laktoz\u0117,&#8230;<\/p>","protected":false},"featured_media":18172,"comment_status":"closed","ping_status":"closed","template":"","meta":{"_acf_changed":false,"slim_seo":{"title":"Royal Canin Babydog Milk pieno pakaitalas \u0161uniukams 400 g - Zooprekes24","description":"Royal Canin Babydog Milk - specialiai subalansuotas pienas \u0161uniukams, kuris skirtas stabiliam ir harmoningam ma\u017eyli\u0173 augimui. Pieno sud\u0117tyje daug energijos ir b"},"iawp_total_views":324},"product_brand":[],"product_cat":[9012,9004,8999,29,31],"product_tag":[],"class_list":{"0":"post-21875","1":"product","2":"type-product","3":"status-publish","4":"has-post-thumbnail","6":"product_cat-royal-canin","7":"product_cat-slapias-maistas","8":"product_cat-sunims","9":"product_cat-sunu-maistas","10":"product_cat-sunu-prekiu-gamintojai","11":"pa_prekiu-zenklai-royal-canin","12":"pa_suns-amzius-jauniems","13":"pa_veisles-dydis-didelems-veislems","14":"pa_veisles-dydis-mazoms-veislems","15":"pa_veisles-dydis-vidutinems-veislems","16":"pa_veisles-dydis-visu-dydziu-veislems","18":"first","19":"instock","20":"featured","21":"taxable","22":"shipping-taxable","23":"purchasable","24":"product-type-simple"},"acf":[],"_links":{"self":[{"href":"https:\/\/zooprekes24.lt\/lv\/wp-json\/wp\/v2\/product\/21875","targetHints":{"allow":["GET"]}}],"collection":[{"href":"https:\/\/zooprekes24.lt\/lv\/wp-json\/wp\/v2\/product"}],"about":[{"href":"https:\/\/zooprekes24.lt\/lv\/wp-json\/wp\/v2\/types\/product"}],"replies":[{"embeddable":true,"href":"https:\/\/zooprekes24.lt\/lv\/wp-json\/wp\/v2\/comments?post=21875"}],"wp:featuredmedia":[{"embeddable":true,"href":"https:\/\/zooprekes24.lt\/lv\/wp-json\/wp\/v2\/media\/18172"}],"wp:attachment":[{"href":"https:\/\/zooprekes24.lt\/lv\/wp-json\/wp\/v2\/media?parent=21875"}],"wp:term":[{"taxonomy":"product_brand","embeddable":true,"href":"https:\/\/zooprekes24.lt\/lv\/wp-json\/wp\/v2\/product_brand?post=21875"},{"taxonomy":"product_cat","embeddable":true,"href":"https:\/\/zooprekes24.lt\/lv\/wp-json\/wp\/v2\/product_cat?post=21875"},{"taxonomy":"product_tag","embeddable":true,"href":"https:\/\/zooprekes24.lt\/lv\/wp-json\/wp\/v2\/product_tag?post=21875"}],"curies":[{"name":"wp","href":"https:\/\/api.w.org\/{rel}","templated":true}]}}