{"id":21873,"date":"2024-04-18T21:17:46","date_gmt":"2024-04-18T18:17:46","guid":{"rendered":"https:\/\/zooprekes24.lt\/produktas\/royal-canin-maxi-joint-care\/"},"modified":"2025-07-07T13:09:37","modified_gmt":"2025-07-07T11:09:37","slug":"royal-canin-maxi-locitavu-kopsanas-lidzekli","status":"publish","type":"product","link":"https:\/\/zooprekes24.lt\/lv\/produktas\/royal-canin-maxi-joint-care\/","title":{"rendered":"Royal Canin Maxi Joint Care saus\u0101 bar\u012bba su\u0146iem 10 kg"},"content":{"rendered":"<h3>Royal Canin Maxi Joint Care - <a href=\"https:\/\/www.royalcanin.com\/lt\/tailored-nutrition\" target=\"_blank\" rel=\"noopener\">\u012bpa\u0161i sabalans\u0113ts<\/a> Saus\u0101 bar\u012bba pieaugu\u0161iem lielo \u0161\u0137ir\u0146u su\u0146iem (26-44 kg) no 1 gada vecuma. Piem\u0113rota su\u0146iem ar loc\u012btavu jut\u012bgumu vai loc\u012btavu slim\u012bb\u0101m.<\/h3>\n<ul>\n<li>Unik\u0101ls <a href=\"https:\/\/zooprekes24.lt\/lv\/kategorija\/prekes-sunims\/sunu-produktu-razotaji\/royal-canin-sunims\/\" target=\"_blank\" rel=\"noopener\">Royal Canin Maxi Joint Care<\/a> Sast\u0101vs ir veidots t\u0101, lai atvieglotu kust\u012bbas un uztur\u0113tu su\u0146a labsaj\u016btu un vesel\u012bgas loc\u012btavas.<\/li>\n<li>Bar\u012bb\u0101 eso\u0161\u0101 EPA un DHA tauksk\u0101bju kombin\u0101cija un ekskluz\u012bvs bar\u012bbas vielu mais\u012bjums, tostarp hidroliz\u0113ts kolag\u0113ns, pal\u012bdz stiprin\u0101t j\u016bsu m\u012blu\u013ca skrim\u0161\u013cus un uztur\u0113t optim\u0101lu loc\u012btavu vesel\u012bbu.<\/li>\n<li><a href=\"https:\/\/www.youtube.com\/watch?v=FYwO1fiYoa8&amp;t=9s\" target=\"_blank\" rel=\"noopener\">\u012apa\u0161a formula<\/a> stiprina su\u0146a \u0101das aizsargbarjeras efektivit\u0101ti.<\/li>\n<li>\u012apa\u0161as granulas. Patent\u0113ta sasmalcin\u0101ta bar\u012bba, kas veicina ko\u0161\u013c\u0101\u0161anu un p\u0113c \u0113\u0161anas uzs\u016bcas divreiz l\u0113n\u0101k. T\u0101 rezult\u0101t\u0101 \u012bpa\u0161i lielo \u0161\u0137ir\u0146u su\u0146i norij maz\u0101k gaisa un cie\u0161 no maz\u0101k\u0101m gremo\u0161anas probl\u0113m\u0101m.<\/li>\n<\/ul>\n<p><img loading=\"lazy\" decoding=\"async\" class=\"alignnone wp-image-18154\" src=\"https:\/\/zooprekes24.lt\/wp-content\/uploads\/joint-care.png\" alt=\"\" width=\"300\" height=\"433\" srcset=\"https:\/\/zooprekes24.lt\/wp-content\/uploads\/joint-care.png 617w, https:\/\/zooprekes24.lt\/wp-content\/uploads\/joint-care-208x300.png 208w, https:\/\/zooprekes24.lt\/wp-content\/uploads\/joint-care-600x865.png 600w, https:\/\/zooprekes24.lt\/wp-content\/uploads\/joint-care-416x600.png 416w\" sizes=\"auto, (max-width: 300px) 100vw, 300px\" \/><\/p>","protected":false},"excerpt":{"rendered":"<p>Royal Canin Maxi Joint Care &#8211; specialiai subalansuotas suaugusi\u0173, dideli\u0173 veisli\u0173\u00a0 (nuo 26-44 kg) \u0161un\u0173 sausas maistas nuo 1 met\u0173 am\u017eiaus. Pritaikytas \u0161unims patiriantiems s\u0105nari\u0173 jautrum\u0105 arba susiduriantiems su s\u0105nari\u0173 ligomis. Unikali Royal Canin Maxi Joint Care sud\u0117tis skirta jud\u0117jimui palengvinti ir gerai \u0161uns savijautai ir sveikiems s\u0105nariams palaikyti. Maisto sud\u0117tyje esan\u010dios EPR ir DHR&#8230;<\/p>","protected":false},"featured_media":18155,"comment_status":"closed","ping_status":"closed","template":"","meta":{"_acf_changed":false,"slim_seo":{"title":"Royal Canin Maxi Joint Care sausas maistas \u0161unims 10 kg - Zooprekes24","description":"Royal Canin Maxi Joint Care ir \u012bpa\u0161i sabalans\u0113ta saus\u0101 bar\u012bba pieaugu\u0161iem lielo \u0161\u0137ir\u0146u su\u0146iem (26-44 kg) no 1 gada vecuma. T\u0101 ir piel\u0101gota su\u0146iem l\u012bdz"},"iawp_total_views":79},"product_brand":[],"product_cat":[9012,9002,8999,29,31],"product_tag":[177,200],"class_list":{"0":"post-21873","1":"product","2":"type-product","3":"status-publish","4":"has-post-thumbnail","6":"product_cat-royal-canin","7":"product_cat-sausas-maistas","8":"product_cat-sunims","9":"product_cat-sunu-maistas","10":"product_cat-sunu-prekiu-gamintojai","11":"product_tag-edalas-sunims","12":"product_tag-super-premium-maistas-sunims","13":"pa_pasaro-sudetis-ryziai","14":"pa_pasaro-sudetis-vistiena","15":"pa_prekiu-zenklai-royal-canin","16":"pa_suns-amzius-suaugusiems","17":"pa_veisles-dydis-didelems-veislems","19":"first","20":"instock","21":"taxable","22":"shipping-taxable","23":"purchasable","24":"product-type-simple"},"acf":[],"_links":{"self":[{"href":"https:\/\/zooprekes24.lt\/lv\/wp-json\/wp\/v2\/product\/21873","targetHints":{"allow":["GET"]}}],"collection":[{"href":"https:\/\/zooprekes24.lt\/lv\/wp-json\/wp\/v2\/product"}],"about":[{"href":"https:\/\/zooprekes24.lt\/lv\/wp-json\/wp\/v2\/types\/product"}],"replies":[{"embeddable":true,"href":"https:\/\/zooprekes24.lt\/lv\/wp-json\/wp\/v2\/comments?post=21873"}],"wp:featuredmedia":[{"embeddable":true,"href":"https:\/\/zooprekes24.lt\/lv\/wp-json\/wp\/v2\/media\/18155"}],"wp:attachment":[{"href":"https:\/\/zooprekes24.lt\/lv\/wp-json\/wp\/v2\/media?parent=21873"}],"wp:term":[{"taxonomy":"product_brand","embeddable":true,"href":"https:\/\/zooprekes24.lt\/lv\/wp-json\/wp\/v2\/product_brand?post=21873"},{"taxonomy":"product_cat","embeddable":true,"href":"https:\/\/zooprekes24.lt\/lv\/wp-json\/wp\/v2\/product_cat?post=21873"},{"taxonomy":"product_tag","embeddable":true,"href":"https:\/\/zooprekes24.lt\/lv\/wp-json\/wp\/v2\/product_tag?post=21873"}],"curies":[{"name":"wp","href":"https:\/\/api.w.org\/{rel}","templated":true}]}}