{"id":21872,"date":"2024-04-18T21:17:46","date_gmt":"2024-04-18T18:17:46","guid":{"rendered":"https:\/\/zooprekes24.lt\/produktas\/royal-canin-maxi-dermacomfort\/"},"modified":"2025-07-07T13:11:18","modified_gmt":"2025-07-07T11:11:18","slug":"royal-canin-maxi-dermacomfort","status":"publish","type":"product","link":"https:\/\/zooprekes24.lt\/lv\/produktas\/royal-canin-maxi-dermacomfort\/","title":{"rendered":"Royal Canin Maxi Dermacomfort saus\u0101 bar\u012bba su\u0146iem 12 kg"},"content":{"rendered":"<h3>Royal Canin Maxi Dermacomfort - <a href=\"https:\/\/www.royalcanin.com\/lt\/tailored-nutrition\" target=\"_blank\" rel=\"noopener\">\u012bpa\u0161i sabalans\u0113ts<\/a> Saus\u0101 bar\u012bba pieaugu\u0161iem lielo \u0161\u0137ir\u0146u su\u0146iem (26-44 kg) no 1 gada vecuma. Piem\u0113rota jut\u012bgiem su\u0146iem ar \u0101du, kam ir nosliece uz kairin\u0101jumu un niezi.<\/h3>\n<ul>\n<li>Royal Canin Maxi Dermacomfort ir \u012bpa\u0161i izstr\u0101d\u0101ts, lai ierobe\u017eotu olbaltumvielu daudzumu, kas var b\u016bt viens no galvenajiem aler\u0123iju c\u0113lo\u0146iem.<\/li>\n<li><a href=\"https:\/\/www.youtube.com\/watch?v=FYwO1fiYoa8&amp;t=9s\" target=\"_blank\" rel=\"noopener\">\u012apa\u0161a formula<\/a> stiprina su\u0146a \u0101das aizsargbarjeras efektivit\u0101ti.<\/li>\n<li>\u012apa\u0161i izstr\u0101d\u0101tais \u0113diens pal\u012bdz c\u012bn\u012bties ar nelieliem \u0101das iekaisumiem.<\/li>\n<li>Iev\u0113rojami s<a href=\"https:\/\/zooprekes24.lt\/lv\/?s=aliejus&amp;post_type=product\" target=\"_blank\" rel=\"noopener\">nomierina m\u0101jdz\u012bvnieku \u0101das kairin\u0101jumus<\/a> un niezi.<\/li>\n<li>Bar\u012bb\u0101 eso\u0161\u0101s hel\u0101tus saturo\u0161\u0101s vielas sadala kalciju siekal\u0101s un nov\u0113r\u0161 zobakmens veido\u0161anos.<\/li>\n<\/ul>\n<p><img loading=\"lazy\" decoding=\"async\" class=\"alignnone wp-image-18151\" src=\"https:\/\/zooprekes24.lt\/wp-content\/uploads\/maxi-dermo.png\" alt=\"\" width=\"300\" height=\"418\" srcset=\"https:\/\/zooprekes24.lt\/wp-content\/uploads\/maxi-dermo.png 650w, https:\/\/zooprekes24.lt\/wp-content\/uploads\/maxi-dermo-215x300.png 215w, https:\/\/zooprekes24.lt\/wp-content\/uploads\/maxi-dermo-600x835.png 600w, https:\/\/zooprekes24.lt\/wp-content\/uploads\/maxi-dermo-431x600.png 431w\" sizes=\"auto, (max-width: 300px) 100vw, 300px\" \/><\/p>","protected":false},"excerpt":{"rendered":"<p>Royal Canin Maxi Dermacomfort &#8211; specialiai subalansuotas suaugusi\u0173, dideli\u0173 veisli\u0173 (nuo 26-44 kg) \u0161un\u0173 sausas maistas nuo 1 met\u0173 am\u017eiaus. Pritaikytas jautriems \u0161unims kuri\u0173 oda linkusi sudirgti ir nie\u017e\u0117ti. Royal Canin Maxi Dermacomfort sukurtas pagal speciali\u0105 formul\u0119 &#8211; su apribotu baltym\u0173 kiekiu, kurie gali b\u016bti vieni i\u0161 pagrindini\u0173 alergijos prie\u017ea\u0161\u010di\u0173. Ypatinga formul\u0117 stiprina apsauginio \u0161uns&#8230;<\/p>","protected":false},"featured_media":18152,"comment_status":"closed","ping_status":"closed","template":"","meta":{"_acf_changed":false,"slim_seo":{"title":"Royal Canin Maxi Dermacomfort sausas maistas \u0161unims 12 kg - Zooprekes24","description":"Royal Canin Maxi Dermacomfort ir \u012bpa\u0161i sabalans\u0113ta saus\u0101 bar\u012bba pieaugu\u0161iem lielo \u0161\u0137ir\u0146u su\u0146iem (26-44 kg) no 1 gada vecuma. Piel\u0101gota jut\u012bgiem su\u0146iem"},"iawp_total_views":69},"product_brand":[],"product_cat":[9012,9002,8999,29,31],"product_tag":[177,260,200],"class_list":{"0":"post-21872","1":"product","2":"type-product","3":"status-publish","4":"has-post-thumbnail","6":"product_cat-royal-canin","7":"product_cat-sausas-maistas","8":"product_cat-sunims","9":"product_cat-sunu-maistas","10":"product_cat-sunu-prekiu-gamintojai","11":"product_tag-edalas-sunims","12":"product_tag-maistas-alergiskiems-sunims","13":"product_tag-super-premium-maistas-sunims","14":"pa_pasaro-sudetis-ryziai","15":"pa_pasaro-sudetis-vistiena","16":"pa_prekiu-zenklai-royal-canin","17":"pa_suns-amzius-suaugusiems","18":"pa_veisles-dydis-didelems-veislems","20":"first","21":"instock","22":"taxable","23":"shipping-taxable","24":"purchasable","25":"product-type-simple"},"acf":[],"_links":{"self":[{"href":"https:\/\/zooprekes24.lt\/lv\/wp-json\/wp\/v2\/product\/21872","targetHints":{"allow":["GET"]}}],"collection":[{"href":"https:\/\/zooprekes24.lt\/lv\/wp-json\/wp\/v2\/product"}],"about":[{"href":"https:\/\/zooprekes24.lt\/lv\/wp-json\/wp\/v2\/types\/product"}],"replies":[{"embeddable":true,"href":"https:\/\/zooprekes24.lt\/lv\/wp-json\/wp\/v2\/comments?post=21872"}],"wp:featuredmedia":[{"embeddable":true,"href":"https:\/\/zooprekes24.lt\/lv\/wp-json\/wp\/v2\/media\/18152"}],"wp:attachment":[{"href":"https:\/\/zooprekes24.lt\/lv\/wp-json\/wp\/v2\/media?parent=21872"}],"wp:term":[{"taxonomy":"product_brand","embeddable":true,"href":"https:\/\/zooprekes24.lt\/lv\/wp-json\/wp\/v2\/product_brand?post=21872"},{"taxonomy":"product_cat","embeddable":true,"href":"https:\/\/zooprekes24.lt\/lv\/wp-json\/wp\/v2\/product_cat?post=21872"},{"taxonomy":"product_tag","embeddable":true,"href":"https:\/\/zooprekes24.lt\/lv\/wp-json\/wp\/v2\/product_tag?post=21872"}],"curies":[{"name":"wp","href":"https:\/\/api.w.org\/{rel}","templated":true}]}}