{"id":21870,"date":"2024-04-18T21:17:46","date_gmt":"2024-04-18T18:17:46","guid":{"rendered":"https:\/\/zooprekes24.lt\/produktas\/royal-canin-medium-digestive-care\/"},"modified":"2025-07-07T13:16:40","modified_gmt":"2025-07-07T11:16:40","slug":"royal-canin-medium-digestive-care","status":"publish","type":"product","link":"https:\/\/zooprekes24.lt\/lv\/produktas\/royal-canin-medium-digestive-care\/","title":{"rendered":"Royal Canin Medium Digestive Care saus\u0101 bar\u012bba su\u0146iem 3 kg"},"content":{"rendered":"<h3>Royal Canin Medium Digestive Care &#8211; <a href=\"https:\/\/www.royalcanin.com\/lt\/tailored-nutrition\" target=\"_blank\" rel=\"noopener\">\u012bpa\u0161i sabalans\u0113ts<\/a> Saus\u0101 bar\u012bba pieaugu\u0161iem vid\u0113ja lieluma (11-15 kg) su\u0146iem no 1 gada vecuma. Piem\u0113rota su\u0146iem ar jut\u012bgu gremo\u0161anas sist\u0113mu.<\/h3>\n<ul>\n<li>Royal Canin Medium Digestive Care \u012bpa\u0161\u0101 formula un r\u016bp\u012bgi atlas\u012bt\u0101s ekskluz\u012bv\u0101s sast\u0101vda\u013cas apmierina pat vispras\u012bg\u0101ko mazo \u0161\u0137ir\u0146u su\u0146u apet\u012bti.<\/li>\n<li><a href=\"https:\/\/www.youtube.com\/watch?v=sQlv9iWVY1Y\" target=\"_blank\" rel=\"noopener\">Izcila uzturvielu kombin\u0101cija<\/a> nodro\u0161ina labu gremo\u0161anas funkciju (LIP olbaltumvielas) un uztur zarnu floras l\u012bdzsvaru.<\/li>\n<li>Paaugstin\u0101ts omega-6 tauksk\u0101bju saturs bar\u012bb\u0101 <a href=\"https:\/\/zooprekes24.lt\/lv\/products\/canina-biotina-forte-tabletes\/\" target=\"_blank\" rel=\"noopener\">pal\u012bdz uztur\u0113t vesel\u012bgu un sp\u012bd\u012bgu ka\u017eoku<\/a>.<\/li>\n<li>\u012apa\u0161aj\u0101 bar\u012bbas formul\u0101 eso\u0161ie hel\u0101tus saturo\u0161ie a\u0123enti sadala kalciju siekal\u0101s un nov\u0113r\u0161 zobakmens veido\u0161anos.<\/li>\n<\/ul>\n<p><img loading=\"lazy\" decoding=\"async\" class=\"alignnone wp-image-18145\" src=\"https:\/\/zooprekes24.lt\/wp-content\/uploads\/medium-digest.png\" alt=\"\" width=\"250\" height=\"372\" srcset=\"https:\/\/zooprekes24.lt\/wp-content\/uploads\/medium-digest.png 606w, https:\/\/zooprekes24.lt\/wp-content\/uploads\/medium-digest-202x300.png 202w, https:\/\/zooprekes24.lt\/wp-content\/uploads\/medium-digest-600x891.png 600w, https:\/\/zooprekes24.lt\/wp-content\/uploads\/medium-digest-404x600.png 404w\" sizes=\"auto, (max-width: 250px) 100vw, 250px\" \/><\/p>","protected":false},"excerpt":{"rendered":"<p>Royal Canin Medium Digestive Care &#8211; specialiai subalansuotas suaugusi\u0173, vidutinio dyd\u017eio veisli\u0173 (nuo 11-15 kg) \u0161un\u0173 sausas maistas nuo 1 met\u0173 am\u017eiaus. Pritaikytas \u0161unims turintiems jautri\u0105 vir\u0161kinimo sistem\u0105. Royal Canin Medium Digestive Care speciali maisto sud\u0117tis ir kruop\u0161\u010diai atrinktos i\u0161skirtin\u0117s med\u017eiagos patenkina net i\u0161rankiausi\u0173 ma\u017e\u0173 veisli\u0173 \u0161un\u0173 apetit\u0105. I\u0161skirtinis maistini\u0173 med\u017eiag\u0173 derinys u\u017etikrina ger\u0105 vir\u0161kinimo&#8230;<\/p>","protected":false},"featured_media":18146,"comment_status":"closed","ping_status":"closed","template":"","meta":{"_acf_changed":false,"slim_seo":{"title":"Royal Canin Medium Digestive Care sausas maistas \u0161unims 3 kg - Zooprekes24","description":"Royal Canin Medium Digestive Care - specialiai subalansuotas suaugusi\u0173, vidutinio dyd\u017eio veisli\u0173 (nuo 11-15 kg) \u0161un\u0173 sausas maistas nuo 1 met\u0173 am\u017eiaus. Pritaiky"},"iawp_total_views":184},"product_brand":[],"product_cat":[9012,9002,8999,29,31],"product_tag":[177,200],"class_list":{"0":"post-21870","1":"product","2":"type-product","3":"status-publish","4":"has-post-thumbnail","6":"product_cat-royal-canin","7":"product_cat-sausas-maistas","8":"product_cat-sunims","9":"product_cat-sunu-maistas","10":"product_cat-sunu-prekiu-gamintojai","11":"product_tag-edalas-sunims","12":"product_tag-super-premium-maistas-sunims","13":"pa_pasaro-sudetis-ryziai","14":"pa_pasaro-sudetis-vistiena","15":"pa_prekiu-zenklai-royal-canin","16":"pa_suns-amzius-suaugusiems","17":"pa_veisles-dydis-vidutinems-veislems","19":"first","20":"instock","21":"taxable","22":"shipping-taxable","23":"purchasable","24":"product-type-simple"},"acf":[],"_links":{"self":[{"href":"https:\/\/zooprekes24.lt\/lv\/wp-json\/wp\/v2\/product\/21870","targetHints":{"allow":["GET"]}}],"collection":[{"href":"https:\/\/zooprekes24.lt\/lv\/wp-json\/wp\/v2\/product"}],"about":[{"href":"https:\/\/zooprekes24.lt\/lv\/wp-json\/wp\/v2\/types\/product"}],"replies":[{"embeddable":true,"href":"https:\/\/zooprekes24.lt\/lv\/wp-json\/wp\/v2\/comments?post=21870"}],"wp:featuredmedia":[{"embeddable":true,"href":"https:\/\/zooprekes24.lt\/lv\/wp-json\/wp\/v2\/media\/18146"}],"wp:attachment":[{"href":"https:\/\/zooprekes24.lt\/lv\/wp-json\/wp\/v2\/media?parent=21870"}],"wp:term":[{"taxonomy":"product_brand","embeddable":true,"href":"https:\/\/zooprekes24.lt\/lv\/wp-json\/wp\/v2\/product_brand?post=21870"},{"taxonomy":"product_cat","embeddable":true,"href":"https:\/\/zooprekes24.lt\/lv\/wp-json\/wp\/v2\/product_cat?post=21870"},{"taxonomy":"product_tag","embeddable":true,"href":"https:\/\/zooprekes24.lt\/lv\/wp-json\/wp\/v2\/product_tag?post=21870"}],"curies":[{"name":"wp","href":"https:\/\/api.w.org\/{rel}","templated":true}]}}