{"id":21866,"date":"2024-04-18T21:17:36","date_gmt":"2024-04-18T18:17:36","guid":{"rendered":"https:\/\/zooprekes24.lt\/produktas\/royal-canin-mini-dental-care\/"},"modified":"2025-07-10T09:48:27","modified_gmt":"2025-07-10T07:48:27","slug":"royal-canin-mini-dental-care","status":"publish","type":"product","link":"https:\/\/zooprekes24.lt\/lv\/produktas\/royal-canin-mini-dental-care\/","title":{"rendered":"Royal Canin Mini Dental Care saus\u0101 bar\u012bba su\u0146iem 1 kg"},"content":{"rendered":"<h3>Royal Canin Mini Dental Care &#8211; <a href=\"https:\/\/www.royalcanin.com\/lt\/tailored-nutrition\" target=\"_blank\" rel=\"noopener\">\u012bpa\u0161i sabalans\u0113ts<\/a> Saus\u0101 bar\u012bba pieaugu\u0161iem mazo \u0161\u0137ir\u0146u su\u0146iem (l\u012bdz 10 kg) no 1 gada vecuma. Piem\u0113rota su\u0146iem ar jut\u012bgiem zobiem vai mutes dobuma higi\u0113nas probl\u0113m\u0101m.<\/h3>\n<ul>\n<li>Royal Canin Mini Dental Care unik\u0101lajai formulai ir \u012bpa\u0161a tekst\u016bra, kas maigi no\u0146em aplikumu no j\u016bsu m\u012blu\u013ca jut\u012bgajiem zobiem.<\/li>\n<li>Satur lielu L-karnit\u012bna daudzumu <a href=\"https:\/\/zooprekes24.lt\/lv\/products\/canvit-kelp-180g\/\" target=\"_blank\" rel=\"noopener\">stimul\u0113 j\u016bsu m\u012blu\u013ca vielmai\u0146u.<\/a><\/li>\n<li><a href=\"https:\/\/www.youtube.com\/watch?v=FYwO1fiYoa8&amp;t=1s\" target=\"_blank\" rel=\"noopener\">\u012apa\u0161as p\u0101rtikas formulas<\/a> Formulas sast\u0101v\u0101 eso\u0161\u0101s hel\u0101tus saturo\u0161\u0101s vielas sadala kalciju siekal\u0101s un nov\u0113r\u0161 zobakmens veido\u0161anos.<\/li>\n<\/ul>\n<p><img loading=\"lazy\" decoding=\"async\" class=\"alignnone wp-image-18129\" src=\"https:\/\/zooprekes24.lt\/wp-content\/uploads\/dental.png\" alt=\"\" width=\"280\" height=\"377\" srcset=\"https:\/\/zooprekes24.lt\/wp-content\/uploads\/dental.png 646w, https:\/\/zooprekes24.lt\/wp-content\/uploads\/dental-223x300.png 223w, https:\/\/zooprekes24.lt\/wp-content\/uploads\/dental-600x809.png 600w, https:\/\/zooprekes24.lt\/wp-content\/uploads\/dental-445x600.png 445w\" sizes=\"auto, (max-width: 280px) 100vw, 280px\" \/><\/p>","protected":false},"excerpt":{"rendered":"<p>Royal Canin Mini Dental Care &#8211; specialiai subalansuotas suaugusi\u0173, ma\u017e\u0173 veisli\u0173\u00a0 (iki 10 kg) \u0161un\u0173 sausas maistas nuo 1 met\u0173 am\u017eiaus. Pritaikytas \u0161unims turintiems jautrius dantis arba problem\u0173 su burnos higiena. Royal Canin Mini Dental Care unikali maisto formul\u0117 pasi\u017eymi specialia tekst\u016bra, kuri \u0161velniai valo apna\u0161as nuo jautri\u0173 augintinio dant\u0173. Sud\u0117tyje esantis didelis L-karnitino kiekis&#8230;<\/p>","protected":false},"featured_media":18130,"comment_status":"closed","ping_status":"closed","template":"","meta":{"_acf_changed":false,"slim_seo":{"title":"Royal Canin Mini Dental Care sausas maistas \u0161unims 1 kg - Zooprekes24","description":"Royal Canin Mini Dental Care - specialiai subalansuotas suaugusi\u0173, ma\u017e\u0173 veisli\u0173\u00a0 (iki 10 kg) \u0161un\u0173 sausas maistas nuo 1 met\u0173 am\u017eiaus. Pritaikytas \u0161unims turintie"},"iawp_total_views":92},"product_brand":[],"product_cat":[9012,9002,8999,29,31],"product_tag":[177,200],"class_list":{"0":"post-21866","1":"product","2":"type-product","3":"status-publish","4":"has-post-thumbnail","6":"product_cat-royal-canin","7":"product_cat-sausas-maistas","8":"product_cat-sunims","9":"product_cat-sunu-maistas","10":"product_cat-sunu-prekiu-gamintojai","11":"product_tag-edalas-sunims","12":"product_tag-super-premium-maistas-sunims","13":"pa_pasaro-sudetis-ryziai","14":"pa_pasaro-sudetis-vistiena","15":"pa_prekiu-zenklai-royal-canin","16":"pa_suns-amzius-suaugusiems","17":"pa_veisles-dydis-mazoms-veislems","19":"first","20":"instock","21":"taxable","22":"shipping-taxable","23":"purchasable","24":"product-type-simple"},"acf":[],"_links":{"self":[{"href":"https:\/\/zooprekes24.lt\/lv\/wp-json\/wp\/v2\/product\/21866","targetHints":{"allow":["GET"]}}],"collection":[{"href":"https:\/\/zooprekes24.lt\/lv\/wp-json\/wp\/v2\/product"}],"about":[{"href":"https:\/\/zooprekes24.lt\/lv\/wp-json\/wp\/v2\/types\/product"}],"replies":[{"embeddable":true,"href":"https:\/\/zooprekes24.lt\/lv\/wp-json\/wp\/v2\/comments?post=21866"}],"wp:featuredmedia":[{"embeddable":true,"href":"https:\/\/zooprekes24.lt\/lv\/wp-json\/wp\/v2\/media\/18130"}],"wp:attachment":[{"href":"https:\/\/zooprekes24.lt\/lv\/wp-json\/wp\/v2\/media?parent=21866"}],"wp:term":[{"taxonomy":"product_brand","embeddable":true,"href":"https:\/\/zooprekes24.lt\/lv\/wp-json\/wp\/v2\/product_brand?post=21866"},{"taxonomy":"product_cat","embeddable":true,"href":"https:\/\/zooprekes24.lt\/lv\/wp-json\/wp\/v2\/product_cat?post=21866"},{"taxonomy":"product_tag","embeddable":true,"href":"https:\/\/zooprekes24.lt\/lv\/wp-json\/wp\/v2\/product_tag?post=21866"}],"curies":[{"name":"wp","href":"https:\/\/api.w.org\/{rel}","templated":true}]}}