{"id":21863,"date":"2024-04-18T21:17:36","date_gmt":"2024-04-18T18:17:36","guid":{"rendered":"https:\/\/zooprekes24.lt\/produktas\/royal-canin-maxi-ageing-8\/"},"modified":"2026-02-27T12:11:06","modified_gmt":"2026-02-27T10:11:06","slug":"royal-canin-maxi-ageing-8","status":"publish","type":"product","link":"https:\/\/zooprekes24.lt\/lv\/produktas\/royal-canin-maxi-ageing-8\/","title":{"rendered":"Royal Canin Maxi Ageing 8+ saus\u0101 bar\u012bba su\u0146iem 15 kg"},"content":{"rendered":"<h3>Royal Canin Maxi Ageing 8+\u00a0<a href=\"https:\/\/www.royalcanin.com\/lt\/tailored-nutrition\" target=\"_blank\" rel=\"noopener\">\u012bpa\u0161i sabalans\u0113ts<\/a> Saus\u0101 bar\u012bba vec\u0101kiem lielo \u0161\u0137ir\u0146u dz\u012bvniekiem (26-44 kg) no 8 gadu vecuma. Unik\u0101l\u0101 formula pal\u012bdz c\u012bn\u012bties ar j\u016bsu m\u0101jdz\u012bvnieka noveco\u0161an\u0101s paz\u012bm\u0113m.<\/h3>\n<ul>\n<li>Royal Canin Maxi Ageing 8+ satur patent\u0113tu antioksidantu kompleksu kop\u0101 ar prebiotik\u0101m, <a href=\"https:\/\/zooprekes24.lt\/lv\/?s=maxi&amp;post_type=product\" target=\"_blank\" rel=\"noopener\">stiprina su\u0146a dabisk\u0101s aizsargsp\u0113jas <\/a>un c\u012bn\u0101s pret noveco\u0161an\u0101s paz\u012bm\u0113m, lai saglab\u0101tu su\u0146a vitalit\u0101ti un lielisku vesel\u012bbu.<\/li>\n<li>Granulu \u012bpatn\u0113j\u0101 forma un tekst\u016bra ir ne tikai gar\u0161\u012bgas, bet ar\u012b viegli ko\u0161\u013c\u0101jamas un piem\u0113rotas vec\u0101kiem su\u0146iem.<\/li>\n<li><a href=\"https:\/\/www.youtube.com\/watch?v=FYwO1fiYoa8&amp;t=1s\" target=\"_blank\" rel=\"noopener\">\u012apa\u0161s p\u0101rtikas produktu sast\u0101vs<\/a> saglab\u0101 su\u0146a ka\u017eoka skaistumu un stiprina \u0101das dabiskos aizsarg\u0101jo\u0161os procesus.<\/li>\n<li>Bar\u012bba satur \u0161\u0137iedrvielas, kas uzlabo zarnu ferment\u0101ciju un uztur labu zarnu mikrofloru.<\/li>\n<\/ul>\n<p><img loading=\"lazy\" decoding=\"async\" class=\"alignnone wp-image-17643\" src=\"https:\/\/zooprekes24.lt\/wp-content\/uploads\/bd3h-hub-german-shepherd-adult-black-and-white.jpg\" alt=\"\" width=\"350\" height=\"263\" srcset=\"https:\/\/zooprekes24.lt\/wp-content\/uploads\/bd3h-hub-german-shepherd-adult-black-and-white.jpg 1440w, https:\/\/zooprekes24.lt\/wp-content\/uploads\/bd3h-hub-german-shepherd-adult-black-and-white-300x225.jpg 300w, https:\/\/zooprekes24.lt\/wp-content\/uploads\/bd3h-hub-german-shepherd-adult-black-and-white-1024x768.jpg 1024w, https:\/\/zooprekes24.lt\/wp-content\/uploads\/bd3h-hub-german-shepherd-adult-black-and-white-600x450.jpg 600w\" sizes=\"auto, (max-width: 350px) 100vw, 350px\" \/><\/p>","protected":false},"excerpt":{"rendered":"<p>Royal Canin Maxi Ageing 8+\u00a0specialiai subalansuotas vyresnio am\u017eiaus, didelio dyd\u017eio veisli\u0173\u00a0 (nuo 26-44 kg) \u0161un\u0173 sausas maistas nuo 8 met\u0173 am\u017eiaus. Unikali maisto formul\u0117 padeda kovoti su augintinio sen\u0117jimo po\u017eymiais. Royal Canin Maxi Ageing 8+ maisto sud\u0117tyje esantis patentuotas antioksidant\u0173 kompleksas, kartu su prebiotikais, stiprina nat\u016brali\u0105 \u0161uns organizmo apsaug\u0105 bei kovoja su sen\u0117jimo po\u017eymiais tam,&#8230;<\/p>","protected":false},"featured_media":26141,"comment_status":"closed","ping_status":"closed","template":"","meta":{"_acf_changed":false,"slim_seo":{"title":"Royal Canin Maxi Ageing 8+ sausas maistas \u0161unims 15 kg - Zooprekes24","description":"Royal Canin Maxi Ageing 8+ ir \u012bpa\u0161i sabalans\u0113ta saus\u0101 bar\u012bba vec\u0101kiem lielo \u0161\u0137ir\u0146u dz\u012bvniekiem (26-44 kg) no 8 gadu vecuma. Unik\u0101l\u0101 bar\u012bbas masa"},"iawp_total_views":296},"product_brand":[],"product_cat":[9012,9002,8999,29,31],"product_tag":[176,177,200],"class_list":{"0":"post-21863","1":"product","2":"type-product","3":"status-publish","4":"has-post-thumbnail","6":"product_cat-royal-canin","7":"product_cat-sausas-maistas","8":"product_cat-sunims","9":"product_cat-sunu-maistas","10":"product_cat-sunu-prekiu-gamintojai","11":"product_tag-begrudis-sunu-maistas","12":"product_tag-edalas-sunims","13":"product_tag-super-premium-maistas-sunims","14":"pa_pasaro-sudetis-ryziai","15":"pa_pasaro-sudetis-vistiena","16":"pa_prekiu-zenklai-royal-canin","17":"pa_suns-amzius-senjorams","18":"pa_suns-amzius-suaugusiems","19":"pa_veisles-dydis-didelems-veislems","21":"first","22":"instock","23":"sale","24":"taxable","25":"shipping-taxable","26":"purchasable","27":"product-type-simple"},"acf":[],"_links":{"self":[{"href":"https:\/\/zooprekes24.lt\/lv\/wp-json\/wp\/v2\/product\/21863","targetHints":{"allow":["GET"]}}],"collection":[{"href":"https:\/\/zooprekes24.lt\/lv\/wp-json\/wp\/v2\/product"}],"about":[{"href":"https:\/\/zooprekes24.lt\/lv\/wp-json\/wp\/v2\/types\/product"}],"replies":[{"embeddable":true,"href":"https:\/\/zooprekes24.lt\/lv\/wp-json\/wp\/v2\/comments?post=21863"}],"wp:featuredmedia":[{"embeddable":true,"href":"https:\/\/zooprekes24.lt\/lv\/wp-json\/wp\/v2\/media\/26141"}],"wp:attachment":[{"href":"https:\/\/zooprekes24.lt\/lv\/wp-json\/wp\/v2\/media?parent=21863"}],"wp:term":[{"taxonomy":"product_brand","embeddable":true,"href":"https:\/\/zooprekes24.lt\/lv\/wp-json\/wp\/v2\/product_brand?post=21863"},{"taxonomy":"product_cat","embeddable":true,"href":"https:\/\/zooprekes24.lt\/lv\/wp-json\/wp\/v2\/product_cat?post=21863"},{"taxonomy":"product_tag","embeddable":true,"href":"https:\/\/zooprekes24.lt\/lv\/wp-json\/wp\/v2\/product_tag?post=21863"}],"curies":[{"name":"wp","href":"https:\/\/api.w.org\/{rel}","templated":true}]}}