{"id":21862,"date":"2024-04-18T21:17:36","date_gmt":"2024-04-18T18:17:36","guid":{"rendered":"https:\/\/zooprekes24.lt\/produktas\/royal-canin-maxi-adult-5\/"},"modified":"2026-02-27T12:10:21","modified_gmt":"2026-02-27T10:10:21","slug":"royal-canin-maxi-adult-5","status":"publish","type":"product","link":"https:\/\/zooprekes24.lt\/lv\/produktas\/royal-canin-maxi-adult-5\/","title":{"rendered":"Royal Canin Maxi Adult 5+ saus\u0101 bar\u012bba su\u0146iem 15 kg"},"content":{"rendered":"<h3>Royal Canin Maxi Adult 5+ <a href=\"https:\/\/www.royalcanin.com\/lt\/tailored-nutrition\" target=\"_blank\" rel=\"noopener\">\u012bpa\u0161i sabalans\u0113ts<\/a> Saus\u0101 bar\u012bba vec\u0101kiem lielo \u0161\u0137ir\u0146u dz\u012bvniekiem (26-44 kg) no 5 gadu vecuma. Unik\u0101lais bar\u012bbas sast\u0101vs nov\u0113r\u0161 noveco\u0161anos, uztur veselas lielo su\u0146u loc\u012btavas, nodro\u0161ina lielisku gremo\u0161anas funkciju un uztur dz\u012bvnieka dz\u012bv\u012bgumu.<\/h3>\n<ul>\n<li>Satur <a href=\"https:\/\/www.youtube.com\/watch?v=zUtWMpV4q4c\" target=\"_blank\" rel=\"noopener\">ekskluz\u012bva antioksidantu kombin\u0101cija<\/a> pal\u012bdz atbalst\u012bt vesel\u012bgu noveco\u0161anu j\u016bsu m\u0101jdz\u012bvniekam.<\/li>\n<li>Bar\u012bba satur \u0161\u0137iedrvielas, kas uzlabo zarnu ferment\u0101ciju un uztur labu zarnu mikrofloru.<\/li>\n<li>\u012apa\u0161ais <a href=\"https:\/\/zooprekes24.lt\/lv\/kategorija\/prekes-sunims\/sunu-produktu-razotaji\/royal-canin-sunims\/\" target=\"_blank\" rel=\"noopener\">Royal Canin<\/a> Maxi Adult 5+ bar\u012bbas formula kopj su\u0146a ka\u017eoka skaistumu un stiprina dabiskos aizsargprocesus.<\/li>\n<li>Formulas sast\u0101v\u0101 eso\u0161ie miner\u0101lvielas veicina \u013coti akt\u012bvu su\u0146u loc\u012btavu optim\u0101lu st\u0101vokli lielas slodzes apst\u0101k\u013cos.<\/li>\n<\/ul>\n<p><img loading=\"lazy\" decoding=\"async\" class=\"alignnone wp-image-17643\" src=\"https:\/\/zooprekes24.lt\/wp-content\/uploads\/bd3h-hub-german-shepherd-adult-black-and-white.jpg\" alt=\"\" width=\"401\" height=\"301\" srcset=\"https:\/\/zooprekes24.lt\/wp-content\/uploads\/bd3h-hub-german-shepherd-adult-black-and-white.jpg 1440w, https:\/\/zooprekes24.lt\/wp-content\/uploads\/bd3h-hub-german-shepherd-adult-black-and-white-300x225.jpg 300w, https:\/\/zooprekes24.lt\/wp-content\/uploads\/bd3h-hub-german-shepherd-adult-black-and-white-1024x768.jpg 1024w, https:\/\/zooprekes24.lt\/wp-content\/uploads\/bd3h-hub-german-shepherd-adult-black-and-white-600x450.jpg 600w\" sizes=\"auto, (max-width: 401px) 100vw, 401px\" \/><\/p>","protected":false},"excerpt":{"rendered":"<p>Royal Canin Maxi Adult 5+ specialiai subalansuotas vyresnio am\u017eiaus, didelio dyd\u017eio veisli\u0173\u00a0 (nuo 26-44 kg) \u0161un\u0173 sausas maistas nuo 5 met\u0173 am\u017eiaus. Unikali maisto sud\u0117tis stabdo sen\u0117jimo procesus, i\u0161laiko sveikus dideli\u0173 \u0161un\u0173 s\u0105narius, u\u017etikrina puiki\u0105 vir\u0161kinimo veikl\u0105 bei palaiko augintinio gyvybingum\u0105. Sud\u0117tyje esantis i\u0161skirtinis antioksidant\u0173 derinys padeda\u00a0palaikyti sveik\u0105 augintinio sen\u0117jim\u0105. Maisto sud\u0117tyje yra skaidul\u0173, kurios&#8230;<\/p>","protected":false},"featured_media":26140,"comment_status":"closed","ping_status":"closed","template":"","meta":{"_acf_changed":false,"slim_seo":{"title":"Royal Canin Maxi Adult 5+ sausas maistas \u0161unims 15 kg - Zooprekes24","description":"Royal Canin Maxi Adult 5+ specialiai subalansuotas vyresnio am\u017eiaus, didelio dyd\u017eio veisli\u0173\u00a0 (nuo 26-44 kg) \u0161un\u0173 sausas maistas nuo 5 met\u0173 am\u017eiaus. Unikali mais"},"iawp_total_views":192},"product_brand":[],"product_cat":[9012,9002,8999,29,31],"product_tag":[176,177,762,770,200],"class_list":{"0":"post-21862","1":"product","2":"type-product","3":"status-publish","4":"has-post-thumbnail","6":"product_cat-royal-canin","7":"product_cat-sausas-maistas","8":"product_cat-sunims","9":"product_cat-sunu-maistas","10":"product_cat-sunu-prekiu-gamintojai","11":"product_tag-begrudis-sunu-maistas","12":"product_tag-edalas-sunims","13":"product_tag-royal-canin-aviganiui","14":"product_tag-royal-canin-vokieciu-aviganiui","15":"product_tag-super-premium-maistas-sunims","16":"pa_pasaro-sudetis-ryziai","17":"pa_pasaro-sudetis-vistiena","18":"pa_prekiu-zenklai-royal-canin","19":"pa_suns-amzius-senjorams","20":"pa_suns-amzius-suaugusiems","21":"pa_veisles-dydis-didelems-veislems","23":"first","24":"instock","25":"sale","26":"taxable","27":"shipping-taxable","28":"purchasable","29":"product-type-simple"},"acf":[],"_links":{"self":[{"href":"https:\/\/zooprekes24.lt\/lv\/wp-json\/wp\/v2\/product\/21862","targetHints":{"allow":["GET"]}}],"collection":[{"href":"https:\/\/zooprekes24.lt\/lv\/wp-json\/wp\/v2\/product"}],"about":[{"href":"https:\/\/zooprekes24.lt\/lv\/wp-json\/wp\/v2\/types\/product"}],"replies":[{"embeddable":true,"href":"https:\/\/zooprekes24.lt\/lv\/wp-json\/wp\/v2\/comments?post=21862"}],"wp:featuredmedia":[{"embeddable":true,"href":"https:\/\/zooprekes24.lt\/lv\/wp-json\/wp\/v2\/media\/26140"}],"wp:attachment":[{"href":"https:\/\/zooprekes24.lt\/lv\/wp-json\/wp\/v2\/media?parent=21862"}],"wp:term":[{"taxonomy":"product_brand","embeddable":true,"href":"https:\/\/zooprekes24.lt\/lv\/wp-json\/wp\/v2\/product_brand?post=21862"},{"taxonomy":"product_cat","embeddable":true,"href":"https:\/\/zooprekes24.lt\/lv\/wp-json\/wp\/v2\/product_cat?post=21862"},{"taxonomy":"product_tag","embeddable":true,"href":"https:\/\/zooprekes24.lt\/lv\/wp-json\/wp\/v2\/product_tag?post=21862"}],"curies":[{"name":"wp","href":"https:\/\/api.w.org\/{rel}","templated":true}]}}