{"id":21861,"date":"2024-04-18T21:17:36","date_gmt":"2024-04-18T18:17:36","guid":{"rendered":"https:\/\/zooprekes24.lt\/produktas\/royal-canin-maxi-starter\/"},"modified":"2025-07-14T15:43:31","modified_gmt":"2025-07-14T13:43:31","slug":"royal-canin-maxi-starter","status":"publish","type":"product","link":"https:\/\/zooprekes24.lt\/lv\/produktas\/royal-canin-maxi-starter\/","title":{"rendered":"Royal Canin Maxi Starter saus\u0101 bar\u012bba su\u0146iem 15 kg"},"content":{"rendered":"<h3>Royal Canin Maxi Starter &#8211;\u00a0<a href=\"https:\/\/www.youtube.com\/watch?v=zUtWMpV4q4c\" target=\"_blank\" rel=\"noopener\">unik\u0101ls \u0113diens<\/a>, patenkinantis kal\u0117s ir jos \u0161uniuk\u0173 pirm\u0173j\u0173 penki\u0173 gyvenimo ciklo pakop\u0173 &#8211; n\u0117\u0161tumo, gimdymo, laktacijos, nujunkymo ir augimo laikotarpio mitybos poreikius. Pritaikytas didelio dyd\u017eio veisli\u0173 n\u0117\u0161\u010dioms ir \u017eindan\u010dioms kal\u0117ms (nuo 26 iki 44 kg) bei \u0161uniukams nuo 4 iki 8 savai\u010di\u0173 am\u017eiaus.<\/h3>\n<ul>\n<li>Royal Canin Maxi Starter satur \u012bpa\u0161u m\u0101tes pien\u0101 atrodamo uzturvielu kombin\u0101ciju, kas papildin\u0101ta ar \u012bpa\u0161\u0101m uzturviel\u0101m.<a href=\"https:\/\/zooprekes24.lt\/lv\/?s=puppy&amp;post_type=product\" target=\"_blank\" rel=\"noopener\"> nodro\u0161ina optim\u0101lu kuc\u0113nu gremo\u0161anas funkciju<\/a> un stiprina organisma dabisk\u0101s aizsargsp\u0113jas.<\/li>\n<li><a href=\"https:\/\/www.youtube.com\/watch?v=FYwO1fiYoa8&amp;t=1s\" target=\"_blank\" rel=\"noopener\">Unik\u0101la p\u0101rtikas formula<\/a> piel\u0101gotas kuces lielaj\u0101m ener\u0123\u0113tiskaj\u0101m vajadz\u012bb\u0101m gr\u016btniec\u012bbas un lakt\u0101cijas laik\u0101.<\/li>\n<li>Augsta ener\u0123\u0113tisk\u0101 v\u0113rt\u012bba, augstas kvalit\u0101tes olbaltumvielas un tauki bar\u012bb\u0101 pal\u012bdz kuc\u0113niem p\u0101riet no m\u0101tes piena uz cieto bar\u012bbu.<\/li>\n<li>Granulu \u012bpa\u0161o tekst\u016bru var samitrin\u0101t un m\u012bkstin\u0101t l\u012bdz putras konsistencei.<\/li>\n<\/ul>\n<p><img loading=\"lazy\" decoding=\"async\" class=\"alignnone wp-image-18096\" src=\"https:\/\/zooprekes24.lt\/wp-content\/uploads\/maxi.png\" alt=\"Royal Canin Maxi Starter\" width=\"350\" height=\"232\" srcset=\"https:\/\/zooprekes24.lt\/wp-content\/uploads\/maxi.png 963w, https:\/\/zooprekes24.lt\/wp-content\/uploads\/maxi-300x199.png 300w, https:\/\/zooprekes24.lt\/wp-content\/uploads\/maxi-600x398.png 600w\" sizes=\"auto, (max-width: 350px) 100vw, 350px\" \/><\/p>","protected":false},"excerpt":{"rendered":"<p>Royal Canin Maxi Starter &#8211;\u00a0unikalus maistas, patenkinantis kal\u0117s ir jos \u0161uniuk\u0173 pirm\u0173j\u0173 penki\u0173 gyvenimo ciklo pakop\u0173 &#8211; n\u0117\u0161tumo, gimdymo, laktacijos, nujunkymo ir augimo laikotarpio mitybos poreikius. Pritaikytas didelio dyd\u017eio veisli\u0173 n\u0117\u0161\u010dioms ir \u017eindan\u010dioms kal\u0117ms (nuo 26 iki 44 kg) bei \u0161uniukams nuo 4 iki 8 savai\u010di\u0173 am\u017eiaus. Royal Canin Maxi Starter maisto sud\u0117tyje esantis ypatingas&#8230;<\/p>","protected":false},"featured_media":18097,"comment_status":"closed","ping_status":"closed","template":"","meta":{"_acf_changed":false,"slim_seo":{"title":"Royal Canin Maxi Starter sausas maistas \u0161unims 15 kg - Zooprekes24","description":"Royal Canin Maxi Starter -\u00a0 unikalus maistas , patenkinantis kal\u0117s ir jos \u0161uniuk\u0173 pirm\u0173j\u0173 penki\u0173 gyvenimo ciklo pakop\u0173 - n\u0117\u0161tumo, gimdymo, laktacijos, nujunkymo"},"iawp_total_views":163},"product_brand":[],"product_cat":[9012,9002,8999,29,31],"product_tag":[177,200],"class_list":{"0":"post-21861","1":"product","2":"type-product","3":"status-publish","4":"has-post-thumbnail","6":"product_cat-royal-canin","7":"product_cat-sausas-maistas","8":"product_cat-sunims","9":"product_cat-sunu-maistas","10":"product_cat-sunu-prekiu-gamintojai","11":"product_tag-edalas-sunims","12":"product_tag-super-premium-maistas-sunims","13":"pa_pasaro-sudetis-ryziai","14":"pa_pasaro-sudetis-vistiena","15":"pa_prekiu-zenklai-royal-canin","16":"pa_suns-amzius-jauniems","17":"pa_suns-amzius-suaugusiems","18":"pa_veisles-dydis-didelems-veislems","20":"first","21":"instock","22":"taxable","23":"shipping-taxable","24":"purchasable","25":"product-type-simple"},"acf":[],"_links":{"self":[{"href":"https:\/\/zooprekes24.lt\/lv\/wp-json\/wp\/v2\/product\/21861","targetHints":{"allow":["GET"]}}],"collection":[{"href":"https:\/\/zooprekes24.lt\/lv\/wp-json\/wp\/v2\/product"}],"about":[{"href":"https:\/\/zooprekes24.lt\/lv\/wp-json\/wp\/v2\/types\/product"}],"replies":[{"embeddable":true,"href":"https:\/\/zooprekes24.lt\/lv\/wp-json\/wp\/v2\/comments?post=21861"}],"wp:featuredmedia":[{"embeddable":true,"href":"https:\/\/zooprekes24.lt\/lv\/wp-json\/wp\/v2\/media\/18097"}],"wp:attachment":[{"href":"https:\/\/zooprekes24.lt\/lv\/wp-json\/wp\/v2\/media?parent=21861"}],"wp:term":[{"taxonomy":"product_brand","embeddable":true,"href":"https:\/\/zooprekes24.lt\/lv\/wp-json\/wp\/v2\/product_brand?post=21861"},{"taxonomy":"product_cat","embeddable":true,"href":"https:\/\/zooprekes24.lt\/lv\/wp-json\/wp\/v2\/product_cat?post=21861"},{"taxonomy":"product_tag","embeddable":true,"href":"https:\/\/zooprekes24.lt\/lv\/wp-json\/wp\/v2\/product_tag?post=21861"}],"curies":[{"name":"wp","href":"https:\/\/api.w.org\/{rel}","templated":true}]}}