{"id":21856,"date":"2024-04-18T21:17:36","date_gmt":"2024-04-18T18:17:36","guid":{"rendered":"https:\/\/zooprekes24.lt\/produktas\/royal-canin-rottweiler-adult\/"},"modified":"2026-02-27T11:48:29","modified_gmt":"2026-02-27T09:48:29","slug":"royal-canin-rotveilers-pieaugusajiem","status":"publish","type":"product","link":"https:\/\/zooprekes24.lt\/lv\/produktas\/royal-canin-rottweiler-adult\/","title":{"rendered":"Royal Canin Rottweiler Adult saus\u0101 bar\u012bba su\u0146iem 12 kg"},"content":{"rendered":"<h3>Royal Canin Rottweiler Adult - sabalans\u0113ta saus\u0101 bar\u012bba pieaugu\u0161iem rotveileriem. Stiprina m\u0101jdz\u012bvnieka sirdi un musku\u013cus un uztur vesel\u012bgas loc\u012btavas.<\/h3>\n<ul>\n<li>Labv\u0113l\u012bg\u0101s uzturvielas - eikozapenta\u0113nsk\u0101be (EPA) un dokozaheksa\u0113nsk\u0101be (DHA) - stiprina rotveilera sirds darb\u012bbu, taur\u012bns uzlabo sirdsdarb\u012bbu, bet L-karnit\u012bns nodro\u0161ina \u0161\u016bnu baro\u0161anu ar ener\u0123iju.<\/li>\n<li><a href=\"https:\/\/www.youtube.com\/watch?v=FYwO1fiYoa8&amp;t=1s\" target=\"_blank\" rel=\"noopener\">\u012apa\u0161as formas granulas<\/a> piel\u0101gotas rotveileru \u017eok\u013ciem, mudina suni ko\u0161\u013c\u0101t.<\/li>\n<li>Royal Canin Rottweiler Adult bar\u012bbas sast\u0101v\u0101 ir palielin\u0101ts olbaltumvielu daudzums optim\u0101lai musku\u013cu masas veido\u0161anai.<\/li>\n<li>Palielin\u0101ts hondroit\u012bna un glikozam\u012bna l\u012bmenis <a href=\"https:\/\/zooprekes24.lt\/lv\/products\/canvit-chondro-maxi-500g\/\" target=\"_blank\" rel=\"noopener\">pal\u012bdz saglab\u0101t j\u016bsu m\u012blu\u013ca kust\u012bgumu un aizsarg\u0101t loc\u012btavas.<\/a><\/li>\n<\/ul>\n<p><img loading=\"lazy\" decoding=\"async\" class=\"alignnone wp-image-18062\" src=\"https:\/\/zooprekes24.lt\/wp-content\/uploads\/rottweiler-adult.png\" alt=\"\" width=\"370\" height=\"277\" srcset=\"https:\/\/zooprekes24.lt\/wp-content\/uploads\/rottweiler-adult.png 720w, https:\/\/zooprekes24.lt\/wp-content\/uploads\/rottweiler-adult-300x225.png 300w, https:\/\/zooprekes24.lt\/wp-content\/uploads\/rottweiler-adult-600x450.png 600w\" sizes=\"auto, (max-width: 370px) 100vw, 370px\" \/><\/p>","protected":false},"excerpt":{"rendered":"<p>Royal Canin Rottweiler Adult &#8211; subalansuotas sausas maistas suaugusiems rotveileriams. Stiprina augintinio \u0161ird\u012f ir raumenis, palaiko sveikus s\u0105narius. Naudingos maistin\u0117s med\u017eiagos, eikozapentaeno (EPA) ir dokozaheksaeno (DHA) r\u016bg\u0161tys stiprina rotveilerio \u0161irdies funkcijas, taurinas gerina \u0161irdies susitraukim\u0173 da\u017en\u012f, L-karnitinas apr\u016bpina l\u0105steles energija. Specialios formos granul\u0117s pritaikytos rotveileri\u0173 \u017eandikauliams skatina \u0161un\u012f kramtyti. Royal Canin Rottweiler Adult maisto sud\u0117tis&#8230;<\/p>","protected":false},"featured_media":18063,"comment_status":"closed","ping_status":"closed","template":"","meta":{"_acf_changed":false,"slim_seo":{"title":"Royal Canin Rottweiler Adult sausas maistas \u0161unims 12 kg - Zooprekes24","description":"Royal Canin Rottweiler Adult - sabalans\u0113ta saus\u0101 bar\u012bba pieaugu\u0161iem rotveileriem. Stiprina m\u0101jdz\u012bvnieka sirdi un musku\u013cus un uztur vesel\u012bgas loc\u012btavas. Noder\u012bga"},"iawp_total_views":124},"product_brand":[],"product_cat":[9012,9002,8999,29,31],"product_tag":[4057,4060,200],"class_list":{"0":"post-21856","1":"product","2":"type-product","3":"status-publish","4":"has-post-thumbnail","6":"product_cat-royal-canin","7":"product_cat-sausas-maistas","8":"product_cat-sunims","9":"product_cat-sunu-maistas","10":"product_cat-sunu-prekiu-gamintojai","11":"product_tag-maistas-rotveileriui","12":"product_tag-royal-canin-rotveileriams","13":"product_tag-super-premium-maistas-sunims","14":"pa_pasaro-sudetis-ryziai","15":"pa_pasaro-sudetis-vistiena","16":"pa_prekiu-zenklai-royal-canin","17":"pa_suns-amzius-suaugusiems","18":"pa_veisles-dydis-didelems-veislems","20":"first","21":"instock","22":"sale","23":"taxable","24":"shipping-taxable","25":"purchasable","26":"product-type-simple"},"acf":[],"_links":{"self":[{"href":"https:\/\/zooprekes24.lt\/lv\/wp-json\/wp\/v2\/product\/21856","targetHints":{"allow":["GET"]}}],"collection":[{"href":"https:\/\/zooprekes24.lt\/lv\/wp-json\/wp\/v2\/product"}],"about":[{"href":"https:\/\/zooprekes24.lt\/lv\/wp-json\/wp\/v2\/types\/product"}],"replies":[{"embeddable":true,"href":"https:\/\/zooprekes24.lt\/lv\/wp-json\/wp\/v2\/comments?post=21856"}],"wp:featuredmedia":[{"embeddable":true,"href":"https:\/\/zooprekes24.lt\/lv\/wp-json\/wp\/v2\/media\/18063"}],"wp:attachment":[{"href":"https:\/\/zooprekes24.lt\/lv\/wp-json\/wp\/v2\/media?parent=21856"}],"wp:term":[{"taxonomy":"product_brand","embeddable":true,"href":"https:\/\/zooprekes24.lt\/lv\/wp-json\/wp\/v2\/product_brand?post=21856"},{"taxonomy":"product_cat","embeddable":true,"href":"https:\/\/zooprekes24.lt\/lv\/wp-json\/wp\/v2\/product_cat?post=21856"},{"taxonomy":"product_tag","embeddable":true,"href":"https:\/\/zooprekes24.lt\/lv\/wp-json\/wp\/v2\/product_tag?post=21856"}],"curies":[{"name":"wp","href":"https:\/\/api.w.org\/{rel}","templated":true}]}}