{"id":21855,"date":"2024-04-18T21:17:36","date_gmt":"2024-04-18T18:17:36","guid":{"rendered":"https:\/\/zooprekes24.lt\/produktas\/royal-canin-poodle-adult\/"},"modified":"2026-02-27T11:43:16","modified_gmt":"2026-02-27T09:43:16","slug":"royal-canin-pudeli-pieaugusajiem","status":"publish","type":"product","link":"https:\/\/zooprekes24.lt\/lv\/produktas\/royal-canin-poodle-adult\/","title":{"rendered":"Royal Canin P\u016bde\u013cu pieaugu\u0161o saus\u0101 bar\u012bba su\u0146iem 1,5 kg"},"content":{"rendered":"<h3>Royal Canin Poodle Adult ir \u012bpa\u0161i sabalans\u0113ta saus\u0101 bar\u012bba pieaugu\u0161iem p\u016bde\u013ciem, kas vec\u0101ki par 10 m\u0113ne\u0161iem. R\u016bp\u012bgi atlas\u012btas sast\u0101vda\u013cas uztur j\u016bsu m\u012blu\u013ca spalvu skaistu un cirtainu, \u012bpa\u0161as granulas nov\u0113r\u0161 zobakmens veido\u0161anos.<\/h3>\n<ul>\n<li><a href=\"https:\/\/www.youtube.com\/watch?v=FYwO1fiYoa8&amp;t=1s\" target=\"_blank\" rel=\"noopener\">\u012apa\u0161i izstr\u0101d\u0101ta p\u0101rtikas formula<\/a> baro j\u016bsu p\u016bde\u013ca skaistos un cirtainos matus, pie\u0161\u0137irot tiem \u012bpa\u0161u sp\u012bdumu.<\/li>\n<li><a href=\"https:\/\/zooprekes24.lt\/lv\/kategorija\/prekes-sunims\/sunu-produktu-razotaji\/royal-canin-sunims\/\" target=\"_blank\" rel=\"noopener\">Royal Canin<\/a> \u012apa\u0161i izstr\u0101d\u0101tas sl\u0101\u0146ainas granulas ar kalcija kompleksoniem kav\u0113 zobakmens veido\u0161anos.<\/li>\n<li>Royal Canin Poodle Adult sast\u0101v\u0101 eso\u0161ie antioksidanti (lute\u012bns, zeaksant\u012bns, E un C vitam\u012bni) stiprina un aizsarg\u0101 j\u016bsu su\u0146a acis.<\/li>\n<li>Antioksidantu mais\u012bjums pal\u012bdz uztur\u0113t p\u016bde\u013cu kognit\u012bv\u0101s funkcijas.<\/li>\n<\/ul>\n<p><img loading=\"lazy\" decoding=\"async\" class=\"alignnone wp-image-18058\" src=\"https:\/\/zooprekes24.lt\/wp-content\/uploads\/Optimized-poodle-puppy-breed-emblematic.jpg\" alt=\"\" width=\"300\" height=\"349\" srcset=\"https:\/\/zooprekes24.lt\/wp-content\/uploads\/Optimized-poodle-puppy-breed-emblematic.jpg 774w, https:\/\/zooprekes24.lt\/wp-content\/uploads\/Optimized-poodle-puppy-breed-emblematic-258x300.jpg 258w, https:\/\/zooprekes24.lt\/wp-content\/uploads\/Optimized-poodle-puppy-breed-emblematic-600x698.jpg 600w, https:\/\/zooprekes24.lt\/wp-content\/uploads\/Optimized-poodle-puppy-breed-emblematic-516x600.jpg 516w\" sizes=\"auto, (max-width: 300px) 100vw, 300px\" \/><\/p>","protected":false},"excerpt":{"rendered":"<p>Royal Canin Poodle Adult &#8211; specialiai subalansuotas sausas \u0161un\u0173 maistas suaugusiems pudeliams, vyresniems nei 10 m\u0117nesi\u0173 am\u017eiaus. Kruop\u0161\u010diai atrinktos sudedamosios dalys palaiko gra\u017eius ir garbanotus augintinio plaukus, specialios granul\u0117s apsaugo nuo dant\u0173 akmen\u0173 formavimosi. Specialiai sukurta maisto formul\u0117 puosel\u0117ja gra\u017eius ir garbanotus pudelio plaukus, suteikiant kailiukui ypatingo \u017evilgesio. Royal Canin ypatingai pagamintos sluoksniuotos granul\u0117s su&#8230;<\/p>","protected":false},"featured_media":18059,"comment_status":"closed","ping_status":"closed","template":"","meta":{"_acf_changed":false,"slim_seo":{"title":"Royal Canin Poodle Adult sausas maistas \u0161unims 1.5 kg - Zooprekes24","description":"Royal Canin Poodle Adult ir \u012bpa\u0161i sabalans\u0113ta saus\u0101 bar\u012bba pieaugu\u0161iem p\u016bde\u013ciem, kas vec\u0101ki par 10 m\u0113ne\u0161iem. R\u016bp\u012bgi atlas\u012btas sast\u0101vda\u013cas"},"iawp_total_views":188},"product_brand":[],"product_cat":[9012,9002,8999,29,31],"product_tag":[177,4053,200],"class_list":{"0":"post-21855","1":"product","2":"type-product","3":"status-publish","4":"has-post-thumbnail","6":"product_cat-royal-canin","7":"product_cat-sausas-maistas","8":"product_cat-sunims","9":"product_cat-sunu-maistas","10":"product_cat-sunu-prekiu-gamintojai","11":"product_tag-edalas-sunims","12":"product_tag-royal-canin-pudeliui","13":"product_tag-super-premium-maistas-sunims","14":"pa_pasaro-sudetis-ryziai","15":"pa_pasaro-sudetis-vistiena","16":"pa_prekiu-zenklai-royal-canin","17":"pa_suns-amzius-suaugusiems","18":"pa_veisles-dydis-vidutinems-veislems","20":"first","21":"instock","22":"sale","23":"taxable","24":"shipping-taxable","25":"purchasable","26":"product-type-simple"},"acf":[],"_links":{"self":[{"href":"https:\/\/zooprekes24.lt\/lv\/wp-json\/wp\/v2\/product\/21855","targetHints":{"allow":["GET"]}}],"collection":[{"href":"https:\/\/zooprekes24.lt\/lv\/wp-json\/wp\/v2\/product"}],"about":[{"href":"https:\/\/zooprekes24.lt\/lv\/wp-json\/wp\/v2\/types\/product"}],"replies":[{"embeddable":true,"href":"https:\/\/zooprekes24.lt\/lv\/wp-json\/wp\/v2\/comments?post=21855"}],"wp:featuredmedia":[{"embeddable":true,"href":"https:\/\/zooprekes24.lt\/lv\/wp-json\/wp\/v2\/media\/18059"}],"wp:attachment":[{"href":"https:\/\/zooprekes24.lt\/lv\/wp-json\/wp\/v2\/media?parent=21855"}],"wp:term":[{"taxonomy":"product_brand","embeddable":true,"href":"https:\/\/zooprekes24.lt\/lv\/wp-json\/wp\/v2\/product_brand?post=21855"},{"taxonomy":"product_cat","embeddable":true,"href":"https:\/\/zooprekes24.lt\/lv\/wp-json\/wp\/v2\/product_cat?post=21855"},{"taxonomy":"product_tag","embeddable":true,"href":"https:\/\/zooprekes24.lt\/lv\/wp-json\/wp\/v2\/product_tag?post=21855"}],"curies":[{"name":"wp","href":"https:\/\/api.w.org\/{rel}","templated":true}]}}