{"id":21854,"date":"2024-04-18T21:17:36","date_gmt":"2024-04-18T18:17:36","guid":{"rendered":"https:\/\/zooprekes24.lt\/produktas\/royal-canin-shih-tzu-adult\/"},"modified":"2026-02-27T11:51:57","modified_gmt":"2026-02-27T09:51:57","slug":"royal-canin-shih-tzu-adult","status":"publish","type":"product","link":"https:\/\/zooprekes24.lt\/lv\/produktas\/royal-canin-shih-tzu-adult\/","title":{"rendered":"Royal Canin Shih Tzu pieaugu\u0161o saus\u0101 bar\u012bba su\u0146iem 1,5 kg"},"content":{"rendered":"<h3>Royal Canin Shih Tzu Adult &#8211; <a href=\"https:\/\/www.royalcanin.com\/lt\/tailored-nutrition\" target=\"_blank\" rel=\"noopener\">pilnties\u012bgs<\/a> saus\u0101 su\u0146u bar\u012bba pieaugu\u0161iem \u0161ih\u010du su\u0146iem no 10 m\u0113ne\u0161u vecuma. \u012apa\u0161s bar\u012bbas vielu komplekss pal\u012bdz uztur\u0113t vesel\u012bgu \u0101du un skaistu ka\u017eoku, k\u0101 ar\u012b nov\u0113r\u0161 zobakmens veido\u0161anos.<\/h3>\n<ul>\n<li><a href=\"https:\/\/zooprekes24.lt\/lv\/kategorija\/prekes-sunims\/sunu-produktu-razotaji\/royal-canin-sunims\/\" target=\"_blank\" rel=\"noopener\">Royal Canin<\/a> Kalcija kompleksoni un \u012bpa\u0161as granulas kav\u0113 zobakmens veido\u0161anos un uztur optim\u0101lu mutes dobuma higi\u0113nu.<\/li>\n<li>Borage e\u013c\u013cas, biot\u012bna, A vitam\u012bna un cinka kombin\u0101cija uzlabo j\u016bsu m\u012blu\u013ca ka\u017eoka dabisko skaistumu, nodro\u0161inot nepiecie\u0161amo mitruma daudzumu.<\/li>\n<li>Royal Canin Shih Tzu Adult bar\u012bba pal\u012bdz samazin\u0101t izk\u0101rn\u012bjumu daudzumu un to nepat\u012bkamo arom\u0101tu.<\/li>\n<li><a href=\"https:\/\/www.youtube.com\/watch?v=FYwO1fiYoa8&amp;t=1s\" target=\"_blank\" rel=\"noopener\">\u012apa\u0161\u0101 p\u0101rtikas produkta forma<\/a> atvieglo granulu satver\u0161anu un mudina m\u0101jdz\u012bvnieku ko\u0161\u013c\u0101t.<\/li>\n<\/ul>\n<p><img loading=\"lazy\" decoding=\"async\" class=\"alignnone wp-image-18053\" src=\"https:\/\/zooprekes24.lt\/wp-content\/uploads\/shih-tzu-adult.png\" alt=\"rc-bhn-shihtzu-serimas\" width=\"350\" height=\"263\" srcset=\"https:\/\/zooprekes24.lt\/wp-content\/uploads\/shih-tzu-adult.png 720w, https:\/\/zooprekes24.lt\/wp-content\/uploads\/shih-tzu-adult-300x225.png 300w, https:\/\/zooprekes24.lt\/wp-content\/uploads\/shih-tzu-adult-600x450.png 600w\" sizes=\"auto, (max-width: 350px) 100vw, 350px\" \/><\/p>","protected":false},"excerpt":{"rendered":"<p>Royal Canin Shih Tzu Adult &#8211; visavertis sausas \u0161un\u0173 maistas suaugusiems \u0160i Cu veisl\u0117s \u0161unims nuo 10 m\u0117nesi\u0173 am\u017eiaus. Specialus maistini\u0173 med\u017eiag\u0173 kompleksas padeda palaikyti sveik\u0105 od\u0105 ir gra\u017e\u0173 kail\u012f bei stabdo dant\u0173 akmen\u0173 formavim\u0105si. Royal Canin maisto sud\u0117tyje esantys kalcio kompleksonai ir specialios konsistencijos granul\u0117s stabdo dant\u0173 akmen\u0173 formavim\u0105si bei palaiko optimali\u0105 burnos higien\u0105&#8230;.<\/p>","protected":false},"featured_media":18054,"comment_status":"closed","ping_status":"closed","template":"","meta":{"_acf_changed":false,"slim_seo":{"title":"Royal Canin Shih Tzu Adult sausas maistas \u0161unims 1.5 kg - Zooprekes24","description":"Royal Canin Shih Tzu Adult - visavertis sausas \u0161un\u0173 maistas suaugusiems \u0160i Cu veisl\u0117s \u0161unims nuo 10 m\u0117nesi\u0173 am\u017eiaus. Specialus maistini\u0173 med\u017eiag\u0173 kompleksas pad"},"iawp_total_views":47},"product_brand":[],"product_cat":[9012,9002,8999,29,31],"product_tag":[176,177,4032,200],"class_list":{"0":"post-21854","1":"product","2":"type-product","3":"status-publish","4":"has-post-thumbnail","6":"product_cat-royal-canin","7":"product_cat-sausas-maistas","8":"product_cat-sunims","9":"product_cat-sunu-maistas","10":"product_cat-sunu-prekiu-gamintojai","11":"product_tag-begrudis-sunu-maistas","12":"product_tag-edalas-sunims","13":"product_tag-royal-canin-si-cu","14":"product_tag-super-premium-maistas-sunims","15":"pa_pasaro-sudetis-ryziai","16":"pa_pasaro-sudetis-vistiena","17":"pa_prekiu-zenklai-royal-canin","18":"pa_suns-amzius-suaugusiems","19":"pa_veisles-dydis-mazoms-veislems","21":"first","22":"instock","23":"sale","24":"taxable","25":"shipping-taxable","26":"purchasable","27":"product-type-simple"},"acf":[],"_links":{"self":[{"href":"https:\/\/zooprekes24.lt\/lv\/wp-json\/wp\/v2\/product\/21854","targetHints":{"allow":["GET"]}}],"collection":[{"href":"https:\/\/zooprekes24.lt\/lv\/wp-json\/wp\/v2\/product"}],"about":[{"href":"https:\/\/zooprekes24.lt\/lv\/wp-json\/wp\/v2\/types\/product"}],"replies":[{"embeddable":true,"href":"https:\/\/zooprekes24.lt\/lv\/wp-json\/wp\/v2\/comments?post=21854"}],"wp:featuredmedia":[{"embeddable":true,"href":"https:\/\/zooprekes24.lt\/lv\/wp-json\/wp\/v2\/media\/18054"}],"wp:attachment":[{"href":"https:\/\/zooprekes24.lt\/lv\/wp-json\/wp\/v2\/media?parent=21854"}],"wp:term":[{"taxonomy":"product_brand","embeddable":true,"href":"https:\/\/zooprekes24.lt\/lv\/wp-json\/wp\/v2\/product_brand?post=21854"},{"taxonomy":"product_cat","embeddable":true,"href":"https:\/\/zooprekes24.lt\/lv\/wp-json\/wp\/v2\/product_cat?post=21854"},{"taxonomy":"product_tag","embeddable":true,"href":"https:\/\/zooprekes24.lt\/lv\/wp-json\/wp\/v2\/product_tag?post=21854"}],"curies":[{"name":"wp","href":"https:\/\/api.w.org\/{rel}","templated":true}]}}