{"id":21852,"date":"2024-04-18T21:17:36","date_gmt":"2024-04-18T18:17:36","guid":{"rendered":"https:\/\/zooprekes24.lt\/produktas\/royal-canin-yorkshire-terrier-adult-8\/"},"modified":"2026-02-27T11:23:52","modified_gmt":"2026-02-27T09:23:52","slug":"royal-canin-jorksiras-terjers-pieaugusajiem-8","status":"publish","type":"product","link":"https:\/\/zooprekes24.lt\/lv\/produktas\/royal-canin-yorkshire-terrier-adult-8\/","title":{"rendered":"Royal Canin Jork\u0161\u012bras terjers Adult 8+ saus\u0101 bar\u012bba su\u0146iem 1,5 kg"},"content":{"rendered":"<h3>Royal Canin Jork\u0161\u012bras terjers pieaugu\u0161ajiem 8+ <a href=\"https:\/\/www.royalcanin.com\/lt\/tailored-nutrition\" target=\"_blank\" rel=\"noopener\">pilnties\u012bgs<\/a> Saus\u0101 bar\u012bba vec\u0101kiem Jork\u0161\u012bras terjeriem no 8 gadu vecuma. Pat <a href=\"https:\/\/www.youtube.com\/watch?reload=9&amp;reload=9&amp;v=FYwO1fiYoa8\" target=\"_blank\" rel=\"noopener noreferrer\">vispras\u012bg\u0101kajiem su\u0146iem<\/a> \u0112diens, kas jums pat\u012bk, pal\u012bdz saglab\u0101t skaistu ka\u017eoku, pie\u0161\u0137ir dz\u012bv\u012bgumu un nov\u0113r\u0161 zobakmens veido\u0161anos.<\/h3>\n<ul>\n<li>Sniedz ener\u0123iju.<\/li>\n<li>Helat\u0113jo\u0161ie l\u012bdzek\u013ci nov\u0113r\u0161 zobakmens veido\u0161anos.<\/li>\n<li><a href=\"https:\/\/www.royalcanin.com\/lt\/about-us\/quality-and-food-safety\" target=\"_blank\" rel=\"noopener noreferrer\">Izcilu gar\u0161u kombin\u0101cija<\/a> apmierina pat vispras\u012bg\u0101ko apet\u012bti.<\/li>\n<li>Gur\u0137u e\u013c\u013ca, tauksk\u0101bes, vitam\u012bni <a href=\"https:\/\/zooprekes24.lt\/lv\/products\/brit-care-lassi-ella\/\" target=\"_blank\" rel=\"noopener noreferrer\">Pie\u0161\u0137ir matam sp\u012bdumu un maigumu<\/a>.<\/li>\n<li>Pal\u012bdz uztur\u0113t ka\u017eoku. Optim\u0101ls s\u0113ra saturo\u0161u aminosk\u0101bju daudzums ir nepiecie\u0161ams matu kerat\u012bna sint\u0113zei.<\/li>\n<\/ul>\n<p><img loading=\"lazy\" decoding=\"async\" class=\"alignnone wp-image-26178\" src=\"https:\/\/zooprekes24.lt\/wp-content\/uploads\/yorkshire-terrier.jpg\" alt=\"Royal Canin Jork\u0161\u012bras terjera logotips\" width=\"350\" height=\"263\" srcset=\"https:\/\/zooprekes24.lt\/wp-content\/uploads\/yorkshire-terrier.jpg 640w, https:\/\/zooprekes24.lt\/wp-content\/uploads\/yorkshire-terrier-300x225.jpg 300w, https:\/\/zooprekes24.lt\/wp-content\/uploads\/yorkshire-terrier-600x450.jpg 600w, https:\/\/zooprekes24.lt\/wp-content\/uploads\/yorkshire-terrier-64x48.jpg 64w\" sizes=\"auto, (max-width: 350px) 100vw, 350px\" \/><\/p>","protected":false},"excerpt":{"rendered":"<p>Royal Canin Yorkshire Terrier Adult 8+ visavertis sausas maistas vyresnio am\u017eiaus Jork\u0161yro terjer\u0173 veisl\u0117s \u0161unims nuo 8 met\u0173. Net ir i\u0161rankiausiems \u0161unims patinkantis maistas padeda i\u0161laikyti gra\u017e\u0173 kail\u012f, suteikia gyvybingumo, stabdo dant\u0173 akmen\u0173 susidarym\u0105. Suteikia energijos. Chelatin\u0117s med\u017eiagos neleid\u017eia formuotis dant\u0173 akmenims. I\u0161skirtini\u0173 skoni\u0173 derinys patenkina net i\u0161rankiausi\u0173j\u0173 apetit\u0105. Agurkl\u0117s aliejus, riebal\u0173 r\u016bg\u0161tys, vitaminai suteikia&#8230;<\/p>","protected":false},"featured_media":18043,"comment_status":"closed","ping_status":"closed","template":"","meta":{"_acf_changed":false,"slim_seo":{"title":"Royal Canin Yorkshire Terrier Adult 8+ sausas maistas \u0161unims 1.5 kg - Zooprekes24","description":"Royal Canin Jork\u0161\u012bras terjers Adult 8+ ir pilnv\u0113rt\u012bga saus\u0101 bar\u012bba vec\u0101kiem Jork\u0161\u012bras terjeriem vecum\u0101 no 8 gadiem. Pat visizv\u0113l\u012bg\u0101kie su\u0146i var baud\u012bt augsta l\u012bme\u0146a uzturu."},"iawp_total_views":176},"product_brand":[],"product_cat":[9012,9002,8999,29,31],"product_tag":[176,177,1407,200],"class_list":{"0":"post-21852","1":"product","2":"type-product","3":"status-publish","4":"has-post-thumbnail","6":"product_cat-royal-canin","7":"product_cat-sausas-maistas","8":"product_cat-sunims","9":"product_cat-sunu-maistas","10":"product_cat-sunu-prekiu-gamintojai","11":"product_tag-begrudis-sunu-maistas","12":"product_tag-edalas-sunims","13":"product_tag-royal-canin-jorksyrams","14":"product_tag-super-premium-maistas-sunims","15":"pa_pasaro-sudetis-ryziai","16":"pa_pasaro-sudetis-vistiena","17":"pa_prekiu-zenklai-royal-canin","18":"pa_suns-amzius-senjorams","19":"pa_suns-amzius-suaugusiems","20":"pa_veisles-dydis-mazoms-veislems","22":"first","23":"instock","24":"sale","25":"taxable","26":"shipping-taxable","27":"purchasable","28":"product-type-simple"},"acf":[],"_links":{"self":[{"href":"https:\/\/zooprekes24.lt\/lv\/wp-json\/wp\/v2\/product\/21852","targetHints":{"allow":["GET"]}}],"collection":[{"href":"https:\/\/zooprekes24.lt\/lv\/wp-json\/wp\/v2\/product"}],"about":[{"href":"https:\/\/zooprekes24.lt\/lv\/wp-json\/wp\/v2\/types\/product"}],"replies":[{"embeddable":true,"href":"https:\/\/zooprekes24.lt\/lv\/wp-json\/wp\/v2\/comments?post=21852"}],"wp:featuredmedia":[{"embeddable":true,"href":"https:\/\/zooprekes24.lt\/lv\/wp-json\/wp\/v2\/media\/18043"}],"wp:attachment":[{"href":"https:\/\/zooprekes24.lt\/lv\/wp-json\/wp\/v2\/media?parent=21852"}],"wp:term":[{"taxonomy":"product_brand","embeddable":true,"href":"https:\/\/zooprekes24.lt\/lv\/wp-json\/wp\/v2\/product_brand?post=21852"},{"taxonomy":"product_cat","embeddable":true,"href":"https:\/\/zooprekes24.lt\/lv\/wp-json\/wp\/v2\/product_cat?post=21852"},{"taxonomy":"product_tag","embeddable":true,"href":"https:\/\/zooprekes24.lt\/lv\/wp-json\/wp\/v2\/product_tag?post=21852"}],"curies":[{"name":"wp","href":"https:\/\/api.w.org\/{rel}","templated":true}]}}