{"id":21850,"date":"2024-04-18T21:17:36","date_gmt":"2024-04-18T18:17:36","guid":{"rendered":"https:\/\/zooprekes24.lt\/produktas\/royal-canin-jack-russell-terrier-puppy\/"},"modified":"2026-02-27T11:10:34","modified_gmt":"2026-02-27T09:10:34","slug":"royal-canin-jack-russell-terrier-puppy","status":"publish","type":"product","link":"https:\/\/zooprekes24.lt\/lv\/produktas\/royal-canin-jack-russell-terrier-puppy\/","title":{"rendered":"Royal Canin D\u017eeka Rasela terjera kuc\u0113nu saus\u0101 bar\u012bba kuc\u0113niem 1,5 kg"},"content":{"rendered":"<h3>Royal Canin Jack Russell Terrier Puppy &#8211; <a href=\"https:\/\/www.royalcanin.com\/lt\/about-us\/quality-and-food-safety\" target=\"_blank\" rel=\"noopener\">pilnv\u0113rt\u012bga p\u0101rtika<\/a> D\u017eeka Rasela terjera kuc\u0113niem vecum\u0101 l\u012bdz 10 m\u0113ne\u0161iem. D\u017eeka Rasela terjera kuc\u0113nu ar dz\u012bv\u012bgu temperamentu aug\u0161anas periods ir \u012bss un intens\u012bvs. Sabalans\u0113ta ener\u0123ijas, olbaltumvielu, kalcija un fosfora satura kombin\u0101cija ir lieliska izv\u0113le harmoniskam dz\u012bves s\u0101kumam.<\/h3>\n<ul>\n<li>Pastiprina D\u017eeka Rasela terjera kuc\u0113nu dabisk\u0101s aizsardz\u012bbas sp\u0113jas.<\/li>\n<li>Granulas ar \u012bpa\u0161u formu, izm\u0113ru, tekst\u016bru un sast\u0101vu, kas paredz\u0113tas tikai D\u017eeka Rasela terjeru \u0161\u0137irnes su\u0146iem. <a href=\"https:\/\/zooprekes24.lt\/lv\/?s=puppy&amp;post_type=product\" target=\"_blank\" rel=\"noopener\">kuc\u0113niem<\/a>.<\/li>\n<li>Pateicoties \u012bpa\u0161i sabalans\u0113tam olbaltumvielu saturam, Royal Canin Jack Russell Terrier Puppy \u012bpa\u0161\u0101 formula pal\u012bdz uztur\u0113t j\u016bsu m\u012blu\u013ca optim\u0101lo musku\u013cu masu.<\/li>\n<li>Bar\u012bba ir bag\u0101tin\u0101ta ar gur\u0137u e\u013c\u013cu, kas mitrina kuc\u0113na \u0101du un ka\u017eoku.<\/li>\n<\/ul>\n<p><img loading=\"lazy\" decoding=\"async\" class=\"alignnone wp-image-18034\" src=\"https:\/\/zooprekes24.lt\/wp-content\/uploads\/bd78h-hub-jack-russell-terrier-adult-black-and-white.png\" alt=\"\" width=\"350\" height=\"263\" srcset=\"https:\/\/zooprekes24.lt\/wp-content\/uploads\/bd78h-hub-jack-russell-terrier-adult-black-and-white.png 1440w, https:\/\/zooprekes24.lt\/wp-content\/uploads\/bd78h-hub-jack-russell-terrier-adult-black-and-white-300x225.png 300w, https:\/\/zooprekes24.lt\/wp-content\/uploads\/bd78h-hub-jack-russell-terrier-adult-black-and-white-1024x768.png 1024w, https:\/\/zooprekes24.lt\/wp-content\/uploads\/bd78h-hub-jack-russell-terrier-adult-black-and-white-600x450.png 600w\" sizes=\"auto, (max-width: 350px) 100vw, 350px\" \/><\/p>","protected":false},"excerpt":{"rendered":"<p>Royal Canin Jack Russell Terrier Puppy &#8211; visavertis maistas D\u017eeko Raselo terjer\u0173 veisl\u0117s \u0161uniukams iki 10 m\u0117nesi\u0173 am\u017eiaus. Gyvo temperamento D\u017eeko Raselo terjer\u0173 \u0161uniuk\u0173 augimo laikotarpis yra trumpas ir intensyvus. Subalansuotos energijos, baltym\u0173, kalcio ir fosforo kiekio derinys puikus pasirinkimas harmoningai \u0161uniuko gyvenimo prad\u017eiai. Stiprina nat\u016brali\u0105 D\u017eeko Raselo terjer\u0173 \u0161uniuk\u0173 organizmo apsaug\u0105. Ypatingos formos, dyd\u017eio,&#8230;<\/p>","protected":false},"featured_media":18035,"comment_status":"closed","ping_status":"closed","template":"","meta":{"_acf_changed":false,"slim_seo":{"title":"Royal Canin Jack Russell Terrier Puppy sausas maistas \u0161uniukams 1.5 kg - Zooprekes24","description":"Royal Canin Jack Russell Terrier Puppy - visavertis maistas D\u017eeko Raselo terjer\u0173 veisl\u0117s \u0161uniukams iki 10 m\u0117nesi\u0173 am\u017eiaus. Gyvo temperamento D\u017eeko Raselo terjer"},"iawp_total_views":47},"product_brand":[],"product_cat":[9012,9002,8999,29,31],"product_tag":[176,177,3979,200],"class_list":{"0":"post-21850","1":"product","2":"type-product","3":"status-publish","4":"has-post-thumbnail","6":"product_cat-royal-canin","7":"product_cat-sausas-maistas","8":"product_cat-sunims","9":"product_cat-sunu-maistas","10":"product_cat-sunu-prekiu-gamintojai","11":"product_tag-begrudis-sunu-maistas","12":"product_tag-edalas-sunims","13":"product_tag-royal-canin-dzeko-raselo-terjerui","14":"product_tag-super-premium-maistas-sunims","15":"pa_pasaro-sudetis-ryziai","16":"pa_pasaro-sudetis-vistiena","17":"pa_prekiu-zenklai-royal-canin","18":"pa_suns-amzius-jauniems","19":"pa_veisles-dydis-mazoms-veislems","21":"first","22":"instock","23":"sale","24":"taxable","25":"shipping-taxable","26":"purchasable","27":"product-type-simple"},"acf":[],"_links":{"self":[{"href":"https:\/\/zooprekes24.lt\/lv\/wp-json\/wp\/v2\/product\/21850","targetHints":{"allow":["GET"]}}],"collection":[{"href":"https:\/\/zooprekes24.lt\/lv\/wp-json\/wp\/v2\/product"}],"about":[{"href":"https:\/\/zooprekes24.lt\/lv\/wp-json\/wp\/v2\/types\/product"}],"replies":[{"embeddable":true,"href":"https:\/\/zooprekes24.lt\/lv\/wp-json\/wp\/v2\/comments?post=21850"}],"wp:featuredmedia":[{"embeddable":true,"href":"https:\/\/zooprekes24.lt\/lv\/wp-json\/wp\/v2\/media\/18035"}],"wp:attachment":[{"href":"https:\/\/zooprekes24.lt\/lv\/wp-json\/wp\/v2\/media?parent=21850"}],"wp:term":[{"taxonomy":"product_brand","embeddable":true,"href":"https:\/\/zooprekes24.lt\/lv\/wp-json\/wp\/v2\/product_brand?post=21850"},{"taxonomy":"product_cat","embeddable":true,"href":"https:\/\/zooprekes24.lt\/lv\/wp-json\/wp\/v2\/product_cat?post=21850"},{"taxonomy":"product_tag","embeddable":true,"href":"https:\/\/zooprekes24.lt\/lv\/wp-json\/wp\/v2\/product_tag?post=21850"}],"curies":[{"name":"wp","href":"https:\/\/api.w.org\/{rel}","templated":true}]}}