{"id":21849,"date":"2024-04-18T21:17:23","date_gmt":"2024-04-18T18:17:23","guid":{"rendered":"https:\/\/zooprekes24.lt\/produktas\/royal-canin-labrador-retriever-adult\/"},"modified":"2026-02-27T11:34:11","modified_gmt":"2026-02-27T09:34:11","slug":"royal-canin-labradoras-retrivers-pieaugusajiem","status":"publish","type":"product","link":"https:\/\/zooprekes24.lt\/lv\/produktas\/royal-canin-labrador-retriever-adult\/","title":{"rendered":"Royal Canin Labrador Retriever Adult saus\u0101 bar\u012bba su\u0146iem 12 kg"},"content":{"rendered":"<h3>Royal Canin Labrador Retriever Adult - \u012bpa\u0161i sabalans\u0113ta bar\u012bba pieaugu\u0161ajiem <a href=\"https:\/\/www.youtube.com\/watch?v=FYwO1fiYoa8&amp;t=1s\" target=\"_blank\" rel=\"noopener\">Labradoru retr\u012bveriem<\/a>. Uztur ide\u0101lu \u0137erme\u0146a svaru, sp\u0113c\u012bgus kaulus un loc\u012btavas, skaistu un vesel\u012bgu ka\u017eoku un labu redzi.<\/h3>\n<ul>\n<li>Labradoriem m\u0113dz b\u016bt liekais svars, t\u0101p\u0113c \u0161\u012b \u012bpa\u0161\u0101 Royal Canin Labrador Retriever Adult formula pal\u012bdz kontrol\u0113t un uztur\u0113t su\u0146a ide\u0101lo svaru.<\/li>\n<li>\u012apa\u0161ais <a href=\"https:\/\/zooprekes24.lt\/lv\/kategorija\/prekes-sunims\/sunu-produktu-razotaji\/royal-canin-sunims\/\" target=\"_blank\" rel=\"noopener\">Royal Canin<\/a> Granulu tekst\u016bra un formula ir \u012bpa\u0161i piel\u0101gota labradoru retr\u012bveru su\u0146iem. Granulu unik\u0101l\u0101 forma pal\u012bdz samazin\u0101t bar\u012bbas uz\u0146em\u0161anu un veicina ko\u0161\u013c\u0101\u0161anu.<\/li>\n<li>Bar\u012bbas sast\u0101vs, kas ir bag\u0101ts ar bar\u012bbas viel\u0101m, veicina vesel\u012bgas \u0101das \"barjeras\" veido\u0161anos - optim\u0101lu \u0101das un ka\u017eoka vesel\u012bbu.<\/li>\n<li>Antioksidanti (lute\u012bns, zeaksant\u012bns, E un C vitam\u012bni) stiprina un aizsarg\u0101 j\u016bsu m\u012blu\u013ca acis.<\/li>\n<\/ul>\n<p><img loading=\"lazy\" decoding=\"async\" class=\"alignnone wp-image-17952\" src=\"https:\/\/zooprekes24.lt\/wp-content\/uploads\/bd1o-labrador-retriever-adult-in-black-and-white.jpg\" alt=\"\" width=\"350\" height=\"280\" srcset=\"https:\/\/zooprekes24.lt\/wp-content\/uploads\/bd1o-labrador-retriever-adult-in-black-and-white.jpg 960w, https:\/\/zooprekes24.lt\/wp-content\/uploads\/bd1o-labrador-retriever-adult-in-black-and-white-300x240.jpg 300w, https:\/\/zooprekes24.lt\/wp-content\/uploads\/bd1o-labrador-retriever-adult-in-black-and-white-600x480.jpg 600w\" sizes=\"auto, (max-width: 350px) 100vw, 350px\" \/><\/p>","protected":false},"excerpt":{"rendered":"<p>Royal Canin Labrador Retriever Adult &#8211; specialiai subalansuotas maistas suaugusiems Labradoro retriveriams. Palaiko idealu k\u016bno svori, stiprius kaulus ir s\u0105narius, gra\u017eu ir sveika kail\u012f bei ger\u0105 augintinio reg\u0117jim\u0105. Labradorai link\u0119 tur\u0117ti vir\u0161svorio, \u0161i ypatinga Royal Canin Labrador Retriever Adult maisto formul\u0117 padeda kontroliuoti ir i\u0161laikyti ideal\u0173 \u0161uns svori. Speciali Royal Canin \u0117dalo granul\u0117s tekst\u016bra ir&#8230;<\/p>","protected":false},"featured_media":18032,"comment_status":"closed","ping_status":"closed","template":"","meta":{"_acf_changed":false,"slim_seo":{"title":"Royal Canin Labrador Retriever Adult sausas maistas \u0161unims 12 kg - Zooprekes24","description":"Royal Canin Labrador Retriever Adult - \u012bpa\u0161i sabalans\u0113ta bar\u012bba pieaugu\u0161iem labradoru retr\u012bveriem. Uztur ide\u0101lu \u0137erme\u0146a svaru, sp\u0113c\u012bgus kaulus un loc\u012btavas."},"iawp_total_views":201},"product_brand":[],"product_cat":[9012,9002,8999,29,31],"product_tag":[177,3745,3748,3750,200],"class_list":{"0":"post-21849","1":"product","2":"type-product","3":"status-publish","4":"has-post-thumbnail","6":"product_cat-royal-canin","7":"product_cat-sausas-maistas","8":"product_cat-sunims","9":"product_cat-sunu-maistas","10":"product_cat-sunu-prekiu-gamintojai","11":"product_tag-edalas-sunims","12":"product_tag-maistas-labradorams","13":"product_tag-royal-canin-labradorams","14":"product_tag-royal-canin-retriveriams","15":"product_tag-super-premium-maistas-sunims","16":"pa_pasaro-sudetis-ryziai","17":"pa_pasaro-sudetis-vistiena","18":"pa_prekiu-zenklai-royal-canin","19":"pa_suns-amzius-suaugusiems","20":"pa_veisles-dydis-didelems-veislems","22":"first","23":"instock","24":"sale","25":"taxable","26":"shipping-taxable","27":"purchasable","28":"product-type-simple"},"acf":[],"_links":{"self":[{"href":"https:\/\/zooprekes24.lt\/lv\/wp-json\/wp\/v2\/product\/21849","targetHints":{"allow":["GET"]}}],"collection":[{"href":"https:\/\/zooprekes24.lt\/lv\/wp-json\/wp\/v2\/product"}],"about":[{"href":"https:\/\/zooprekes24.lt\/lv\/wp-json\/wp\/v2\/types\/product"}],"replies":[{"embeddable":true,"href":"https:\/\/zooprekes24.lt\/lv\/wp-json\/wp\/v2\/comments?post=21849"}],"wp:featuredmedia":[{"embeddable":true,"href":"https:\/\/zooprekes24.lt\/lv\/wp-json\/wp\/v2\/media\/18032"}],"wp:attachment":[{"href":"https:\/\/zooprekes24.lt\/lv\/wp-json\/wp\/v2\/media?parent=21849"}],"wp:term":[{"taxonomy":"product_brand","embeddable":true,"href":"https:\/\/zooprekes24.lt\/lv\/wp-json\/wp\/v2\/product_brand?post=21849"},{"taxonomy":"product_cat","embeddable":true,"href":"https:\/\/zooprekes24.lt\/lv\/wp-json\/wp\/v2\/product_cat?post=21849"},{"taxonomy":"product_tag","embeddable":true,"href":"https:\/\/zooprekes24.lt\/lv\/wp-json\/wp\/v2\/product_tag?post=21849"}],"curies":[{"name":"wp","href":"https:\/\/api.w.org\/{rel}","templated":true}]}}