{"id":21848,"date":"2024-04-18T21:17:23","date_gmt":"2024-04-18T18:17:23","guid":{"rendered":"https:\/\/zooprekes24.lt\/produktas\/royal-canin-golden-retriever-adult\/"},"modified":"2026-02-27T11:08:50","modified_gmt":"2026-02-27T09:08:50","slug":"royal-canin-zeltainais-retrivers-pieaugusajiem","status":"publish","type":"product","link":"https:\/\/zooprekes24.lt\/lv\/produktas\/royal-canin-golden-retriever-adult\/","title":{"rendered":"Royal Canin Golden Retriever pieaugu\u0161o saus\u0101 bar\u012bba su\u0146iem 12 kg"},"content":{"rendered":"<h3>Royal Canin Golden Retriever Adult - \u012bpa\u0161i sabalans\u0113ta bar\u012bba pieaugu\u0161ajiem <a href=\"https:\/\/youtu.be\/IYO95_F76io\" target=\"_blank\" rel=\"noopener\">zelta retr\u012bveriem<\/a>. Tas m\u012bkstina un stiprina ka\u017eoku, pal\u012bdz uztur\u0113t j\u016bsu m\u012blu\u013ca ide\u0101lo svaru un c\u012bn\u0101s pret \u0161\u016bnu noveco\u0161anos.<\/h3>\n<ul>\n<li>Gur\u0137u e\u013c\u013cas un biot\u012bns m\u012bkstina un stiprina zeltainu retr\u012bveru ka\u017eoku. S\u0113ru saturo\u0161as aminosk\u0101bes piedal\u0101s kerat\u012bna sint\u0113z\u0113 un nodro\u0161ina \u0101tr\u0101ku ka\u017eoka aug\u0161anu.<\/li>\n<li><a href=\"https:\/\/zooprekes24.lt\/lv\/kategorija\/prekes-sunims\/sunu-produktu-razotaji\/royal-canin-sunims\/\" target=\"_blank\" rel=\"noopener\">Royal Canin<\/a> Zeltainais retr\u012bveru bar\u012bba pal\u012bdz uztur\u0113t zeltaino retr\u012bveru ide\u0101lo svaru (ekskluz\u012bva formula un \u012bpa\u0161a granulu forma).<\/li>\n<li>Sp\u0113c\u012bgs antioksidantu komplekss c\u012bn\u0101s pret \u0161\u016bnu noveco\u0161anos.<\/li>\n<li>Pal\u012bdz optim\u0101lai sirds musku\u013ca darb\u012bbai.<\/li>\n<\/ul>\n<p><img loading=\"lazy\" decoding=\"async\" class=\"alignnone wp-image-18028\" src=\"https:\/\/zooprekes24.lt\/wp-content\/uploads\/bd13h-hub-golden-retriever-adult-black-and-white.jpg\" alt=\"\" width=\"370\" height=\"277\" srcset=\"https:\/\/zooprekes24.lt\/wp-content\/uploads\/bd13h-hub-golden-retriever-adult-black-and-white.jpg 1440w, https:\/\/zooprekes24.lt\/wp-content\/uploads\/bd13h-hub-golden-retriever-adult-black-and-white-300x225.jpg 300w, https:\/\/zooprekes24.lt\/wp-content\/uploads\/bd13h-hub-golden-retriever-adult-black-and-white-1024x768.jpg 1024w, https:\/\/zooprekes24.lt\/wp-content\/uploads\/bd13h-hub-golden-retriever-adult-black-and-white-600x450.jpg 600w\" sizes=\"auto, (max-width: 370px) 100vw, 370px\" \/><\/p>","protected":false},"excerpt":{"rendered":"<p>Royal Canin Golden Retriever Adult &#8211; specialiai subalansuotas maistas suaugusiems auksaspalviams retriveriams. Mink\u0161tina ir stiprina kail\u012f, padeda i\u0161laikyti ideal\u0173 augintinio svor\u012f bei kovoja su l\u0105steli\u0173 sen\u0117jimu. Sud\u0117tyje esantys agurkli\u0173 aliejai ir biotinas mink\u0161tina ir stiprina auksaspalvi\u0173 retriveri\u0173 kail\u012f. Sieros turin\u010dios amino r\u016bg\u0161tys dalyvauja keratino sintez\u0117je ir u\u017etikrina greitesni kailio augim\u0105. Royal Canin Golden Retriever \u0117dalas&#8230;<\/p>","protected":false},"featured_media":18029,"comment_status":"closed","ping_status":"closed","template":"","meta":{"_acf_changed":false,"slim_seo":{"title":"Royal Canin Golden Retriever Adult sausas maistas \u0161unims 12 kg - Zooprekes24","description":"Royal Canin Golden Retriever Adult - specialiai subalansuotas maistas suaugusiems auksaspalviams retriveriams . Mink\u0161tina ir stiprina kail\u012f, padeda i\u0161laikyti id"},"iawp_total_views":123},"product_brand":[],"product_cat":[9012,9002,8999,29,31],"product_tag":[177,3968,3958,3750,200],"class_list":{"0":"post-21848","1":"product","2":"type-product","3":"status-publish","4":"has-post-thumbnail","6":"product_cat-royal-canin","7":"product_cat-sausas-maistas","8":"product_cat-sunims","9":"product_cat-sunu-maistas","10":"product_cat-sunu-prekiu-gamintojai","11":"product_tag-edalas-sunims","12":"product_tag-royal-canin-auksaspalviams-retriveriams","13":"product_tag-royal-canin-auksaspalviui-retriveriui","14":"product_tag-royal-canin-retriveriams","15":"product_tag-super-premium-maistas-sunims","16":"pa_pasaro-sudetis-ryziai","17":"pa_pasaro-sudetis-vistiena","18":"pa_prekiu-zenklai-royal-canin","19":"pa_suns-amzius-suaugusiems","20":"pa_veisles-dydis-didelems-veislems","22":"first","23":"instock","24":"sale","25":"taxable","26":"shipping-taxable","27":"purchasable","28":"product-type-simple"},"acf":[],"_links":{"self":[{"href":"https:\/\/zooprekes24.lt\/lv\/wp-json\/wp\/v2\/product\/21848","targetHints":{"allow":["GET"]}}],"collection":[{"href":"https:\/\/zooprekes24.lt\/lv\/wp-json\/wp\/v2\/product"}],"about":[{"href":"https:\/\/zooprekes24.lt\/lv\/wp-json\/wp\/v2\/types\/product"}],"replies":[{"embeddable":true,"href":"https:\/\/zooprekes24.lt\/lv\/wp-json\/wp\/v2\/comments?post=21848"}],"wp:featuredmedia":[{"embeddable":true,"href":"https:\/\/zooprekes24.lt\/lv\/wp-json\/wp\/v2\/media\/18029"}],"wp:attachment":[{"href":"https:\/\/zooprekes24.lt\/lv\/wp-json\/wp\/v2\/media?parent=21848"}],"wp:term":[{"taxonomy":"product_brand","embeddable":true,"href":"https:\/\/zooprekes24.lt\/lv\/wp-json\/wp\/v2\/product_brand?post=21848"},{"taxonomy":"product_cat","embeddable":true,"href":"https:\/\/zooprekes24.lt\/lv\/wp-json\/wp\/v2\/product_cat?post=21848"},{"taxonomy":"product_tag","embeddable":true,"href":"https:\/\/zooprekes24.lt\/lv\/wp-json\/wp\/v2\/product_tag?post=21848"}],"curies":[{"name":"wp","href":"https:\/\/api.w.org\/{rel}","templated":true}]}}