{"id":21847,"date":"2024-04-18T21:17:23","date_gmt":"2024-04-18T18:17:23","guid":{"rendered":"https:\/\/zooprekes24.lt\/produktas\/royal-canin-german-shepherd-5\/"},"modified":"2026-02-27T11:06:24","modified_gmt":"2026-02-27T09:06:24","slug":"royal-canin-german-shepherd-5","status":"publish","type":"product","link":"https:\/\/zooprekes24.lt\/lv\/produktas\/royal-canin-german-shepherd-5\/","title":{"rendered":"Royal Canin German Shepherd 5+ saus\u0101 bar\u012bba su\u0146iem 12 kg"},"content":{"rendered":"<h3>Royal Canin German Shepherd 5+ \u012bpa\u0161i sabalans\u0113ta bar\u012bba su\u0146iem, kas vec\u0101ki par 5 gadiem <a href=\"https:\/\/www.youtube.com\/watch?v=FYwO1fiYoa8&amp;t=1s\" target=\"_blank\" rel=\"noopener\">V\u0101cu aitu su\u0146i<\/a> \u0161\u0137irnes su\u0146iem. Labi sagremojama bar\u012bba stiprina organisma aizsargsp\u0113jas, uztur optim\u0101l\u0101 st\u0101vokl\u012b su\u0146a loc\u012btavas un imunit\u0101ti, k\u0101 ar\u012b pie\u0161\u0137ir ka\u017eokam \u012bpa\u0161u sp\u012bdumu.<\/h3>\n<ul>\n<li>Ekskluz\u012bv\u0101 antioksidantu kombin\u0101cija pal\u012bdz atbalst\u012bt j\u016bsu m\u0101jdz\u012bvnieka vesel\u012bgu noveco\u0161anu.<\/li>\n<li>Bar\u012bba satur \u0161\u0137iedrvielas, kas uzlabo zarnu ferment\u0101ciju un uztur labu zarnu mikrofloru.<\/li>\n<li>\u012apa\u0161ais <a href=\"https:\/\/zooprekes24.lt\/lv\/kategorija\/prekes-sunims\/sunu-produktu-razotaji\/royal-canin-sunims\/\" target=\"_blank\" rel=\"noopener\">Royal Canin<\/a> V\u0101cu aitu su\u0146u pieaugu\u0161o bar\u012bbas formula kopj v\u0101cu aitu su\u0146u ka\u017eoka skaistumu un stiprina dabiskos aizsardz\u012bbas procesus.<\/li>\n<li>Formulas sast\u0101v\u0101 eso\u0161ie miner\u0101lvielas veicina \u013coti akt\u012bvu su\u0146u loc\u012btavu optim\u0101lu st\u0101vokli lielas slodzes apst\u0101k\u013cos.<\/li>\n<\/ul>\n<p><img loading=\"lazy\" decoding=\"async\" class=\"alignnone wp-image-18021\" src=\"https:\/\/zooprekes24.lt\/wp-content\/uploads\/german-shepherd.png\" alt=\"\" width=\"400\" height=\"300\" srcset=\"https:\/\/zooprekes24.lt\/wp-content\/uploads\/german-shepherd.png 640w, https:\/\/zooprekes24.lt\/wp-content\/uploads\/german-shepherd-300x225.png 300w, https:\/\/zooprekes24.lt\/wp-content\/uploads\/german-shepherd-600x450.png 600w\" sizes=\"auto, (max-width: 400px) 100vw, 400px\" \/><\/p>","protected":false},"excerpt":{"rendered":"<p>Royal Canin German Shepherd 5+ specialiai subalansuotas \u0161un\u0173 maistas vyresniems nei 5 met\u0173 am\u017eiaus vokie\u010di\u0173 avigani\u0173 veisl\u0117s \u0161unims. Gerai vir\u0161kinamas maistas stiprina organizmo apsaug\u0105, palaiko optimali\u0105 \u0161uns s\u0105nari\u0173 ir imuniteto b\u016bkl\u0119 bei suteikia ypatinga \u017evilges\u012f kailiui. Sud\u0117tyje esantis i\u0161skirtinis antioksidant\u0173 derinys padeda\u00a0palaikyti sveik\u0105 augintinio sen\u0117jim\u0105. Maisto sud\u0117tyje yra skaidul\u0173, kurios gerina \u017earnyno fermentacij\u0105 ir palaiko&#8230;<\/p>","protected":false},"featured_media":18026,"comment_status":"closed","ping_status":"closed","template":"","meta":{"_acf_changed":false,"slim_seo":{"title":"Royal Canin German Shepherd 5+ sausas maistas \u0161unims 12 kg - Zooprekes24","description":"Royal Canin German Shepherd 5+ specialiai subalansuotas \u0161un\u0173 maistas vyresniems nei 5 met\u0173 am\u017eiaus vokie\u010di\u0173 avigani\u0173 veisl\u0117s \u0161unims. Gerai vir\u0161kinamas maistas s"},"iawp_total_views":92},"product_brand":[],"product_cat":[9012,9002,8999,29,31],"product_tag":[177,3915,200],"class_list":{"0":"post-21847","1":"product","2":"type-product","3":"status-publish","4":"has-post-thumbnail","6":"product_cat-royal-canin","7":"product_cat-sausas-maistas","8":"product_cat-sunims","9":"product_cat-sunu-maistas","10":"product_cat-sunu-prekiu-gamintojai","11":"product_tag-edalas-sunims","12":"product_tag-maistas-spanieliams","13":"product_tag-super-premium-maistas-sunims","14":"pa_pasaro-sudetis-ryziai","15":"pa_pasaro-sudetis-vistiena","16":"pa_prekiu-zenklai-royal-canin","17":"pa_suns-amzius-senjorams","18":"pa_suns-amzius-suaugusiems","19":"pa_veisles-dydis-didelems-veislems","21":"first","22":"instock","23":"sale","24":"taxable","25":"shipping-taxable","26":"purchasable","27":"product-type-simple"},"acf":[],"_links":{"self":[{"href":"https:\/\/zooprekes24.lt\/lv\/wp-json\/wp\/v2\/product\/21847","targetHints":{"allow":["GET"]}}],"collection":[{"href":"https:\/\/zooprekes24.lt\/lv\/wp-json\/wp\/v2\/product"}],"about":[{"href":"https:\/\/zooprekes24.lt\/lv\/wp-json\/wp\/v2\/types\/product"}],"replies":[{"embeddable":true,"href":"https:\/\/zooprekes24.lt\/lv\/wp-json\/wp\/v2\/comments?post=21847"}],"wp:featuredmedia":[{"embeddable":true,"href":"https:\/\/zooprekes24.lt\/lv\/wp-json\/wp\/v2\/media\/18026"}],"wp:attachment":[{"href":"https:\/\/zooprekes24.lt\/lv\/wp-json\/wp\/v2\/media?parent=21847"}],"wp:term":[{"taxonomy":"product_brand","embeddable":true,"href":"https:\/\/zooprekes24.lt\/lv\/wp-json\/wp\/v2\/product_brand?post=21847"},{"taxonomy":"product_cat","embeddable":true,"href":"https:\/\/zooprekes24.lt\/lv\/wp-json\/wp\/v2\/product_cat?post=21847"},{"taxonomy":"product_tag","embeddable":true,"href":"https:\/\/zooprekes24.lt\/lv\/wp-json\/wp\/v2\/product_tag?post=21847"}],"curies":[{"name":"wp","href":"https:\/\/api.w.org\/{rel}","templated":true}]}}