{"id":21845,"date":"2024-04-18T21:17:23","date_gmt":"2024-04-18T18:17:23","guid":{"rendered":"https:\/\/zooprekes24.lt\/produktas\/royal-canin-german-shepherd-puppy\/"},"modified":"2026-02-27T11:01:57","modified_gmt":"2026-02-27T09:01:57","slug":"royal-canin-vacu-aitu-kucens","status":"publish","type":"product","link":"https:\/\/zooprekes24.lt\/lv\/produktas\/royal-canin-german-shepherd-puppy\/","title":{"rendered":"Royal Canin V\u0101cu aitu kuc\u0113nu saus\u0101 bar\u012bba kuc\u0113niem 12 kg"},"content":{"rendered":"<h3>Royal Canin V\u0101cu aitu kuc\u0113ns - \u012bpa\u0161i sabalans\u0113ta bar\u012bba <a href=\"https:\/\/www.youtube.com\/watch?v=FYwO1fiYoa8&amp;t\" target=\"_blank\" rel=\"noopener\">v\u0101cu aitu kuc\u0113niem<\/a> no 2 m\u0113ne\u0161u vecuma. Labi sagremojama bar\u012bba nodro\u0161ina harmonisku aug\u0161anu, stiprina kuc\u0113na loc\u012btavas un imunit\u0101ti, k\u0101 ar\u012b pie\u0161\u0137ir \u012bpa\u0161u sp\u012bdumu vi\u0146a ka\u017eokam.<\/h3>\n<ul>\n<li>Augsti sagremojamu olbaltumvielu (LIP), koncentr\u0113tas ener\u0123ijas un Acti-Flora kompleksa (probioti\u0137i un platlapu plostkoksnes) kombin\u0101cija, kas nep\u0101rslogo ku\u0146\u0123i, nodro\u0161ina maksim\u0101lu v\u0101cu aitu su\u0146u jut\u012bg\u0101s gremo\u0161anas sist\u0113mas darb\u012bbu.<\/li>\n<li><a href=\"https:\/\/zooprekes24.lt\/lv\/kategorija\/prekes-sunims\/sunu-produktu-razotaji\/royal-canin-sunims\/\" target=\"_blank\" rel=\"noopener\">Royal Canin<\/a> V\u0101cu aitu kuc\u0113nu bar\u012bba nodro\u0161ina harmonisku su\u0146a skeleta aug\u0161anu un mineraliz\u0101ciju, k\u0101 ar\u012b stiprina loc\u012btavas.<\/li>\n<li>\u012apa\u0161ais bar\u012bbas sast\u0101vs kopj v\u0101cu aitu kuc\u0113nu ka\u017eoka skaistumu un stiprina dabiskos aizsargprocesus.<\/li>\n<\/ul>\n<p><img loading=\"lazy\" decoding=\"async\" class=\"alignnone wp-image-17643\" src=\"https:\/\/zooprekes24.lt\/wp-content\/uploads\/bd3h-hub-german-shepherd-adult-black-and-white.jpg\" alt=\"\" width=\"400\" height=\"300\" srcset=\"https:\/\/zooprekes24.lt\/wp-content\/uploads\/bd3h-hub-german-shepherd-adult-black-and-white.jpg 1440w, https:\/\/zooprekes24.lt\/wp-content\/uploads\/bd3h-hub-german-shepherd-adult-black-and-white-300x225.jpg 300w, https:\/\/zooprekes24.lt\/wp-content\/uploads\/bd3h-hub-german-shepherd-adult-black-and-white-1024x768.jpg 1024w, https:\/\/zooprekes24.lt\/wp-content\/uploads\/bd3h-hub-german-shepherd-adult-black-and-white-600x450.jpg 600w\" sizes=\"auto, (max-width: 400px) 100vw, 400px\" \/><\/p>","protected":false},"excerpt":{"rendered":"<p>Royal Canin German Shepherd Puppy &#8211; specialiai subalansuotas maistas vokie\u010di\u0173 avigani\u0173 \u0161uniukams nuo 2 m\u0117nesi\u0173 am\u017eiaus. Gerai vir\u0161kinamas maistas u\u017etikrina harmoning\u0105 augim\u0105, stiprina \u0161uniuko s\u0105narius ir imunitet\u0105 bei suteikia ypatinga \u017evilges\u012f kailiui. Labai gerai vir\u0161kinam\u0173 baltym\u0173 (LIP), koncentruotos energijos ir &#8222;Acti-Flora&#8221; komplekso (probiotik\u0173 ir pla\u010dialapio gyslo\u010dio) rinkinys, kuris neapkrauna skrand\u017eio, u\u017etikrina maksimaliai ger\u0105 jautrios vokie\u010di\u0173&#8230;<\/p>","protected":false},"featured_media":18022,"comment_status":"closed","ping_status":"closed","template":"","meta":{"_acf_changed":false,"slim_seo":{"title":"Royal Canin German Shepherd Puppy sausas maistas \u0161uniukams 12 kg - Zooprekes24","description":"Royal Canin German Shepherd Puppy ir \u012bpa\u0161i sabalans\u0113ta bar\u012bba v\u0101cu aitu kuc\u0113niem no 2 m\u0113ne\u0161u vecuma. \u013boti viegli sagremojama bar\u012bba nodro\u0161ina kait\u0113jumu"},"iawp_total_views":197},"product_brand":[],"product_cat":[9012,9002,8999,29,31],"product_tag":[177,3915,770,200],"class_list":{"0":"post-21845","1":"product","2":"type-product","3":"status-publish","4":"has-post-thumbnail","6":"product_cat-royal-canin","7":"product_cat-sausas-maistas","8":"product_cat-sunims","9":"product_cat-sunu-maistas","10":"product_cat-sunu-prekiu-gamintojai","11":"product_tag-edalas-sunims","12":"product_tag-maistas-spanieliams","13":"product_tag-royal-canin-vokieciu-aviganiui","14":"product_tag-super-premium-maistas-sunims","15":"pa_pasaro-sudetis-ryziai","16":"pa_pasaro-sudetis-vistiena","17":"pa_prekiu-zenklai-royal-canin","18":"pa_suns-amzius-jauniems","19":"pa_veisles-dydis-didelems-veislems","21":"first","22":"instock","23":"sale","24":"taxable","25":"shipping-taxable","26":"purchasable","27":"product-type-simple"},"acf":[],"_links":{"self":[{"href":"https:\/\/zooprekes24.lt\/lv\/wp-json\/wp\/v2\/product\/21845","targetHints":{"allow":["GET"]}}],"collection":[{"href":"https:\/\/zooprekes24.lt\/lv\/wp-json\/wp\/v2\/product"}],"about":[{"href":"https:\/\/zooprekes24.lt\/lv\/wp-json\/wp\/v2\/types\/product"}],"replies":[{"embeddable":true,"href":"https:\/\/zooprekes24.lt\/lv\/wp-json\/wp\/v2\/comments?post=21845"}],"wp:featuredmedia":[{"embeddable":true,"href":"https:\/\/zooprekes24.lt\/lv\/wp-json\/wp\/v2\/media\/18022"}],"wp:attachment":[{"href":"https:\/\/zooprekes24.lt\/lv\/wp-json\/wp\/v2\/media?parent=21845"}],"wp:term":[{"taxonomy":"product_brand","embeddable":true,"href":"https:\/\/zooprekes24.lt\/lv\/wp-json\/wp\/v2\/product_brand?post=21845"},{"taxonomy":"product_cat","embeddable":true,"href":"https:\/\/zooprekes24.lt\/lv\/wp-json\/wp\/v2\/product_cat?post=21845"},{"taxonomy":"product_tag","embeddable":true,"href":"https:\/\/zooprekes24.lt\/lv\/wp-json\/wp\/v2\/product_tag?post=21845"}],"curies":[{"name":"wp","href":"https:\/\/api.w.org\/{rel}","templated":true}]}}