{"id":21844,"date":"2024-04-18T21:17:23","date_gmt":"2024-04-18T18:17:23","guid":{"rendered":"https:\/\/zooprekes24.lt\/produktas\/royal-canin-dachshund-puppy\/"},"modified":"2026-02-27T10:49:09","modified_gmt":"2026-02-27T08:49:09","slug":"royal-canin-dachshund-puppy","status":"publish","type":"product","link":"https:\/\/zooprekes24.lt\/lv\/produktas\/royal-canin-dachshund-puppy\/","title":{"rendered":"Royal Canin Dachshund Puppy saus\u0101 bar\u012bba kuc\u0113niem 1,5 kg"},"content":{"rendered":"<h3>Royal Canin Dachshund Puppy &#8211; subalansuotas maistas augantiems taks\u0173 veisl\u0117s \u0161uniukams iki 10 m\u0117nesi\u0173 am\u017eiaus. Speciali maisto sud\u0117tis palaiko sveik\u0105 augintinio s\u0105nari\u0173 vystym\u0105si, suteikia optimali\u0105 organizmo apsaug\u0105 bei padeda i\u0161laikyti idealu \u0161uniuko svor\u012f.<\/h3>\n<ul>\n<li>Augsts glikozam\u012bna, hondroit\u012bna, eikozapenta\u0113nisk\u0101s (EPA) un dokozaheksa\u0113nisk\u0101s (DHA) tauksk\u0101bju l\u012bmenis jau no agr\u012bna vecuma pal\u012bdz tak\u0161u kuc\u0113nu loc\u012btavu pareizai att\u012bst\u012bbai un uztur\u0113\u0161anai.<\/li>\n<li><a href=\"https:\/\/www.youtube.com\/watch?v=FYwO1fiYoa8\" target=\"_blank\" rel=\"noopener\">Unik\u0101la p\u0101rtikas formula<\/a> pal\u012bdz samazin\u0101t fek\u0101liju daudzumu un to nepat\u012bkamo smaku.<\/li>\n<li>Pal\u012bdz uztur\u0113t optim\u0101lu \u0137erme\u0146a aizsardz\u012bbu jauniem tak\u0161u kuc\u0113niem.<\/li>\n<li><a href=\"https:\/\/zooprekes24.lt\/lv\/kategorija\/prekes-sunims\/sunu-produktu-razotaji\/royal-canin-sunims\/\" target=\"_blank\" rel=\"noopener\">Royal Canin<\/a> Dachshund Puppy atbilst \u012bs\u0101 un intens\u012bv\u0101 aug\u0161anas perioda augstaj\u0101m pras\u012bb\u0101m un pal\u012bdz uztur\u0113t kuc\u0113na ide\u0101lo svaru.<\/li>\n<\/ul>\n<p><img loading=\"lazy\" decoding=\"async\" class=\"alignnone wp-image-18015\" src=\"https:\/\/zooprekes24.lt\/wp-content\/uploads\/dachshund-adult-black-and-white.png\" alt=\"taksometru pakalpojumi\" width=\"350\" height=\"263\" srcset=\"https:\/\/zooprekes24.lt\/wp-content\/uploads\/dachshund-adult-black-and-white.png 720w, https:\/\/zooprekes24.lt\/wp-content\/uploads\/dachshund-adult-black-and-white-300x225.png 300w, https:\/\/zooprekes24.lt\/wp-content\/uploads\/dachshund-adult-black-and-white-600x450.png 600w\" sizes=\"auto, (max-width: 350px) 100vw, 350px\" \/><\/p>","protected":false},"excerpt":{"rendered":"<p>Royal Canin Dachshund Puppy &#8211; subalansuotas maistas augantiems taks\u0173 veisl\u0117s \u0161uniukams iki 10 m\u0117nesi\u0173 am\u017eiaus. Speciali maisto sud\u0117tis palaiko sveik\u0105 augintinio s\u0105nari\u0173 vystym\u0105si, suteikia optimali\u0105 organizmo apsaug\u0105 bei padeda i\u0161laikyti idealu \u0161uniuko svor\u012f. Dideli gliukozamino, chondroitino bei eikozapentaeno (EPA) ir dokozaheksaeno (DHA) riebal\u0173 r\u016bg\u0161\u010di\u0173 kiekiai nuo paties ankstyviausio am\u017eiaus padeda taisyklingai vystytis ir i\u0161laikyti taks\u0173&#8230;<\/p>","protected":false},"featured_media":18016,"comment_status":"closed","ping_status":"closed","template":"","meta":{"_acf_changed":false,"slim_seo":{"title":"Royal Canin Dachshund Puppy sausas maistas \u0161uniukams 1.5 kg - Zooprekes24","description":"Royal Canin Dachshund Puppy - subalansuotas maistas augantiems taks\u0173 veisl\u0117s \u0161uniukams iki 10 m\u0117nesi\u0173 am\u017eiaus. Speciali maisto sud\u0117tis palaiko sveik\u0105 augintinio"},"iawp_total_views":157},"product_brand":[],"product_cat":[9012,9002,8999,29,31],"product_tag":[177,3915,200],"class_list":{"0":"post-21844","1":"product","2":"type-product","3":"status-publish","4":"has-post-thumbnail","6":"product_cat-royal-canin","7":"product_cat-sausas-maistas","8":"product_cat-sunims","9":"product_cat-sunu-maistas","10":"product_cat-sunu-prekiu-gamintojai","11":"product_tag-edalas-sunims","12":"product_tag-maistas-spanieliams","13":"product_tag-super-premium-maistas-sunims","14":"pa_pasaro-sudetis-ryziai","15":"pa_pasaro-sudetis-vistiena","16":"pa_prekiu-zenklai-royal-canin","17":"pa_suns-amzius-jauniems","18":"pa_veisles-dydis-mazoms-veislems","20":"first","21":"instock","22":"sale","23":"taxable","24":"shipping-taxable","25":"purchasable","26":"product-type-simple"},"acf":[],"_links":{"self":[{"href":"https:\/\/zooprekes24.lt\/lv\/wp-json\/wp\/v2\/product\/21844","targetHints":{"allow":["GET"]}}],"collection":[{"href":"https:\/\/zooprekes24.lt\/lv\/wp-json\/wp\/v2\/product"}],"about":[{"href":"https:\/\/zooprekes24.lt\/lv\/wp-json\/wp\/v2\/types\/product"}],"replies":[{"embeddable":true,"href":"https:\/\/zooprekes24.lt\/lv\/wp-json\/wp\/v2\/comments?post=21844"}],"wp:featuredmedia":[{"embeddable":true,"href":"https:\/\/zooprekes24.lt\/lv\/wp-json\/wp\/v2\/media\/18016"}],"wp:attachment":[{"href":"https:\/\/zooprekes24.lt\/lv\/wp-json\/wp\/v2\/media?parent=21844"}],"wp:term":[{"taxonomy":"product_brand","embeddable":true,"href":"https:\/\/zooprekes24.lt\/lv\/wp-json\/wp\/v2\/product_brand?post=21844"},{"taxonomy":"product_cat","embeddable":true,"href":"https:\/\/zooprekes24.lt\/lv\/wp-json\/wp\/v2\/product_cat?post=21844"},{"taxonomy":"product_tag","embeddable":true,"href":"https:\/\/zooprekes24.lt\/lv\/wp-json\/wp\/v2\/product_tag?post=21844"}],"curies":[{"name":"wp","href":"https:\/\/api.w.org\/{rel}","templated":true}]}}