{"id":21843,"date":"2024-04-18T21:17:23","date_gmt":"2024-04-18T18:17:23","guid":{"rendered":"https:\/\/zooprekes24.lt\/produktas\/royal-canin-cocker-adult\/"},"modified":"2026-02-25T15:36:59","modified_gmt":"2026-02-25T13:36:59","slug":"royal-canin-cocker-adult","status":"publish","type":"product","link":"https:\/\/zooprekes24.lt\/lv\/produktas\/royal-canin-cocker-adult\/","title":{"rendered":"Royal Canin Cocker Adult saus\u0101 bar\u012bba su\u0146iem 3 kg"},"content":{"rendered":"<h3>Royal Canin Cocker Adult &#8211; <a href=\"https:\/\/www.youtube.com\/watch?v=FYwO1fiYoa8\" target=\"_blank\" rel=\"noopener\">\u012bpa\u0161s \u0113diens<\/a> \u012bpa\u0161i izstr\u0101d\u0101ta pieaugu\u0161iem kokerspanieliem no 1 gada vecuma. Tas pal\u012bdz uztur\u0113t vesel\u012bgu \u0101du un sp\u012bd\u012bgu ka\u017eoku, optim\u0101lu \u0137erme\u0146a formu un sp\u0113c\u012bgu redzi.<\/h3>\n<ul>\n<li>Eikozapenta\u0113nsk\u0101be (EPA) un dokozaheksa\u0113nsk\u0101be (DHA) stiprina \u0101das aizsargsp\u0113jas un nomierina iekaisu\u0161as \u0101das un ausu kairin\u0101jumu sausuma vai blaugznu gad\u012bjum\u0101. \u0112dien\u0101 eso\u0161\u0101 gur\u0137u e\u013c\u013ca un biot\u012bns izce\u013c sp\u012bd\u012bga apmatojuma dabisko skaistumu.<\/li>\n<li><a href=\"https:\/\/zooprekes24.lt\/lv\/kategorija\/prekes-sunims\/sunu-produktu-razotaji\/royal-canin-sunims\/\" target=\"_blank\" rel=\"noopener\">Royal Canin<\/a> Cocker Adult \u012bpa\u0161\u0101 formula pal\u012bdz uztur\u0113t ang\u013cu un amerik\u0101\u0146u kokerspanielu ide\u0101lo \u0137erme\u0146a svaru.<\/li>\n<li>Antioksidanti (lute\u012bns, zeaksant\u012bns, E un C vitam\u012bni) aizsarg\u0101 un stiprina j\u016bsu m\u012blu\u013ca acis un redzi.<\/li>\n<\/ul>\n<p><img loading=\"lazy\" decoding=\"async\" class=\"alignnone wp-image-18012\" src=\"https:\/\/zooprekes24.lt\/wp-content\/uploads\/cocker-spaniel.png\" alt=\"\" width=\"400\" height=\"300\" srcset=\"https:\/\/zooprekes24.lt\/wp-content\/uploads\/cocker-spaniel.png 720w, https:\/\/zooprekes24.lt\/wp-content\/uploads\/cocker-spaniel-300x225.png 300w, https:\/\/zooprekes24.lt\/wp-content\/uploads\/cocker-spaniel-600x450.png 600w\" sizes=\"auto, (max-width: 400px) 100vw, 400px\" \/><\/p>","protected":false},"excerpt":{"rendered":"<p>Royal Canin Cocker Adult &#8211; ypatingas maistas specialiai sukurtas suaugusiems kokerspanieliams nuo 1 met\u0173 am\u017eiaus. Padeda i\u0161laikyti sveik\u0105 augintinio od\u0105 ir \u017evilgant\u012f kail\u012f, optimali\u0105 k\u016bno form\u0105 bei stipr\u0173 reg\u0117jim\u0105. Eikozapentaeno (EPA) ir dokozaheksaeno (DHA) r\u016bg\u0161tys stiprina apsaugines odos savybes bei esant sausumui ar pleiskanojimui ramina sudirgusi\u0105 od\u0105 ir ausis. Maisto sud\u0117tyje esantis agurkl\u0117s aliejus ir&#8230;<\/p>","protected":false},"featured_media":18013,"comment_status":"closed","ping_status":"closed","template":"","meta":{"_acf_changed":false,"slim_seo":{"title":"Royal Canin Cocker Adult sausas maistas \u0161unims 3 kg - Zooprekes24","description":"Royal Canin Cocker Adult - ypatingas maistas specialiai sukurtas suaugusiems kokerspanieliams nuo 1 met\u0173 am\u017eiaus. Padeda i\u0161laikyti sveik\u0105 augintinio od\u0105 ir \u017evil"},"iawp_total_views":96},"product_brand":[],"product_cat":[9012,9002,8999,29,31],"product_tag":[177,3915,3922,200],"class_list":{"0":"post-21843","1":"product","2":"type-product","3":"status-publish","4":"has-post-thumbnail","6":"product_cat-royal-canin","7":"product_cat-sausas-maistas","8":"product_cat-sunims","9":"product_cat-sunu-maistas","10":"product_cat-sunu-prekiu-gamintojai","11":"product_tag-edalas-sunims","12":"product_tag-maistas-spanieliams","13":"product_tag-royal-canin-spanieliams","14":"product_tag-super-premium-maistas-sunims","15":"pa_pasaro-sudetis-ryziai","16":"pa_pasaro-sudetis-vistiena","17":"pa_prekiu-zenklai-royal-canin","18":"pa_suns-amzius-suaugusiems","19":"pa_veisles-dydis-vidutinems-veislems","21":"first","22":"instock","23":"sale","24":"taxable","25":"shipping-taxable","26":"purchasable","27":"product-type-simple"},"acf":[],"_links":{"self":[{"href":"https:\/\/zooprekes24.lt\/lv\/wp-json\/wp\/v2\/product\/21843","targetHints":{"allow":["GET"]}}],"collection":[{"href":"https:\/\/zooprekes24.lt\/lv\/wp-json\/wp\/v2\/product"}],"about":[{"href":"https:\/\/zooprekes24.lt\/lv\/wp-json\/wp\/v2\/types\/product"}],"replies":[{"embeddable":true,"href":"https:\/\/zooprekes24.lt\/lv\/wp-json\/wp\/v2\/comments?post=21843"}],"wp:featuredmedia":[{"embeddable":true,"href":"https:\/\/zooprekes24.lt\/lv\/wp-json\/wp\/v2\/media\/18013"}],"wp:attachment":[{"href":"https:\/\/zooprekes24.lt\/lv\/wp-json\/wp\/v2\/media?parent=21843"}],"wp:term":[{"taxonomy":"product_brand","embeddable":true,"href":"https:\/\/zooprekes24.lt\/lv\/wp-json\/wp\/v2\/product_brand?post=21843"},{"taxonomy":"product_cat","embeddable":true,"href":"https:\/\/zooprekes24.lt\/lv\/wp-json\/wp\/v2\/product_cat?post=21843"},{"taxonomy":"product_tag","embeddable":true,"href":"https:\/\/zooprekes24.lt\/lv\/wp-json\/wp\/v2\/product_tag?post=21843"}],"curies":[{"name":"wp","href":"https:\/\/api.w.org\/{rel}","templated":true}]}}