{"id":21840,"date":"2024-04-18T21:17:23","date_gmt":"2024-04-18T18:17:23","guid":{"rendered":"https:\/\/zooprekes24.lt\/produktas\/royal-canin-bulldog-adult-12kg\/"},"modified":"2026-02-25T15:10:10","modified_gmt":"2026-02-25T13:10:10","slug":"royal-canin-buldogs-pieaugusajiem-12kg","status":"publish","type":"product","link":"https:\/\/zooprekes24.lt\/lv\/produktas\/royal-canin-bulldog-adult-12kg\/","title":{"rendered":"Royal Canin Bulldog Adult saus\u0101 bar\u012bba su\u0146iem 12 kg"},"content":{"rendered":"<h3>Royal Canin Bulldog Adult ir \u012bpa\u0161i sabalans\u0113ta pieaugu\u0161iem ang\u013cu buldogiem no 1 gada vecuma. <a href=\"https:\/\/www.royalcanin.com\/lt\/dogs\/health-and-wellbeing\" target=\"_blank\" rel=\"noopener\">Uzlabo gremo\u0161anas funkciju<\/a>, veicina m\u0101jdz\u012bvnieka ka\u017eoka kvalit\u0101ti un nodro\u0161ina optim\u0101lu vesel\u012bgu kaulu un loc\u012btavu st\u0101vokli.<\/h3>\n<ul>\n<li>Smar\u017eu samazin\u0101\u0161ana. LIP sast\u0101v\u0101 eso\u0161ie viegli sagremojamie prote\u012bni, pietiekams daudzums \u0161\u0137iedrvielu un augstas kvalit\u0101tes og\u013chidr\u0101tu samazina fek\u0101liju smaku un g\u0101zu uzkr\u0101\u0161anos un uzlabo m\u0101jdz\u012bvnieka gremo\u0161anas darb\u012bbu.<\/li>\n<li>Jut\u012bga \u0101da. Nostiprina \u0101das barjeras aizsargsp\u0113jas (patent\u0113ts komplekss) un saglab\u0101 buldogu ka\u017eoka dabisko skaistumu.<\/li>\n<li><a href=\"https:\/\/zooprekes24.lt\/lv\/kategorija\/prekes-sunims\/sunu-produktu-razotaji\/royal-canin-sunims\/\" target=\"_blank\" rel=\"noopener\">Royal Canin<\/a> Bulldog Adult bar\u012bba ir bag\u0101tin\u0101ta ar eikozapenta\u0113nsk\u0101bi (EPA) un dokozaheksa\u0113nsk\u0101bi (DHA). \u012apa\u0161a formula, kas pal\u012bdz uztur\u0113t vesel\u012bgus su\u0146a kaulus un loc\u012btavas.<\/li>\n<li>Unik\u0101las granulas, kuras buldogiem ir viegl\u0101k satvert un, pateicoties to unik\u0101lajai formai, mudina suni \u0113\u0161anas laik\u0101 ko\u0161\u013c\u0101t vair\u0101k rei\u017eu.<\/li>\n<\/ul>\n<p><img loading=\"lazy\" decoding=\"async\" class=\"alignnone wp-image-18003\" src=\"https:\/\/zooprekes24.lt\/wp-content\/uploads\/buldogas.png\" alt=\"\" width=\"380\" height=\"253\" srcset=\"https:\/\/zooprekes24.lt\/wp-content\/uploads\/buldogas.png 720w, https:\/\/zooprekes24.lt\/wp-content\/uploads\/buldogas-300x200.png 300w, https:\/\/zooprekes24.lt\/wp-content\/uploads\/buldogas-600x400.png 600w\" sizes=\"auto, (max-width: 380px) 100vw, 380px\" \/><\/p>","protected":false},"excerpt":{"rendered":"<p>Royal Canin Bulldog Adult specialiai subalansuotas suaugusiems Angl\u0173 buldogams nuo 1 met\u0173 am\u017eiaus. Gerina vir\u0161kinimo veikl\u0105, puosel\u0117ja augintinio kailio kokyb\u0119 bei u\u017etikrina optimali\u0105 sveik\u0173 kaul\u0173 ir s\u0105nari\u0173 b\u016bkle. Kvapo suma\u017einimas. Labai gerai vir\u0161kinami LIP baltymai, atitinkamas skaidul\u0173 kiekis ir labai kokybi\u0161ki angliavandeni\u0173 \u0161altiniai suma\u017eina fekalij\u0173 kvap\u0105 ir duj\u0173 kaupim\u0105si bei gerina augintinio vir\u0161kinimo veikl\u0105. Jautri&#8230;<\/p>","protected":false},"featured_media":18004,"comment_status":"closed","ping_status":"closed","template":"","meta":{"_acf_changed":false,"slim_seo":{"title":"Royal Canin Bulldog Adult sausas maistas \u0161unims 12 kg - Zooprekes24","description":"Royal Canin Bulldog Adult specialiai subalansuotas suaugusiems Angl\u0173 buldogams nuo 1 met\u0173 am\u017eiaus. Gerina vir\u0161kinimo veikl\u0105 , puosel\u0117ja augintinio kailio kokyb\u0119"},"iawp_total_views":114},"product_brand":[],"product_cat":[9012,9002,8999,29,31],"product_tag":[3882,177,3885,3887,200],"class_list":{"0":"post-21840","1":"product","2":"type-product","3":"status-publish","4":"has-post-thumbnail","6":"product_cat-royal-canin","7":"product_cat-sausas-maistas","8":"product_cat-sunims","9":"product_cat-sunu-maistas","10":"product_cat-sunu-prekiu-gamintojai","11":"product_tag-edalas-buldogams","12":"product_tag-edalas-sunims","13":"product_tag-maistas-buldogams","14":"product_tag-royal-canin-buldogams","15":"product_tag-super-premium-maistas-sunims","16":"pa_pasaro-sudetis-ryziai","17":"pa_pasaro-sudetis-vistiena","18":"pa_prekiu-zenklai-royal-canin","19":"pa_suns-amzius-suaugusiems","20":"pa_veisles-dydis-mazoms-veislems","21":"pa_veisles-dydis-vidutinems-veislems","23":"first","24":"instock","25":"sale","26":"taxable","27":"shipping-taxable","28":"purchasable","29":"product-type-simple"},"acf":[],"_links":{"self":[{"href":"https:\/\/zooprekes24.lt\/lv\/wp-json\/wp\/v2\/product\/21840","targetHints":{"allow":["GET"]}}],"collection":[{"href":"https:\/\/zooprekes24.lt\/lv\/wp-json\/wp\/v2\/product"}],"about":[{"href":"https:\/\/zooprekes24.lt\/lv\/wp-json\/wp\/v2\/types\/product"}],"replies":[{"embeddable":true,"href":"https:\/\/zooprekes24.lt\/lv\/wp-json\/wp\/v2\/comments?post=21840"}],"wp:featuredmedia":[{"embeddable":true,"href":"https:\/\/zooprekes24.lt\/lv\/wp-json\/wp\/v2\/media\/18004"}],"wp:attachment":[{"href":"https:\/\/zooprekes24.lt\/lv\/wp-json\/wp\/v2\/media?parent=21840"}],"wp:term":[{"taxonomy":"product_brand","embeddable":true,"href":"https:\/\/zooprekes24.lt\/lv\/wp-json\/wp\/v2\/product_brand?post=21840"},{"taxonomy":"product_cat","embeddable":true,"href":"https:\/\/zooprekes24.lt\/lv\/wp-json\/wp\/v2\/product_cat?post=21840"},{"taxonomy":"product_tag","embeddable":true,"href":"https:\/\/zooprekes24.lt\/lv\/wp-json\/wp\/v2\/product_tag?post=21840"}],"curies":[{"name":"wp","href":"https:\/\/api.w.org\/{rel}","templated":true}]}}