{"id":21827,"date":"2024-04-18T21:17:12","date_gmt":"2024-04-18T18:17:12","guid":{"rendered":"https:\/\/zooprekes24.lt\/produktas\/brit-jerky-duck-protein-bar\/"},"modified":"2024-07-04T14:38:04","modified_gmt":"2024-07-04T11:38:04","slug":"britu-zavetas-piles-proteina-batonins","status":"publish","type":"product","link":"https:\/\/zooprekes24.lt\/lv\/produktas\/brit-jerky-duck-protein-bar\/","title":{"rendered":"Brit Jerky Duck &amp; Chicken Protein Bar gardumi su\u0146iem 80 g"},"content":{"rendered":"<h3>Brit Jerky Duck &amp; Chicken Protein Bar ir maigs p\u012bles un vistas ga\u013cas k\u0101rums visiem pieaugu\u0161ajiem su\u0146iem. Ga\u013cas na\u0161\u0137i ir lab\u0101kais veids, k\u0101 apm\u0101c\u012bt su\u0146a paklaus\u012bbu un stimul\u0113t vi\u0146a dabiskos instinktus.<\/h3>\n<ul>\n<li><a href=\"https:\/\/www.youtube.com\/watch?v=1r2gs5bxQJg\" target=\"_blank\" rel=\"noopener\">Nesatur kvie\u0161us, lipekli, \u0122MO un cukuru<\/a>.<\/li>\n<li>85% p\u012ble un vistas ga\u013ca ir lielisks olbaltumvielu avots.<\/li>\n<li>Tikai dab\u012bgi antioksidanti - rozmar\u012bna ekstrakts.<\/li>\n<li><a href=\"https:\/\/zooprekes24.lt\/lv\/kategorija\/prekes-sunims\/sunu-degustatori\/minksti-kramtalai-sunims\/\" target=\"_blank\" rel=\"noopener\">Lieliski piem\u0113rots apm\u0101c\u012bbai<\/a>par balvu vai gar\u0161\u012bgu na\u0161\u0137i.<\/li>\n<li>Bag\u0101tin\u0101ts ar olu \u010daumalu membr\u0101n\u0101m, lai uztur\u0113tu optim\u0101lu j\u016bsu m\u012blu\u013ca loc\u012btavu vesel\u012bbu.<\/li>\n<\/ul>","protected":false},"excerpt":{"rendered":"<p>Brit Jerky Duck &amp; Chicken Protein Bar &#8211; \u0161veln\u016bs antienos ir vi\u0161tienos skan\u0117stai, skirti visiems suaugusiems \u0161unims. M\u0117sos skan\u0117stai &#8211; tai geriausia priemon\u0117 \u0161uns paklusnumui lavinti ir jo nat\u016braliems instinktams skatinti. Be kvie\u010di\u0173, glitimo, GMO ir cukraus. 85% antienos ir vi\u0161tienos &#8211; puikus baltym\u0173 \u0161altinis. Tik nat\u016bral\u016bs antioksidantai &#8211; rozmarin\u0173 ekstraktas. Tobulai tinka treniravimui, atlygiui&#8230;<\/p>","protected":false},"featured_media":28015,"comment_status":"closed","ping_status":"closed","template":"","meta":{"_acf_changed":false,"slim_seo":{"title":"Brit Jerky Duck & Chicken Protein Bar skan\u0117stai \u0161unims 80 g - Zooprekes24","description":"Brit Jerky Duck &amp; Chicken Protein Bar - \u0161veln\u016bs antienos ir vi\u0161tienos skan\u0117stai, skirti visiems suaugusiems \u0161unims. M\u0117sos skan\u0117stai - tai geriausia priemon\u0117"},"iawp_total_views":158},"product_brand":[],"product_cat":[9029,9030,9010,8999,31,30],"product_tag":[604,871,3776,376,385],"class_list":{"0":"post-21827","1":"product","2":"type-product","3":"status-publish","4":"has-post-thumbnail","6":"product_cat-brit-care","7":"product_cat-minksti-kramtalai","8":"product_cat-naturalus-skanestai","9":"product_cat-sunims","10":"product_cat-sunu-prekiu-gamintojai","11":"product_cat-sunu-skanestai","12":"product_tag-antienos-skanestai-suniui","13":"product_tag-brit-skanestai-suniui","14":"product_tag-dziovinta-antiena-suniui","15":"product_tag-kaulai-suniui","16":"product_tag-skanestas-suns-dresiravimui","17":"pa_pasaro-sudetis-antiena","18":"pa_pasaro-sudetis-kiausiniai","19":"pa_pasaro-sudetis-vistiena","20":"pa_prekiu-zenklai-brit-care","21":"pa_suns-amzius-senjorams","22":"pa_suns-amzius-suaugusiems","23":"pa_veisles-dydis-didelems-veislems","24":"pa_veisles-dydis-mazoms-veislems","25":"pa_veisles-dydis-vidutinems-veislems","26":"pa_veisles-dydis-visu-dydziu-veislems","28":"first","29":"instock","30":"featured","31":"taxable","32":"shipping-taxable","33":"purchasable","34":"product-type-simple"},"acf":[],"_links":{"self":[{"href":"https:\/\/zooprekes24.lt\/lv\/wp-json\/wp\/v2\/product\/21827","targetHints":{"allow":["GET"]}}],"collection":[{"href":"https:\/\/zooprekes24.lt\/lv\/wp-json\/wp\/v2\/product"}],"about":[{"href":"https:\/\/zooprekes24.lt\/lv\/wp-json\/wp\/v2\/types\/product"}],"replies":[{"embeddable":true,"href":"https:\/\/zooprekes24.lt\/lv\/wp-json\/wp\/v2\/comments?post=21827"}],"wp:featuredmedia":[{"embeddable":true,"href":"https:\/\/zooprekes24.lt\/lv\/wp-json\/wp\/v2\/media\/28015"}],"wp:attachment":[{"href":"https:\/\/zooprekes24.lt\/lv\/wp-json\/wp\/v2\/media?parent=21827"}],"wp:term":[{"taxonomy":"product_brand","embeddable":true,"href":"https:\/\/zooprekes24.lt\/lv\/wp-json\/wp\/v2\/product_brand?post=21827"},{"taxonomy":"product_cat","embeddable":true,"href":"https:\/\/zooprekes24.lt\/lv\/wp-json\/wp\/v2\/product_cat?post=21827"},{"taxonomy":"product_tag","embeddable":true,"href":"https:\/\/zooprekes24.lt\/lv\/wp-json\/wp\/v2\/product_tag?post=21827"}],"curies":[{"name":"wp","href":"https:\/\/api.w.org\/{rel}","templated":true}]}}