{"id":21826,"date":"2024-04-18T21:17:12","date_gmt":"2024-04-18T18:17:12","guid":{"rendered":"https:\/\/zooprekes24.lt\/produktas\/brit-jerky-beef-real-fillets\/"},"modified":"2024-07-04T14:52:19","modified_gmt":"2024-07-04T11:52:19","slug":"britu-zavetas-liellopu-galas-ista-fileja","status":"publish","type":"product","link":"https:\/\/zooprekes24.lt\/lv\/produktas\/brit-jerky-beef-real-fillets\/","title":{"rendered":"Brit Jerky liellopa un vistas fileju na\u0161\u0137i su\u0146iem 80 g"},"content":{"rendered":"<h3>Brit Jerky Beef &amp; Chicken Fillets - maigi liellopa un vistas ga\u013cas na\u0161\u0137i visiem pieaugu\u0161ajiem su\u0146iem. Ga\u013cas na\u0161\u0137i ir lab\u0101kais veids, k\u0101 apm\u0101c\u012bt su\u0146a paklaus\u012bbu un stimul\u0113t vi\u0146a dabiskos instinktus.<\/h3>\n<ul>\n<li><a href=\"https:\/\/www.youtube.com\/watch?v=1r2gs5bxQJg\" target=\"_blank\" rel=\"noopener\">Nesatur kvie\u0161us, lipekli, \u0122MO un cukuru<\/a>.<\/li>\n<li>85% Vistas ga\u013ca un liellopu ga\u013ca ir lielisks olbaltumvielu avots.<\/li>\n<li>Tikai dab\u012bgi antioksidanti - rozmar\u012bna ekstrakts.<\/li>\n<li><a href=\"https:\/\/zooprekes24.lt\/lv\/kategorija\/prekes-sunims\/sunu-degustatori\/minksti-kramtalai-sunims\/\" target=\"_blank\" rel=\"noopener\">Lieliski piem\u0113rots apm\u0101c\u012bbai<\/a>par balvu vai gar\u0161\u012bgu na\u0161\u0137i.<\/li>\n<\/ul>","protected":false},"excerpt":{"rendered":"<p>Brit Jerky Beef &amp; Chicken Fillets &#8211; \u0161veln\u016bs jautienos ir vi\u0161tienos skan\u0117stai, skirti visiems suaugusiems \u0161unims. M\u0117sos skan\u0117stai &#8211; tai geriausia priemon\u0117 \u0161uns paklusnumui lavinti ir jo nat\u016braliems instinktams skatinti. Be kvie\u010di\u0173, glitimo, GMO ir cukraus. 85% vi\u0161tienos ir jautienos \u2013 puikus baltym\u0173 \u0161altinis. Tik nat\u016bral\u016bs antioksidantai &#8211; rozmarin\u0173 ekstraktas. Tobulai tinka treniravimui, atlygiui arba&#8230;<\/p>","protected":false},"featured_media":28013,"comment_status":"closed","ping_status":"closed","template":"","meta":{"_acf_changed":false,"slim_seo":{"title":"Brit Jerky Beef & Chicken Fillets skan\u0117stai \u0161unims 80 g - Zooprekes24","description":"Brit Jerky Beef &amp; Chicken Fillets - \u0161veln\u016bs jautienos ir vi\u0161tienos skan\u0117stai, skirti visiems suaugusiems \u0161unims. M\u0117sos skan\u0117stai - tai geriausia priemon\u0117 \u0161u"},"iawp_total_views":91},"product_brand":[],"product_cat":[9029,9030,9010,8999,31,30],"product_tag":[604,620,376,385],"class_list":{"0":"post-21826","1":"product","2":"type-product","3":"status-publish","4":"has-post-thumbnail","6":"product_cat-brit-care","7":"product_cat-minksti-kramtalai","8":"product_cat-naturalus-skanestai","9":"product_cat-sunims","10":"product_cat-sunu-prekiu-gamintojai","11":"product_cat-sunu-skanestai","12":"product_tag-antienos-skanestai-suniui","13":"product_tag-dziovinta-jautiena-suniui","14":"product_tag-kaulai-suniui","15":"product_tag-skanestas-suns-dresiravimui","16":"pa_pasaro-sudetis-jautiena","17":"pa_pasaro-sudetis-vistiena","18":"pa_prekiu-zenklai-brit-care","19":"pa_suns-amzius-senjorams","20":"pa_suns-amzius-suaugusiems","21":"pa_veisles-dydis-didelems-veislems","22":"pa_veisles-dydis-mazoms-veislems","23":"pa_veisles-dydis-vidutinems-veislems","24":"pa_veisles-dydis-visu-dydziu-veislems","26":"first","27":"instock","28":"featured","29":"taxable","30":"shipping-taxable","31":"purchasable","32":"product-type-simple"},"acf":[],"_links":{"self":[{"href":"https:\/\/zooprekes24.lt\/lv\/wp-json\/wp\/v2\/product\/21826","targetHints":{"allow":["GET"]}}],"collection":[{"href":"https:\/\/zooprekes24.lt\/lv\/wp-json\/wp\/v2\/product"}],"about":[{"href":"https:\/\/zooprekes24.lt\/lv\/wp-json\/wp\/v2\/types\/product"}],"replies":[{"embeddable":true,"href":"https:\/\/zooprekes24.lt\/lv\/wp-json\/wp\/v2\/comments?post=21826"}],"wp:featuredmedia":[{"embeddable":true,"href":"https:\/\/zooprekes24.lt\/lv\/wp-json\/wp\/v2\/media\/28013"}],"wp:attachment":[{"href":"https:\/\/zooprekes24.lt\/lv\/wp-json\/wp\/v2\/media?parent=21826"}],"wp:term":[{"taxonomy":"product_brand","embeddable":true,"href":"https:\/\/zooprekes24.lt\/lv\/wp-json\/wp\/v2\/product_brand?post=21826"},{"taxonomy":"product_cat","embeddable":true,"href":"https:\/\/zooprekes24.lt\/lv\/wp-json\/wp\/v2\/product_cat?post=21826"},{"taxonomy":"product_tag","embeddable":true,"href":"https:\/\/zooprekes24.lt\/lv\/wp-json\/wp\/v2\/product_tag?post=21826"}],"curies":[{"name":"wp","href":"https:\/\/api.w.org\/{rel}","templated":true}]}}