{"id":21825,"date":"2024-04-18T21:17:12","date_gmt":"2024-04-18T18:17:12","guid":{"rendered":"https:\/\/zooprekes24.lt\/produktas\/royal-canin-labrador-retriever-adult-5\/"},"modified":"2026-02-27T11:39:50","modified_gmt":"2026-02-27T09:39:50","slug":"royal-canin-labradoras-retrivers-pieaugusajiem-5","status":"publish","type":"product","link":"https:\/\/zooprekes24.lt\/lv\/produktas\/royal-canin-labrador-retriever-adult-5\/","title":{"rendered":"Royal Canin Labrador Retriever Adult 5+ saus\u0101 bar\u012bba su\u0146iem 12 kg"},"content":{"rendered":"<h3>Royal Canin Labrador Retriever Adult 5+ lietots <a href=\"https:\/\/www.royalcanin.com\/lt\/about-us\/quality-and-food-safety\" target=\"_blank\" rel=\"noopener noreferrer\">ekskluz\u012bva ra\u017eo\u0161anas formula<\/a>kur\u0101 izmantoti augst\u0101k\u0101s kvalit\u0101tes olbaltumvielu avoti un sabalans\u0113tas \u0161\u0137iedrvielas, lai pal\u012bdz\u0113tu saglab\u0101t j\u016bsu m\u012blu\u013ca ide\u0101lo \u0137erme\u0146a svaru, stiprus kaulus un loc\u012btavas, skaistu un vesel\u012bgu ka\u017eoku un labu redzi.<\/h3>\n<ul>\n<li>Granulu lielums, forma un tekst\u016bra ir piel\u0101gota nobriedu\u0161am labradora retr\u012bvierim. Granulas var m\u012bkstin\u0101t ar siltu \u016bdeni, lai atvieglotu \u0113\u0161anu.<\/li>\n<li>Labradora retr\u012bverim k\u013c\u016bstot vec\u0101kam, samazin\u0101s vi\u0146a aktivit\u0101te. \u0160\u012b \u012bpa\u0161\u0101 formula pal\u012bdz uztur\u0113t pieaugu\u0161a labradora retr\u012bvera ide\u0101lo svaru ar piel\u0101gotu tauku un kaloriju daudzumu. Formula pal\u012bdz ar\u012b uztur\u0113t optim\u0101lu musku\u013cu masu ar piel\u0101gotu olbaltumvielu un L-karnit\u012bna saturu.<\/li>\n<li>Royal Canin Labrador Retriever Adult 5+ <a href=\"https:\/\/www.youtube.com\/watch?v=FYwO1fiYoa8&amp;t=1s\" target=\"_blank\" rel=\"noopener\">bar\u012bba<\/a> <a href=\"https:\/\/zooprekes24.lt\/lv\/kategorija\/prekes-sunims\/sunu-produktu-razotaji\/royal-canin-sunims\/\" target=\"_blank\" rel=\"noopener\">bag\u0101ti ar bar\u012bbas viel\u0101m<\/a>tostarp kolag\u0113nu, EPR un DHA, kas pal\u012bdz uztur\u0113t optim\u0101lu skrim\u0161\u013cu, loc\u012btavu un kaulu st\u0101vokli noveco\u0161an\u0101s proces\u0101.<\/li>\n<\/ul>\n<p><img loading=\"lazy\" decoding=\"async\" class=\"alignnone wp-image-17952\" src=\"https:\/\/zooprekes24.lt\/wp-content\/uploads\/bd1o-labrador-retriever-adult-in-black-and-white.jpg\" alt=\"\" width=\"360\" height=\"288\" srcset=\"https:\/\/zooprekes24.lt\/wp-content\/uploads\/bd1o-labrador-retriever-adult-in-black-and-white.jpg 960w, https:\/\/zooprekes24.lt\/wp-content\/uploads\/bd1o-labrador-retriever-adult-in-black-and-white-300x240.jpg 300w, https:\/\/zooprekes24.lt\/wp-content\/uploads\/bd1o-labrador-retriever-adult-in-black-and-white-600x480.jpg 600w\" sizes=\"auto, (max-width: 360px) 100vw, 360px\" \/><\/p>","protected":false},"excerpt":{"rendered":"<p>Royal Canin Labrador Retriever Adult 5+ naudojama i\u0161skirtin\u0117 gamybos formul\u0117, kurioje naudojami auk\u0161\u010diausios kokyb\u0117s baltym\u0173 ir subalansuot\u0173 maistini\u0173 skaidul\u0173 \u0161altiniai, kurie padeda i\u0161laikyti ideal\u0173 augintinio k\u016bno svor\u012f, stiprius kaulus ir s\u0105narius, gra\u017e\u0173 ir sveik\u0105 kail\u012f bei stipr\u0173 reg\u0117jim\u0105. Granuli\u0173 dydis, forma ir tekst\u016bra pritaikyta subrendusiam Labradoro retriveriui. Granules galima sumink\u0161tinti \u0161iltu vandeniu, kuris palengvina valgym\u0105&#8230;.<\/p>","protected":false},"featured_media":17953,"comment_status":"closed","ping_status":"closed","template":"","meta":{"_acf_changed":false,"slim_seo":{"title":"Royal Canin Labrador Retriever Adult 5+ sausas maistas \u0161unims 12 kg - Zooprekes24","description":"Royal Canin Labrador Retriever Adult 5+ izmanto ekskluz\u012bvu ra\u017eo\u0161anas formulu ar augst\u0101k\u0101s kvalit\u0101tes olbaltumviel\u0101m un sabalans\u0113tu \u0161\u0137iedrvielu."},"iawp_total_views":112},"product_brand":[],"product_cat":[9012,9002,8999,29,31],"product_tag":[177,200],"class_list":{"0":"post-21825","1":"product","2":"type-product","3":"status-publish","4":"has-post-thumbnail","6":"product_cat-royal-canin","7":"product_cat-sausas-maistas","8":"product_cat-sunims","9":"product_cat-sunu-maistas","10":"product_cat-sunu-prekiu-gamintojai","11":"product_tag-edalas-sunims","12":"product_tag-super-premium-maistas-sunims","13":"pa_pasaro-sudetis-ryziai","14":"pa_pasaro-sudetis-vistiena","15":"pa_prekiu-zenklai-royal-canin","16":"pa_suns-amzius-suaugusiems","17":"pa_veisles-dydis-didelems-veislems","19":"first","20":"instock","21":"sale","22":"featured","23":"taxable","24":"shipping-taxable","25":"purchasable","26":"product-type-simple"},"acf":[],"_links":{"self":[{"href":"https:\/\/zooprekes24.lt\/lv\/wp-json\/wp\/v2\/product\/21825","targetHints":{"allow":["GET"]}}],"collection":[{"href":"https:\/\/zooprekes24.lt\/lv\/wp-json\/wp\/v2\/product"}],"about":[{"href":"https:\/\/zooprekes24.lt\/lv\/wp-json\/wp\/v2\/types\/product"}],"replies":[{"embeddable":true,"href":"https:\/\/zooprekes24.lt\/lv\/wp-json\/wp\/v2\/comments?post=21825"}],"wp:featuredmedia":[{"embeddable":true,"href":"https:\/\/zooprekes24.lt\/lv\/wp-json\/wp\/v2\/media\/17953"}],"wp:attachment":[{"href":"https:\/\/zooprekes24.lt\/lv\/wp-json\/wp\/v2\/media?parent=21825"}],"wp:term":[{"taxonomy":"product_brand","embeddable":true,"href":"https:\/\/zooprekes24.lt\/lv\/wp-json\/wp\/v2\/product_brand?post=21825"},{"taxonomy":"product_cat","embeddable":true,"href":"https:\/\/zooprekes24.lt\/lv\/wp-json\/wp\/v2\/product_cat?post=21825"},{"taxonomy":"product_tag","embeddable":true,"href":"https:\/\/zooprekes24.lt\/lv\/wp-json\/wp\/v2\/product_tag?post=21825"}],"curies":[{"name":"wp","href":"https:\/\/api.w.org\/{rel}","templated":true}]}}