{"id":21824,"date":"2024-04-18T21:17:12","date_gmt":"2024-04-18T18:17:12","guid":{"rendered":"https:\/\/zooprekes24.lt\/produktas\/orijen-fit-trim-cat-sausas-maistas-katems\/"},"modified":"2026-03-31T16:02:53","modified_gmt":"2026-03-31T14:02:53","slug":"orijen-fit-trim-cat-sausa-kaku-bariba","status":"publish","type":"product","link":"https:\/\/zooprekes24.lt\/lv\/produktas\/orijen-fit-trim-cat-sausas-maistas-katems\/","title":{"rendered":"Orijen Fit &amp; Trim sausas maistas kat\u0117ms"},"content":{"rendered":"<h3>Orijen Fit &amp; Trim saus\u0101 ka\u0137u bar\u012bba satur br\u012bv\u0101s tur\u0113\u0161anas apst\u0101k\u013cos audz\u0113tu vistu un t\u012btaru ga\u013cu no pr\u0113riju ferm\u0101m, Atlantijas oke\u0101na plekstu un si\u013c\u0137es, kas nozvejotas Zieme\u013cvankuveras salas aukstajos \u016bde\u0146os, un olas, kas d\u0113tas pr\u0113riju fermu ligzd\u0101s. Viss tiek pieg\u0101d\u0101ts svaigs, lai saglab\u0101tu <a href=\"https:\/\/orijen.ca\/en-CA\/orijen-about-fresh_regional_ingredients.html\" target=\"_blank\" rel=\"noopener\">WholePrey\u2122<\/a> j\u0113dziens (kop\u0113j\u0101 laup\u012bjuma).<\/h3>\n<p>Ka\u0137i ir tikai un vien\u012bgi ga\u013c\u0113d\u0101ji, un tiem nav biolo\u0123iskas vajadz\u012bbas p\u0113c og\u013chidr\u0101tiem, ta\u010du parast\u0101 ka\u0137u bar\u012bba satur lielu daudzumu og\u013chidr\u0101tu ar augstu glik\u0113misko indeksu (kartupe\u013ci, tapioka), kas bie\u017ei tiek uzskat\u012bti par aptauko\u0161an\u0101s un diab\u0113ta c\u0113loni. \u0160\u012b Orijen Fit &amp; Trim formula ir izstr\u0101d\u0101ta tikai ka\u0137iem ar lieko svaru vai noslieci uz aptauko\u0161anos. T\u0101 satur sast\u0101vda\u013cas ar augstu olbaltumvielu saturu un zemu tauku un og\u013chidr\u0101tu saturu, lai pal\u012bdz\u0113tu atjaunot vai uztur\u0113t optim\u0101lu j\u016bsu m\u012blu\u013ca svaru. Biolo\u0123iski audz\u0113ti j\u016bras d\u0101rze\u0146i un augu ekstrakti, tostarp kadi\u0137u ogas, lavandas ziedi, saul\u0113 kalt\u0113tas lucernas un piparm\u0113tras lapas, uzlabo ka\u0137a vielmai\u0146u un toniz\u0113 gremo\u0161anas traktu. Orijen Fit &amp; Trim saus\u0101 ka\u0137u bar\u012bba satur <a href=\"https:\/\/zooprekes24.lt\/lv\/kategorija\/prekes-katems\/pilu-produktu-razotaji\/orijen-katems\/\" target=\"_blank\" rel=\"noopener\">daudz svaigas ga\u013cas<\/a>, iek\u0161\u0113jos org\u0101nus un kaulus, lai j\u016bsu m\u0101jdz\u012bvnieks dabisk\u0101 veid\u0101 sa\u0146emtu tam nepiecie\u0161am\u0101s uzturvielas un miner\u0101lvielas. Izgatavots godalgot\u0101s virtuv\u0113s no lab\u0101kaj\u0101m un svaig\u0101kaj\u0101m sast\u0101vda\u013c\u0101m, <a href=\"https:\/\/orijen.ca\/en-CA\/orijen-about-biologically_appropriate.html\" target=\"_blank\" rel=\"noopener\">Biolo\u0123iski piem\u0113rots\u2122<\/a> (Biolo\u0123iski atbilsto\u0161a) formula garant\u0113 vesel\u012bgu un laim\u012bgu ka\u0137i.<\/p>","protected":false},"excerpt":{"rendered":"<p>Orijen Fit &amp; Trim sauso maisto kat\u0117ms\u00a0sud\u0117tyje laisvai u\u017eauginta vi\u0161tienos ir kalakutienos m\u0117sa i\u0161 prerij\u0173 \u016bki\u0173, \u0161altuose \u0160iaur\u0117s Vankuverio salos vandenyse su\u017evejota Atlanto plek\u0161n\u0117 ir silk\u0117 bei prerijos \u016bki\u0173 lizduose pad\u0117ti kiau\u0161iniai. Viskas pristatoma \u0161vie\u017eia laikantis WholePrey\u2122 (viso grobio) koncepcijos. Kat\u0117s yra i\u0161skirtinai m\u0117s\u0117d\u0117s ir neturi biologinio poreikio gauti angliavandeni\u0173, ta\u010diau \u012fprastiniuose ka\u010di\u0173 pa\u0161aruose yra&#8230;<\/p>","protected":false},"featured_media":17944,"comment_status":"closed","ping_status":"closed","template":"","meta":{"_acf_changed":false,"slim_seo":{"title":"Orijen Fit &amp; Trim sausas maistas kat\u0117ms - Zooprekes24","description":"Orijen Fit &amp; Trim saus\u0101 ka\u0137u bar\u012bba satur br\u012bv\u0101s tur\u0113\u0161anas apst\u0101k\u013cos audz\u0113tu vistas un t\u012btara ga\u013cu, kas ieg\u016bta no Zieme\u013cvankuveras salas aukstajos \u016bde\u0146os eso\u0161\u0101m pr\u0113riju ferm\u0101m."},"iawp_total_views":193},"product_brand":[],"product_cat":[9027,72,83,25,9028,9016],"product_tag":[1671,1817,1675,1682,2329,1696],"class_list":{"0":"post-21824","1":"product","2":"type-product","3":"status-publish","4":"has-post-thumbnail","6":"product_cat-begrudis-maistas-kaciu-maistas","7":"product_cat-kaciu-maistas","8":"product_cat-kaciu-prekiu-gamintojai","9":"product_cat-katems","10":"product_cat-orijen-kaciu-prekiu-gamintojai","11":"product_cat-sausas-maistas-kaciu-maistas","12":"product_tag-begrudis-kaciu-maistas","13":"product_tag-edalas-katems","14":"product_tag-kaciu-edalas","15":"product_tag-kaciu-maistas-super-premium-klases","16":"product_tag-sausas-maistas-storai-katei","17":"product_tag-super-premium-maistas-katems","18":"pa_pasaro-sudetis-darzoves","19":"pa_pasaro-sudetis-kalakutiena","20":"pa_pasaro-sudetis-kiausiniai","21":"pa_pasaro-sudetis-uogos","22":"pa_pasaro-sudetis-vaisiai","23":"pa_pasaro-sudetis-vistiena","24":"pa_pasaro-sudetis-zuvis","25":"pa_prekiu-zenklai-orijen","27":"first","28":"instock","29":"featured","30":"taxable","31":"shipping-taxable","32":"purchasable","33":"product-type-variable"},"acf":[],"_links":{"self":[{"href":"https:\/\/zooprekes24.lt\/lv\/wp-json\/wp\/v2\/product\/21824","targetHints":{"allow":["GET"]}}],"collection":[{"href":"https:\/\/zooprekes24.lt\/lv\/wp-json\/wp\/v2\/product"}],"about":[{"href":"https:\/\/zooprekes24.lt\/lv\/wp-json\/wp\/v2\/types\/product"}],"replies":[{"embeddable":true,"href":"https:\/\/zooprekes24.lt\/lv\/wp-json\/wp\/v2\/comments?post=21824"}],"wp:featuredmedia":[{"embeddable":true,"href":"https:\/\/zooprekes24.lt\/lv\/wp-json\/wp\/v2\/media\/17944"}],"wp:attachment":[{"href":"https:\/\/zooprekes24.lt\/lv\/wp-json\/wp\/v2\/media?parent=21824"}],"wp:term":[{"taxonomy":"product_brand","embeddable":true,"href":"https:\/\/zooprekes24.lt\/lv\/wp-json\/wp\/v2\/product_brand?post=21824"},{"taxonomy":"product_cat","embeddable":true,"href":"https:\/\/zooprekes24.lt\/lv\/wp-json\/wp\/v2\/product_cat?post=21824"},{"taxonomy":"product_tag","embeddable":true,"href":"https:\/\/zooprekes24.lt\/lv\/wp-json\/wp\/v2\/product_tag?post=21824"}],"curies":[{"name":"wp","href":"https:\/\/api.w.org\/{rel}","templated":true}]}}